{"id":380,"date":"2023-01-06T10:52:45","date_gmt":"2023-01-06T07:52:45","guid":{"rendered":"https:\/\/ugdelektronikatik.com\/?page_id=380"},"modified":"2023-01-06T12:28:27","modified_gmt":"2023-01-06T09:28:27","slug":"tehlikeli-atik-tasimaciligi","status":"publish","type":"page","link":"https:\/\/ugdelektronikatik.com\/index.php\/tehlikeli-atik-tasimaciligi\/","title":{"rendered":"Tehlikeli At\u0131k Ta\u015f\u0131mac\u0131l\u0131\u011f\u0131"},"content":{"rendered":"\n\t<section class=\"section\" id=\"section_398777102\">\n\t\t<div class=\"section-bg fill\" >\n\t\t\t\t\t\t\t\t\t\n\t\t\t\n\n\t\t<\/div>\n\n\t\t\n\n\t\t<div class=\"section-content relative\">\n\t\t\t\n<div class=\"row\"  id=\"row-736874576\">\n\n\t<div id=\"col-364560488\" class=\"col small-12 large-12\"  >\n\t\t\t\t<div class=\"col-inner\"  >\n\t\t\t\n\t\t\t\n\n  <div class=\"banner has-hover\" id=\"banner-1102152935\">\n          <div class=\"banner-inner fill\">\n        <div class=\"banner-bg fill\" >\n            <img loading=\"lazy\" decoding=\"async\" width=\"600\" height=\"300\" src=\"https:\/\/ugdelektronikatik.com\/wp-content\/uploads\/2023\/01\/WhatsApp-Image-2023-01-05-at-16.01.35.jpeg\" class=\"bg attachment-original size-original\" alt=\"\" \/>                                    \n                    <\/div>\n\t\t\n        <div class=\"banner-layers container\">\n            <div class=\"fill banner-link\"><\/div>            \n        <\/div>\n      <\/div>\n\n            \n<style>\n#banner-1102152935 {\n  padding-top: 18%;\n}\n#banner-1102152935 .banner-bg img {\n  object-position: 0% 58%;\n}\n<\/style>\n  <\/div>\n\n\n\t\t<\/div>\n\t\t\t\t\t<\/div>\n\n\t\n<\/div>\n\t\t<\/div>\n\n\t\t\n<style>\n#section_398777102 {\n  padding-top: 30px;\n  padding-bottom: 30px;\n}\n<\/style>\n\t<\/section>\n\t\n\n\t<section class=\"section\" id=\"section_667718929\">\n\t\t<div class=\"section-bg fill\" >\n\t\t\t\t\t\t\t\t\t\n\t\t\t\n\n\t\t<\/div>\n\n\t\t\n\n\t\t<div class=\"section-content relative\">\n\t\t\t\n<div class=\"row align-middle align-center\"  id=\"row-818728121\">\n\n\t<div id=\"col-190905436\" class=\"col medium-6 small-12 large-6\"  >\n\t\t\t\t<div class=\"col-inner\"  >\n\t\t\t\n\t\t\t\n\n  <div class=\"banner has-hover\" id=\"banner-1249046811\">\n          <div class=\"banner-inner fill\">\n        <div class=\"banner-bg fill\" >\n            <img loading=\"lazy\" decoding=\"async\" width=\"1020\" height=\"592\" src=\"https:\/\/ugdelektronikatik.com\/wp-content\/uploads\/2023\/01\/Katmerciler_ADR-Tanker-Muayene-Istasyonu_1-e1626297704325-2048x1188-1-1024x594.jpg\" class=\"bg attachment-large size-large\" alt=\"\" \/>                                    \n                    <\/div>\n\t\t\n        <div class=\"banner-layers container\">\n            <div class=\"fill banner-link\"><\/div>            \n   <div id=\"text-box-1045726256\" class=\"text-box banner-layer x50 md-x50 lg-x50 y50 md-y50 lg-y50 res-text\">\n                                <div class=\"text-box-content text dark\">\n              \n              <div class=\"text-inner text-center\">\n                  \n              <\/div>\n           <\/div>\n                            \n<style>\n#text-box-1045726256 {\n  width: 60%;\n}\n#text-box-1045726256 .text-box-content {\n  font-size: 100%;\n}\n<\/style>\n    <\/div>\n \n        <\/div>\n      <\/div>\n\n            \n<style>\n#banner-1249046811 {\n  padding-top: 270px;\n}\n<\/style>\n  <\/div>\n\n\n\t\t<\/div>\n\t\t\t\t\t<\/div>\n\n\t\n\n\t<div id=\"col-901476889\" class=\"col medium-6 small-12 large-6\"  >\n\t\t\t\t<div class=\"col-inner\"  >\n\t\t\t\n\t\t\t\n<p><strong><span style=\"color: #00a859;\">Neler Yap\u0131yoruz<\/span><\/strong><\/p>\n<h2>Hizmetlerimiz<\/h2>\n<p><span style=\"font-weight: 400;\">Tehlikeli at\u0131\u011f\u0131 olu\u015fan fabrikalar\u0131n izlemesi gereken yol, at\u0131\u011f\u0131n fabrikada s\u0131zd\u0131rmaz \u00f6zelli\u011fe sahip depoda biriktirmesi ve tehlikeli at\u0131k ta\u015f\u0131ma arac\u0131 ile sevkini sa\u011flay\u0131p akabinde bertaraf tesisinden at\u0131k imha raporunu al\u0131ncaya kadar takip etme zorunlulu\u011fu vard\u0131r. Firmalar bu s\u00fcreci ECBS \u00fczerinden g\u00f6ndermi\u015f oldu\u011fu tehlikeli at\u0131\u011f\u0131n takibini yapmakla y\u00fck\u00fcml\u00fcd\u00fcr.<\/span><\/p>\n\t\t<\/div>\n\t\t\t\t\t<\/div>\n\n\t\n<\/div>\n<div class=\"row align-middle align-center\"  id=\"row-507590384\">\n\n\t<div id=\"col-1154334974\" class=\"col medium-6 small-12 large-6\"  >\n\t\t\t\t<div class=\"col-inner\"  >\n\t\t\t\n\t\t\t\n<p><strong><span style=\"color: #00a859;\">\u00d6zel tehlikeli at\u0131k arac\u0131 ile ta\u015f\u0131ma yapmak<br \/>\n<\/span><\/strong><\/p>\n<h2>Neden Zorunludur?<\/p>\n<\/h2>\n<p><span style=\"font-weight: 400;\">Lisanl\u0131 tehlikeli at\u0131k ara\u00e7lar\u0131m\u0131z \u00f6zel donan\u0131mlara sahiptir. Tehlikeli at\u0131klar ta\u015f\u0131n\u0131rken \u00e7evreye zarar vermeyecek \u015fekilde dizayn edilmi\u015f olup \u00e7evre ve \u015fehircilik bakanl\u0131\u011f\u0131ndan onayl\u0131 ve lisansl\u0131 olarak ta\u015f\u0131ma yapmaktad\u0131r. Y\u00f6netmeli\u011fe g\u00f6re Tehlikeli at\u0131klar\u0131n lisansl\u0131 ara\u00e7la nakliye yapmas\u0131 zorunludur. Normal nakliye ara\u00e7lar\u0131yla tehlikeli at\u0131k ta\u015f\u0131nmas\u0131na izin verilmemektedir.<br \/>\n<\/span><\/p>\n\t\t<\/div>\n\t\t\t\t\t<\/div>\n\n\t\n\n\t<div id=\"col-85776096\" class=\"col medium-6 small-12 large-6\"  >\n\t\t\t\t<div class=\"col-inner\"  >\n\t\t\t\n\t\t\t\n\n  <div class=\"banner has-hover\" id=\"banner-419835008\">\n          <div class=\"banner-inner fill\">\n        <div class=\"banner-bg fill\" >\n            <img loading=\"lazy\" decoding=\"async\" width=\"1020\" height=\"574\" src=\"https:\/\/ugdelektronikatik.com\/wp-content\/uploads\/2023\/01\/20190405_110051-1024x576.jpg\" class=\"bg attachment-large size-large\" alt=\"\" \/>                                    \n                    <\/div>\n\t\t\n        <div class=\"banner-layers container\">\n            <div class=\"fill banner-link\"><\/div>            \n   <div id=\"text-box-258054981\" class=\"text-box banner-layer x50 md-x50 lg-x50 y50 md-y50 lg-y50 res-text\">\n                                <div class=\"text-box-content text dark\">\n              \n              <div class=\"text-inner text-center\">\n                  \n              <\/div>\n           <\/div>\n                            \n<style>\n#text-box-258054981 {\n  width: 60%;\n}\n#text-box-258054981 .text-box-content {\n  font-size: 100%;\n}\n<\/style>\n    <\/div>\n \n        <\/div>\n      <\/div>\n\n            \n<style>\n#banner-419835008 {\n  padding-top: 270px;\n}\n<\/style>\n  <\/div>\n\n\n\t\t<\/div>\n\t\t\t\t\t<\/div>\n\n\t\n<\/div>\n<div class=\"row align-middle align-center\"  id=\"row-689138913\">\n\n\t<div id=\"col-4342395\" class=\"col medium-6 small-12 large-6\"  >\n\t\t\t\t<div class=\"col-inner\"  >\n\t\t\t\n\t\t\t\n\n  <div class=\"banner has-hover\" id=\"banner-1172352549\">\n          <div class=\"banner-inner fill\">\n        <div class=\"banner-bg fill\" >\n            <img loading=\"lazy\" decoding=\"async\" width=\"1020\" height=\"574\" src=\"https:\/\/ugdelektronikatik.com\/wp-content\/uploads\/2023\/01\/WhatsApp-Image-2023-01-05-at-16.01.42-1024x576.jpeg\" class=\"bg attachment-large size-large\" alt=\"\" \/>                                    \n                    <\/div>\n\t\t\n        <div class=\"banner-layers container\">\n            <div class=\"fill banner-link\"><\/div>            \n   <div id=\"text-box-1241687570\" class=\"text-box banner-layer x50 md-x50 lg-x50 y50 md-y50 lg-y50 res-text\">\n                                <div class=\"text-box-content text dark\">\n              \n              <div class=\"text-inner text-center\">\n                  \n              <\/div>\n           <\/div>\n                            \n<style>\n#text-box-1241687570 {\n  width: 60%;\n}\n#text-box-1241687570 .text-box-content {\n  font-size: 100%;\n}\n<\/style>\n    <\/div>\n \n        <\/div>\n      <\/div>\n\n            \n<style>\n#banner-1172352549 {\n  padding-top: 270px;\n}\n<\/style>\n  <\/div>\n\n\n\t\t<\/div>\n\t\t\t\t\t<\/div>\n\n\t\n\n\t<div id=\"col-1523657504\" class=\"col medium-6 small-12 large-6\"  >\n\t\t\t\t<div class=\"col-inner\"  >\n\t\t\t\n\t\t\t\n<p><strong><span style=\"color: #00a859;\">Tehlikeli at\u0131klar nas\u0131l ve nerede<br \/>\n<\/span><\/strong><\/p>\n<h2>\u0130mha Edilir?<br \/>\n<\/h2>\n<p><span style=\"font-weight: 400;\">Tehlikeli at\u0131klar\u0131n bakanl\u0131ktan onayl\u0131 bertaraf tesislerine, tehlikeli at\u0131k ta\u015f\u0131ma ara\u00e7lar\u0131 ile transferi sa\u011flan\u0131r ve bertaraf tesisinde imhas\u0131 ger\u00e7ekle\u015ftirilir. Tehlikeli at\u0131k ara\u00e7lar\u0131n\u0131n temel  \u00f6zelli\u011fi y\u00fcklenmi\u015f olan at\u0131\u011f\u0131n \u00e7evre zarar vermeden transferini ger\u00e7ekle\u015ftirmesidir. Tehlikeli at\u0131k ta\u015f\u0131ma yapacak ara\u00e7 s\u0131zd\u0131rmazl\u0131k, pas tutmaz, \u00fczerinde ta\u015f\u0131ma levhalar\u0131 bulunan ve \u00f6zel belgeye sahip (src  5) \u015fof\u00f6r taraf\u0131ndan ger\u00e7ekle\u015ftirilir. <\/span><\/p>\n\t\t<\/div>\n\t\t\t\t\t<\/div>\n\n\t\n<\/div>\n<div class=\"row align-middle align-center\"  id=\"row-1715367802\">\n\n\t<div id=\"col-1667860708\" class=\"col medium-6 small-12 large-6\"  >\n\t\t\t\t<div class=\"col-inner\"  >\n\t\t\t\n\t\t\t\n<p><strong><span style=\"color: #00a859;\">Tehlikeli at\u0131k \u00e7\u0131kartan fabrikalar\u0131n<br \/>\n<\/span><\/strong><\/p>\n<h2>Sorumlulu\u011fu Nedir?<\/p>\n<\/h2>\n<p><span style=\"font-weight: 400;\">Tehlikeli at\u0131\u011f\u0131 olu\u015fan fabrikalar\u0131n izlemesi gereken yol, at\u0131\u011f\u0131n fabrikada s\u0131zd\u0131rmaz \u00f6zelli\u011fe sahip depoda biriktirmesi ve tehlikeli at\u0131k ta\u015f\u0131ma arac\u0131 ile sevkini sa\u011flay\u0131p akabinde bertaraf tesisinden at\u0131k imha raporunu al\u0131ncaya kadar takip etme zorunlulu\u011fu vard\u0131r. Firmalar bu s\u00fcreci ECBS \u00fczerinden g\u00f6ndermi\u015f oldu\u011fu tehlikeli at\u0131\u011f\u0131n takibini yapmakla y\u00fck\u00fcml\u00fcd\u00fcr.<\/span><\/p>\n\t\t<\/div>\n\t\t\t\t\t<\/div>\n\n\t\n\n\t<div id=\"col-1788253617\" class=\"col medium-6 small-12 large-6\"  >\n\t\t\t\t<div class=\"col-inner\"  >\n\t\t\t\n\t\t\t\n\n  <div class=\"banner has-hover\" id=\"banner-256269573\">\n          <div class=\"banner-inner fill\">\n        <div class=\"banner-bg fill\" >\n            <img loading=\"lazy\" decoding=\"async\" width=\"798\" height=\"600\" src=\"https:\/\/ugdelektronikatik.com\/wp-content\/uploads\/2023\/01\/depozitare-deseuri.jpg\" class=\"bg attachment-large size-large\" alt=\"\" \/>                                    \n                    <\/div>\n\t\t\n        <div class=\"banner-layers container\">\n            <div class=\"fill banner-link\"><\/div>            \n   <div id=\"text-box-983865323\" class=\"text-box banner-layer x50 md-x50 lg-x50 y50 md-y50 lg-y50 res-text\">\n                                <div class=\"text-box-content text dark\">\n              \n              <div class=\"text-inner text-center\">\n                  \n              <\/div>\n           <\/div>\n                            \n<style>\n#text-box-983865323 {\n  width: 60%;\n}\n#text-box-983865323 .text-box-content {\n  font-size: 100%;\n}\n<\/style>\n    <\/div>\n \n        <\/div>\n      <\/div>\n\n            \n<style>\n#banner-256269573 {\n  padding-top: 270px;\n}\n<\/style>\n  <\/div>\n\n\n\t\t<\/div>\n\t\t\t\t\t<\/div>\n\n\t\n<\/div>\n\t\t<\/div>\n\n\t\t\n<style>\n#section_667718929 {\n  padding-top: 0px;\n  padding-bottom: 0px;\n}\n<\/style>\n\t<\/section>\n\t\n<div class=\"row\"  id=\"row-2087508115\">\n\n\t<div id=\"col-610323144\" class=\"col small-12 large-12\"  >\n\t\t\t\t<div class=\"col-inner\"  >\n\t\t\t\n\t\t\t\n<p><span style=\"color: #00a859;\"><b>Tehlikeli at\u0131k s\u0131n\u0131f\u0131na giren<\/b><\/span><\/p>\n<h2><b>maddeler nelerdir?<\/b><\/h2>\n<h3><b>15 01 10*<\/b><\/h3>\n<p><span style=\"font-weight: 400;\">Tehlikeli maddelerin kal\u0131nt\u0131lar\u0131n\u0131 i\u00e7eren ya da tehlikeli maddelerle kontamine olmu\u015f ambalajlar<\/span><\/p>\n<h3><b>15 02 02*<\/b><\/h3>\n<p><span style=\"font-weight: 400;\">Tehlikeli maddelerle kirlenmi\u015f emiciler, filtre malzemeleri (ba\u015fka \u015fekilde tan\u0131mlanmam\u0131\u015f ise ya\u011f filtreleri), temizleme bezleri, koruyucu giysiler<\/span><\/p>\n<h3><b>15 01 11*<\/b><\/h3>\n<p><span style=\"font-weight: 400;\">Bo\u015f bas\u0131n\u00e7l\u0131 konteyn\u0131rlar dahil olmak \u00fczere tehlikeli g\u00f6zenekli kat\u0131 yap\u0131l\u0131 (\u00f6rne\u011fin asbest) metalik ambalajlar<\/span><\/p>\n<h3><b>12 01 09*<\/b><\/h3>\n<p><span style=\"font-weight: 400;\">Halojen i\u00e7ermeyen i\u015fleme em\u00fclsiyon ve sol\u00fcsyonlar\u0131 (Bor Ya\u011f\u0131)<\/span><\/p>\n<h3><b>18 01 03*<\/b><\/h3>\n<p><span style=\"font-weight: 400;\">Enfeksiyonu \u00f6nlemek amac\u0131 ile toplanmalar\u0131 ve bertaraf\u0131 \u00f6zel i\u015fleme tabi olan at\u0131klar<\/span><\/p>\n<h3><b>08 03 17*<\/b><\/h3>\n<p><span style=\"font-weight: 400;\">Tehlikeli madde i\u00e7eren at\u0131k bask\u0131 tonerleri<\/span><\/p>\n<h3><b>20 01 21*<\/b><\/h3>\n<p><span style=\"font-weight: 400; color: #333333;\">Fl\u00fcoresan lambalar ve di\u011fer c\u0131va i\u00e7eren at\u0131klar<\/span><\/p>\n<h3><b>13 02 08*<\/b><\/h3>\n<p><span style=\"font-weight: 400;\">Di\u011fer motor, \u015fanz\u0131man ve ya\u011flama ya\u011flar\u0131<\/span><\/p>\n<h3><b>11 01 09*<\/b><\/h3>\n<p><span style=\"font-weight: 400;\">Tehlikeli maddeler i\u00e7eren \u00e7amurlar ve filtre kekleri<\/span><\/p>\n<h3><b>13 01 13*<\/b><\/h3>\n<p><span style=\"font-weight: 400;\">Di\u011fer hidrolik ya\u011flar<\/span><\/p>\n<h3><b>16 01 03<\/b><\/h3>\n<p><span style=\"font-weight: 400;\">\u00d6mr\u00fcn\u00fc tamamlam\u0131\u015f lastikler<\/span><\/p>\n<h3><b>16 01 14*<\/b><\/h3>\n<p><span style=\"font-weight: 400;\">Tehlikeli maddeler i\u00e7eren antifriz s\u0131v\u0131lar\u0131<\/span><\/p>\n<h3><b>16 01 07*<\/b><\/h3>\n<p><span style=\"font-weight: 400;\">Ya\u011f filtreleri<\/span><\/p>\n<h3><b>12 01 20 *<\/b><\/h3>\n<p><span style=\"font-weight: 400;\">Bor ya\u011fl\u0131 metal tala\u015flar\u0131<\/span><\/p>\n\t\t<\/div>\n\t\t\t\t\t<\/div>\n\n\t\n<\/div>\n","protected":false},"excerpt":{"rendered":"","protected":false},"author":1,"featured_media":0,"parent":0,"menu_order":0,"comment_status":"closed","ping_status":"closed","template":"page-blank.php","meta":{"footnotes":""},"class_list":["post-380","page","type-page","status-publish","hentry"],"yoast_head":"<!-- This site is optimized with the Yoast SEO plugin v26.9 - https:\/\/yoast.com\/product\/yoast-seo-wordpress\/ -->\n<title>Tehlikeli At\u0131k Ta\u015f\u0131mac\u0131l\u0131\u011f\u0131 - UGD Elektronik At\u0131k<\/title>\n<meta name=\"robots\" content=\"index, follow, max-snippet:-1, max-image-preview:large, max-video-preview:-1\" \/>\n<link rel=\"canonical\" href=\"https:\/\/ugdelektronikatik.com\/index.php\/tehlikeli-atik-tasimaciligi\/\" \/>\n<meta property=\"og:locale\" content=\"tr_TR\" \/>\n<meta property=\"og:type\" content=\"article\" \/>\n<meta property=\"og:title\" content=\"Tehlikeli At\u0131k Ta\u015f\u0131mac\u0131l\u0131\u011f\u0131 - UGD Elektronik At\u0131k\" \/>\n<meta property=\"og:url\" content=\"https:\/\/ugdelektronikatik.com\/index.php\/tehlikeli-atik-tasimaciligi\/\" \/>\n<meta property=\"og:site_name\" content=\"UGD Elektronik At\u0131k\" \/>\n<meta property=\"article:modified_time\" content=\"2023-01-06T09:28:27+00:00\" \/>\n<meta name=\"twitter:card\" content=\"summary_large_image\" \/>\n<meta name=\"twitter:label1\" content=\"Tahmini okuma s\u00fcresi\" \/>\n\t<meta name=\"twitter:data1\" content=\"3 dakika\" \/>\n<script type=\"application\/ld+json\" class=\"yoast-schema-graph\">{\"@context\":\"https:\/\/schema.org\",\"@graph\":[{\"@type\":\"WebPage\",\"@id\":\"https:\/\/ugdelektronikatik.com\/index.php\/tehlikeli-atik-tasimaciligi\/\",\"url\":\"https:\/\/ugdelektronikatik.com\/index.php\/tehlikeli-atik-tasimaciligi\/\",\"name\":\"Tehlikeli At\u0131k Ta\u015f\u0131mac\u0131l\u0131\u011f\u0131 - UGD Elektronik At\u0131k\",\"isPartOf\":{\"@id\":\"https:\/\/ugdelektronikatik.com\/#website\"},\"datePublished\":\"2023-01-06T07:52:45+00:00\",\"dateModified\":\"2023-01-06T09:28:27+00:00\",\"breadcrumb\":{\"@id\":\"https:\/\/ugdelektronikatik.com\/index.php\/tehlikeli-atik-tasimaciligi\/#breadcrumb\"},\"inLanguage\":\"tr\",\"potentialAction\":[{\"@type\":\"ReadAction\",\"target\":[\"https:\/\/ugdelektronikatik.com\/index.php\/tehlikeli-atik-tasimaciligi\/\"]}]},{\"@type\":\"BreadcrumbList\",\"@id\":\"https:\/\/ugdelektronikatik.com\/index.php\/tehlikeli-atik-tasimaciligi\/#breadcrumb\",\"itemListElement\":[{\"@type\":\"ListItem\",\"position\":1,\"name\":\"Ana sayfa\",\"item\":\"https:\/\/ugdelektronikatik.com\/\"},{\"@type\":\"ListItem\",\"position\":2,\"name\":\"Tehlikeli At\u0131k Ta\u015f\u0131mac\u0131l\u0131\u011f\u0131\"}]},{\"@type\":\"WebSite\",\"@id\":\"https:\/\/ugdelektronikatik.com\/#website\",\"url\":\"https:\/\/ugdelektronikatik.com\/\",\"name\":\"UGD Elektronik At\u0131k\",\"description\":\"Bir ba\u015fka WordPress sitesi\",\"potentialAction\":[{\"@type\":\"SearchAction\",\"target\":{\"@type\":\"EntryPoint\",\"urlTemplate\":\"https:\/\/ugdelektronikatik.com\/?s={search_term_string}\"},\"query-input\":{\"@type\":\"PropertyValueSpecification\",\"valueRequired\":true,\"valueName\":\"search_term_string\"}}],\"inLanguage\":\"tr\"}]}<\/script>\n<!-- \/ Yoast SEO plugin. -->","yoast_head_json":{"title":"Tehlikeli At\u0131k Ta\u015f\u0131mac\u0131l\u0131\u011f\u0131 - UGD Elektronik At\u0131k","robots":{"index":"index","follow":"follow","max-snippet":"max-snippet:-1","max-image-preview":"max-image-preview:large","max-video-preview":"max-video-preview:-1"},"canonical":"https:\/\/ugdelektronikatik.com\/index.php\/tehlikeli-atik-tasimaciligi\/","og_locale":"tr_TR","og_type":"article","og_title":"Tehlikeli At\u0131k Ta\u015f\u0131mac\u0131l\u0131\u011f\u0131 - UGD Elektronik At\u0131k","og_url":"https:\/\/ugdelektronikatik.com\/index.php\/tehlikeli-atik-tasimaciligi\/","og_site_name":"UGD Elektronik At\u0131k","article_modified_time":"2023-01-06T09:28:27+00:00","twitter_card":"summary_large_image","twitter_misc":{"Tahmini okuma s\u00fcresi":"3 dakika"},"schema":{"@context":"https:\/\/schema.org","@graph":[{"@type":"WebPage","@id":"https:\/\/ugdelektronikatik.com\/index.php\/tehlikeli-atik-tasimaciligi\/","url":"https:\/\/ugdelektronikatik.com\/index.php\/tehlikeli-atik-tasimaciligi\/","name":"Tehlikeli At\u0131k Ta\u015f\u0131mac\u0131l\u0131\u011f\u0131 - UGD Elektronik At\u0131k","isPartOf":{"@id":"https:\/\/ugdelektronikatik.com\/#website"},"datePublished":"2023-01-06T07:52:45+00:00","dateModified":"2023-01-06T09:28:27+00:00","breadcrumb":{"@id":"https:\/\/ugdelektronikatik.com\/index.php\/tehlikeli-atik-tasimaciligi\/#breadcrumb"},"inLanguage":"tr","potentialAction":[{"@type":"ReadAction","target":["https:\/\/ugdelektronikatik.com\/index.php\/tehlikeli-atik-tasimaciligi\/"]}]},{"@type":"BreadcrumbList","@id":"https:\/\/ugdelektronikatik.com\/index.php\/tehlikeli-atik-tasimaciligi\/#breadcrumb","itemListElement":[{"@type":"ListItem","position":1,"name":"Ana sayfa","item":"https:\/\/ugdelektronikatik.com\/"},{"@type":"ListItem","position":2,"name":"Tehlikeli At\u0131k Ta\u015f\u0131mac\u0131l\u0131\u011f\u0131"}]},{"@type":"WebSite","@id":"https:\/\/ugdelektronikatik.com\/#website","url":"https:\/\/ugdelektronikatik.com\/","name":"UGD Elektronik At\u0131k","description":"Bir ba\u015fka WordPress sitesi","potentialAction":[{"@type":"SearchAction","target":{"@type":"EntryPoint","urlTemplate":"https:\/\/ugdelektronikatik.com\/?s={search_term_string}"},"query-input":{"@type":"PropertyValueSpecification","valueRequired":true,"valueName":"search_term_string"}}],"inLanguage":"tr"}]}},"_links":{"self":[{"href":"https:\/\/ugdelektronikatik.com\/index.php\/wp-json\/wp\/v2\/pages\/380","targetHints":{"allow":["GET"]}}],"collection":[{"href":"https:\/\/ugdelektronikatik.com\/index.php\/wp-json\/wp\/v2\/pages"}],"about":[{"href":"https:\/\/ugdelektronikatik.com\/index.php\/wp-json\/wp\/v2\/types\/page"}],"author":[{"embeddable":true,"href":"https:\/\/ugdelektronikatik.com\/index.php\/wp-json\/wp\/v2\/users\/1"}],"replies":[{"embeddable":true,"href":"https:\/\/ugdelektronikatik.com\/index.php\/wp-json\/wp\/v2\/comments?post=380"}],"version-history":[{"count":10,"href":"https:\/\/ugdelektronikatik.com\/index.php\/wp-json\/wp\/v2\/pages\/380\/revisions"}],"predecessor-version":[{"id":395,"href":"https:\/\/ugdelektronikatik.com\/index.php\/wp-json\/wp\/v2\/pages\/380\/revisions\/395"}],"wp:attachment":[{"href":"https:\/\/ugdelektronikatik.com\/index.php\/wp-json\/wp\/v2\/media?parent=380"}],"curies":[{"name":"wp","href":"https:\/\/api.w.org\/{rel}","templated":true}]}}