{"id":335,"date":"2021-09-06T12:45:16","date_gmt":"2021-09-06T09:45:16","guid":{"rendered":"https:\/\/ugdelektronikatik.com\/?page_id=335"},"modified":"2021-09-06T13:20:28","modified_gmt":"2021-09-06T10:20:28","slug":"teklif-formu","status":"publish","type":"page","link":"https:\/\/ugdelektronikatik.com\/index.php\/teklif-formu\/","title":{"rendered":"Teklif Formu"},"content":{"rendered":"\n\n\t<section class=\"section\" id=\"section_1276827771\">\n\t\t<div class=\"section-bg fill\" >\n\t\t\t\t\t\t\t\t\t\n\t\t\t\n\n\t\t<\/div>\n\n\t\t\n\n\t\t<div class=\"section-content relative\">\n\t\t\t\n\n<div class=\"row row-box-shadow-1\"  id=\"row-1124600158\">\n\n\n\t<div id=\"col-1895461711\" class=\"col small-12 large-12\"  >\n\t\t\t\t<div class=\"col-inner\"  >\n\t\t\t\n\t\t\t\n\n<div class=\"container section-title-container\" ><h3 class=\"section-title section-title-normal\"><b><\/b><span class=\"section-title-main\" style=\"font-size:85%;\">Bertaraf &amp; Nakliye Talep Formu<\/span><b><\/b><\/h3><\/div>\n\n\n<div class=\"wpcf7 no-js\" id=\"wpcf7-f334-o1\" lang=\"tr-TR\" dir=\"ltr\" data-wpcf7-id=\"334\">\n<div class=\"screen-reader-response\"><p role=\"status\" aria-live=\"polite\" aria-atomic=\"true\"><\/p> <ul><\/ul><\/div>\n<form action=\"\/index.php\/wp-json\/wp\/v2\/pages\/335#wpcf7-f334-o1\" method=\"post\" class=\"wpcf7-form init\" aria-label=\"\u0130leti\u015fim Formu\" novalidate=\"novalidate\" data-status=\"init\">\n<fieldset class=\"hidden-fields-container\"><input type=\"hidden\" name=\"_wpcf7\" value=\"334\" \/><input type=\"hidden\" name=\"_wpcf7_version\" value=\"6.1.4\" \/><input type=\"hidden\" name=\"_wpcf7_locale\" value=\"tr_TR\" \/><input type=\"hidden\" name=\"_wpcf7_unit_tag\" value=\"wpcf7-f334-o1\" \/><input type=\"hidden\" name=\"_wpcf7_container_post\" value=\"0\" \/><input type=\"hidden\" name=\"_wpcf7_posted_data_hash\" value=\"\" \/>\n<\/fieldset>\n<div class=\"flex-row form-flat medium-flex-wrap\">\n\t<div class=\"flex-col flex-grow\">\n\t\t<p><label> Firma Ad\u0131<br \/>\n<span class=\"wpcf7-form-control-wrap\" data-name=\"your-company\"><input size=\"40\" maxlength=\"400\" class=\"wpcf7-form-control wpcf7-text wpcf7-validates-as-required\" aria-required=\"true\" aria-invalid=\"false\" placeholder=\"Firma ad\u0131 giriniz\" value=\"\" type=\"text\" name=\"your-company\" \/><\/span> <\/label>\n\t\t<\/p>\n\t\t<p><label> Yetkili Ad\u0131<br \/>\n<span class=\"wpcf7-form-control-wrap\" data-name=\"your-name\"><input size=\"40\" maxlength=\"400\" class=\"wpcf7-form-control wpcf7-text wpcf7-validates-as-required\" aria-required=\"true\" aria-invalid=\"false\" placeholder=\"Yetkili ad\u0131 giriniz\" value=\"\" type=\"text\" name=\"your-name\" \/><\/span> <\/label>\n\t\t<\/p>\n\t\t<p><label> Faaliyet Konusu<br \/>\n<span class=\"wpcf7-form-control-wrap\" data-name=\"your-faaliyet\"><input size=\"40\" maxlength=\"400\" class=\"wpcf7-form-control wpcf7-text wpcf7-validates-as-required\" aria-required=\"true\" aria-invalid=\"false\" placeholder=\"Faaliyet konusu giriniz\" value=\"\" type=\"text\" name=\"your-faaliyet\" \/><\/span> <\/label>\n\t\t<\/p>\n\t\t<p><label> Adres<br \/>\n<span class=\"wpcf7-form-control-wrap\" data-name=\"your-adres\"><input size=\"40\" maxlength=\"400\" class=\"wpcf7-form-control wpcf7-text wpcf7-validates-as-required\" aria-required=\"true\" aria-invalid=\"false\" placeholder=\"Adres giriniz\" value=\"\" type=\"text\" name=\"your-adres\" \/><\/span> <\/label>\n\t\t<\/p>\n\t\t<p><label> Telefon<br \/>\n<span class=\"wpcf7-form-control-wrap\" data-name=\"tel-452\"><input size=\"40\" maxlength=\"400\" class=\"wpcf7-form-control wpcf7-tel wpcf7-validates-as-required wpcf7-text wpcf7-validates-as-tel\" aria-required=\"true\" aria-invalid=\"false\" placeholder=\"Telefon giriniz\" value=\"\" type=\"tel\" name=\"tel-452\" \/><\/span> <\/label>\n\t\t<\/p>\n\t<\/div>\n\t<div class=\"flex-col flex-grow\">\n\t\t<p><label> E-posta adresiniz<br \/>\n<span class=\"wpcf7-form-control-wrap\" data-name=\"your-email\"><input size=\"40\" maxlength=\"400\" class=\"wpcf7-form-control wpcf7-email wpcf7-validates-as-required wpcf7-text wpcf7-validates-as-email\" aria-required=\"true\" aria-invalid=\"false\" placeholder=\"e-posta adresi giriniz\" value=\"\" type=\"email\" name=\"your-email\" \/><\/span> <\/label>\n\t\t<\/p>\n\t\t<p><label> At\u0131k Kodu & Ad\u0131<br \/>\n<span class=\"wpcf7-form-control-wrap\" data-name=\"your-subject\"><input size=\"40\" maxlength=\"400\" class=\"wpcf7-form-control wpcf7-text wpcf7-validates-as-required\" aria-required=\"true\" aria-invalid=\"false\" placeholder=\"At\u0131k ad\u0131 giriniz\" value=\"\" type=\"text\" name=\"your-subject\" \/><\/span> <\/label>\n\t\t<\/p>\n\t\t<p><label> Detaylar<br \/>\n<span class=\"wpcf7-form-control-wrap\" data-name=\"your-message\"><textarea cols=\"40\" rows=\"10\" maxlength=\"2000\" class=\"wpcf7-form-control wpcf7-textarea\" aria-invalid=\"false\" placeholder=\"At\u0131k hakk\u0131nda detayl\u0131 bilgileri yazabilirsiniz.\" name=\"your-message\"><\/textarea><\/span> <\/label>\n\t\t<\/p>\n\t\t<p><span class=\"wpcf7-form-control-wrap\" data-name=\"menu-857\"><select class=\"wpcf7-form-control wpcf7-select\" aria-invalid=\"false\" name=\"menu-857\"><option value=\"Teklif t\u00fcr\u00fc se\u00e7iniz!\">Teklif t\u00fcr\u00fc se\u00e7iniz!<\/option><option value=\"Bertaraf fiyat teklifi istiyorum\">Bertaraf fiyat teklifi istiyorum<\/option><option value=\"Nakliye fiyat teklifi istiyorum\">Nakliye fiyat teklifi istiyorum<\/option><\/select><\/span>\n\t\t<\/p>\n\t\t<p><input class=\"wpcf7-form-control wpcf7-submit has-spinner\" type=\"submit\" value=\"G\u00f6nder\" \/>\n\t\t<\/p>\n\t<\/div>\n<\/div><div class=\"wpcf7-response-output\" aria-hidden=\"true\"><\/div>\n<\/form>\n<\/div>\n\n\n\n\t\t<\/div>\n\t\t\t\t\t<\/div>\n\n\t\n\n\n<style>\n#row-1124600158 > .col > .col-inner {\n  padding: 15px 15px 15px 15px;\n}\n<\/style>\n<\/div>\n\n\t\t<\/div>\n\n\t\t\n<style>\n#section_1276827771 {\n  padding-top: 30px;\n  padding-bottom: 30px;\n}\n<\/style>\n\t<\/section>\n\t\n\n","protected":false},"excerpt":{"rendered":"","protected":false},"author":1,"featured_media":0,"parent":0,"menu_order":0,"comment_status":"closed","ping_status":"closed","template":"page-blank.php","meta":{"footnotes":""},"class_list":["post-335","page","type-page","status-publish","hentry"],"yoast_head":"<!-- This site is optimized with the Yoast SEO plugin v26.9 - https:\/\/yoast.com\/product\/yoast-seo-wordpress\/ -->\n<title>Teklif Formu - UGD Elektronik At\u0131k<\/title>\n<meta name=\"robots\" content=\"index, follow, max-snippet:-1, max-image-preview:large, max-video-preview:-1\" \/>\n<link rel=\"canonical\" href=\"https:\/\/ugdelektronikatik.com\/index.php\/teklif-formu\/\" \/>\n<meta property=\"og:locale\" content=\"tr_TR\" \/>\n<meta property=\"og:type\" content=\"article\" \/>\n<meta property=\"og:title\" content=\"Teklif Formu - UGD Elektronik At\u0131k\" \/>\n<meta property=\"og:url\" content=\"https:\/\/ugdelektronikatik.com\/index.php\/teklif-formu\/\" \/>\n<meta property=\"og:site_name\" content=\"UGD Elektronik At\u0131k\" \/>\n<meta property=\"article:modified_time\" content=\"2021-09-06T10:20:28+00:00\" \/>\n<meta name=\"twitter:card\" content=\"summary_large_image\" \/>\n<script type=\"application\/ld+json\" class=\"yoast-schema-graph\">{\"@context\":\"https:\/\/schema.org\",\"@graph\":[{\"@type\":\"WebPage\",\"@id\":\"https:\/\/ugdelektronikatik.com\/index.php\/teklif-formu\/\",\"url\":\"https:\/\/ugdelektronikatik.com\/index.php\/teklif-formu\/\",\"name\":\"Teklif Formu - UGD Elektronik At\u0131k\",\"isPartOf\":{\"@id\":\"https:\/\/ugdelektronikatik.com\/#website\"},\"datePublished\":\"2021-09-06T09:45:16+00:00\",\"dateModified\":\"2021-09-06T10:20:28+00:00\",\"breadcrumb\":{\"@id\":\"https:\/\/ugdelektronikatik.com\/index.php\/teklif-formu\/#breadcrumb\"},\"inLanguage\":\"tr\",\"potentialAction\":[{\"@type\":\"ReadAction\",\"target\":[\"https:\/\/ugdelektronikatik.com\/index.php\/teklif-formu\/\"]}]},{\"@type\":\"BreadcrumbList\",\"@id\":\"https:\/\/ugdelektronikatik.com\/index.php\/teklif-formu\/#breadcrumb\",\"itemListElement\":[{\"@type\":\"ListItem\",\"position\":1,\"name\":\"Ana sayfa\",\"item\":\"https:\/\/ugdelektronikatik.com\/\"},{\"@type\":\"ListItem\",\"position\":2,\"name\":\"Teklif Formu\"}]},{\"@type\":\"WebSite\",\"@id\":\"https:\/\/ugdelektronikatik.com\/#website\",\"url\":\"https:\/\/ugdelektronikatik.com\/\",\"name\":\"UGD Elektronik At\u0131k\",\"description\":\"Bir ba\u015fka WordPress sitesi\",\"potentialAction\":[{\"@type\":\"SearchAction\",\"target\":{\"@type\":\"EntryPoint\",\"urlTemplate\":\"https:\/\/ugdelektronikatik.com\/?s={search_term_string}\"},\"query-input\":{\"@type\":\"PropertyValueSpecification\",\"valueRequired\":true,\"valueName\":\"search_term_string\"}}],\"inLanguage\":\"tr\"}]}<\/script>\n<!-- \/ Yoast SEO plugin. -->","yoast_head_json":{"title":"Teklif Formu - UGD Elektronik At\u0131k","robots":{"index":"index","follow":"follow","max-snippet":"max-snippet:-1","max-image-preview":"max-image-preview:large","max-video-preview":"max-video-preview:-1"},"canonical":"https:\/\/ugdelektronikatik.com\/index.php\/teklif-formu\/","og_locale":"tr_TR","og_type":"article","og_title":"Teklif Formu - UGD Elektronik At\u0131k","og_url":"https:\/\/ugdelektronikatik.com\/index.php\/teklif-formu\/","og_site_name":"UGD Elektronik At\u0131k","article_modified_time":"2021-09-06T10:20:28+00:00","twitter_card":"summary_large_image","schema":{"@context":"https:\/\/schema.org","@graph":[{"@type":"WebPage","@id":"https:\/\/ugdelektronikatik.com\/index.php\/teklif-formu\/","url":"https:\/\/ugdelektronikatik.com\/index.php\/teklif-formu\/","name":"Teklif Formu - UGD Elektronik At\u0131k","isPartOf":{"@id":"https:\/\/ugdelektronikatik.com\/#website"},"datePublished":"2021-09-06T09:45:16+00:00","dateModified":"2021-09-06T10:20:28+00:00","breadcrumb":{"@id":"https:\/\/ugdelektronikatik.com\/index.php\/teklif-formu\/#breadcrumb"},"inLanguage":"tr","potentialAction":[{"@type":"ReadAction","target":["https:\/\/ugdelektronikatik.com\/index.php\/teklif-formu\/"]}]},{"@type":"BreadcrumbList","@id":"https:\/\/ugdelektronikatik.com\/index.php\/teklif-formu\/#breadcrumb","itemListElement":[{"@type":"ListItem","position":1,"name":"Ana sayfa","item":"https:\/\/ugdelektronikatik.com\/"},{"@type":"ListItem","position":2,"name":"Teklif Formu"}]},{"@type":"WebSite","@id":"https:\/\/ugdelektronikatik.com\/#website","url":"https:\/\/ugdelektronikatik.com\/","name":"UGD Elektronik At\u0131k","description":"Bir ba\u015fka WordPress sitesi","potentialAction":[{"@type":"SearchAction","target":{"@type":"EntryPoint","urlTemplate":"https:\/\/ugdelektronikatik.com\/?s={search_term_string}"},"query-input":{"@type":"PropertyValueSpecification","valueRequired":true,"valueName":"search_term_string"}}],"inLanguage":"tr"}]}},"_links":{"self":[{"href":"https:\/\/ugdelektronikatik.com\/index.php\/wp-json\/wp\/v2\/pages\/335","targetHints":{"allow":["GET"]}}],"collection":[{"href":"https:\/\/ugdelektronikatik.com\/index.php\/wp-json\/wp\/v2\/pages"}],"about":[{"href":"https:\/\/ugdelektronikatik.com\/index.php\/wp-json\/wp\/v2\/types\/page"}],"author":[{"embeddable":true,"href":"https:\/\/ugdelektronikatik.com\/index.php\/wp-json\/wp\/v2\/users\/1"}],"replies":[{"embeddable":true,"href":"https:\/\/ugdelektronikatik.com\/index.php\/wp-json\/wp\/v2\/comments?post=335"}],"version-history":[{"count":5,"href":"https:\/\/ugdelektronikatik.com\/index.php\/wp-json\/wp\/v2\/pages\/335\/revisions"}],"predecessor-version":[{"id":343,"href":"https:\/\/ugdelektronikatik.com\/index.php\/wp-json\/wp\/v2\/pages\/335\/revisions\/343"}],"wp:attachment":[{"href":"https:\/\/ugdelektronikatik.com\/index.php\/wp-json\/wp\/v2\/media?parent=335"}],"curies":[{"name":"wp","href":"https:\/\/api.w.org\/{rel}","templated":true}]}}