{"id":221,"date":"2020-10-23T16:27:25","date_gmt":"2020-10-23T13:27:25","guid":{"rendered":"https:\/\/ugdelektronikatik.com\/?page_id=221"},"modified":"2020-11-12T09:25:43","modified_gmt":"2020-11-12T06:25:43","slug":"elektronik-atik-donusumu","status":"publish","type":"page","link":"https:\/\/ugdelektronikatik.com\/index.php\/elektronik-atik-donusumu\/","title":{"rendered":"Elektronik At\u0131k D\u00f6n\u00fc\u015f\u00fcm\u00fc"},"content":{"rendered":"\n\n  <div class=\"banner has-hover\" id=\"banner-1101999646\">\n          <div class=\"banner-inner fill\">\n        <div class=\"banner-bg fill\" >\n            <img loading=\"lazy\" decoding=\"async\" width=\"870\" height=\"402\" src=\"https:\/\/ugdelektronikatik.com\/wp-content\/uploads\/2020\/11\/elektronik-atik.jpg\" class=\"bg attachment-original size-original\" alt=\"\" \/>                                    \n                    <\/div>\n\t\t\n        <div class=\"banner-layers container\">\n            <div class=\"fill banner-link\"><\/div>            \n\n\n        <\/div>\n      <\/div>\n\n            \n<style>\n#banner-1101999646 {\n  padding-top: 18%;\n}\n#banner-1101999646 .banner-bg img {\n  object-position: 30% 63%;\n}\n<\/style>\n  <\/div>\n\n\n\t<div id=\"gap-2122862146\" class=\"gap-element clearfix\" style=\"display:block; height:auto;\">\n\t\t\n<style>\n#gap-2122862146 {\n  padding-top: 20px;\n}\n<\/style>\n\t<\/div>\n\t\n\n\n\n\n<h1 class=\"wp-block-heading\"><strong>Elektronik At\u0131k D\u00f6n\u00fc\u015f\u00fcm\u00fc<\/strong><\/h1>\n\n<p><strong>Elektronik at\u0131k d\u00f6n\u00fc\u015f\u00fcm\u00fc <\/strong>belki de en \u00e7ok fayda sa\u011flayan ve k\u00e2r elde ettiren geri d\u00f6n\u00fc\u015f\u00fcm i\u015flemlerinden bir tanesidir. Her e\u015fyan\u0131n belli bir \u00f6mr\u00fc vard\u0131r. Elektronik e\u015fyalar da \u00f6mr\u00fcn\u00fc tamamlad\u0131\u011f\u0131nda ve i\u015flevini tamamen yitirdi\u011finde e\u011fer tamiri m\u00fcmk\u00fcn olmuyorsa, at\u0131k olarak ayr\u0131l\u0131r. Genellikle kar elde etmek i\u00e7in sat\u0131lmas\u0131 d\u00fc\u015f\u00fcn\u00fcl\u00fcr.<\/p>\n\n<p>Asl\u0131nda bu esnada en do\u011fru hareket geri d\u00f6n\u00fc\u015f\u00fcm\u00fcn\u00fcn sa\u011flanmas\u0131 i\u00e7in yetkililere teslim edilmesidir. Elektronik at\u0131klar yenisi al\u0131nd\u0131\u011f\u0131nda ma\u011fazaya teslim edilece\u011fi gibi, ayn\u0131 zamanda elektronik at\u0131k toplay\u0131c\u0131 olan yetkililere de ula\u015ft\u0131r\u0131labilir.<\/p>\n\n<p>Belli a\u015famalardan ge\u00e7ip par\u00e7ac\u0131klara ayr\u0131lan bu at\u0131klar i\u00e7erisinden geri d\u00f6n\u00fc\u015f\u00fcme m\u00fcsait olan par\u00e7alar ayr\u0131l\u0131r ve i\u015fe yaramayaca\u011f\u0131 d\u00fc\u015f\u00fcn\u00fcl\u00fcp, hi\u00e7bir \u015fekilde de\u011ferlendirilmeyecek olan par\u00e7alar ise imha edilmek \u00fczere yetkili servislere g\u00f6nderilir.<\/p>\n\n<h2 class=\"wp-block-heading\"><strong>Hangi Elektronik Malzemeler Geri D\u00f6n\u00fc\u015ft\u00fcr\u00fcl\u00fcr?<\/strong><\/h2>\n\n<p><strong>Elektronik at\u0131k d\u00f6n\u00fc\u015f\u00fcm\u00fc<\/strong> denildi\u011finde akla ilk gelen evlerde kullan\u0131lan veya fabrikalarda kullan\u0131lan elektronik malzemeler olsa da, elektrikle \u00e7al\u0131\u015fan her t\u00fcrl\u00fc \u00fcr\u00fcn bu kategoride de\u011ferlendirilir. \u00dcr\u00fcnler ge\u00e7ici olarak yetkili ara\u00e7lar taraf\u0131ndan toplan\u0131r.<\/p>\n\n<p>Zira elektronik malzemeler \u00e7evreye zarar verebilece\u011finden dolay\u0131 g\u00fczel bir \u015fekilde muhafaza edilmelidir. Aksi takdirde uzun y\u0131llar ge\u00e7ti\u011fi halde kendi kendine yok olmayan bu at\u0131klar sadece \u00e7evreye de\u011fil t\u00fcm canl\u0131lara da zarar verir bir hale geliyor. Hem bu zarar\u0131n \u00f6nlenmesi hem de ekonomiye sa\u011flayaca\u011f\u0131 fayda d\u00fc\u015f\u00fcn\u00fcld\u00fc\u011f\u00fcnde elektronik at\u0131klar\u0131n mutlaka geri d\u00f6n\u00fc\u015f\u00fcm yetkililerine teslim edilmesi gerekir.<\/p>\n","protected":false},"excerpt":{"rendered":"<p>Elektronik At\u0131k D\u00f6n\u00fc\u015f\u00fcm\u00fc Elektronik at\u0131k d\u00f6n\u00fc\u015f\u00fcm\u00fc belki de en \u00e7ok fayda sa\u011flayan ve k\u00e2r elde ettiren geri d\u00f6n\u00fc\u015f\u00fcm i\u015flemlerinden bir tanesidir. Her e\u015fyan\u0131n belli bir \u00f6mr\u00fc vard\u0131r. Elektronik e\u015fyalar da \u00f6mr\u00fcn\u00fc tamamlad\u0131\u011f\u0131nda ve i\u015flevini tamamen yitirdi\u011finde e\u011fer tamiri m\u00fcmk\u00fcn olmuyorsa, at\u0131k olarak ayr\u0131l\u0131r. Genellikle kar elde etmek i\u00e7in sat\u0131lmas\u0131 d\u00fc\u015f\u00fcn\u00fcl\u00fcr. Asl\u0131nda bu esnada en do\u011fru [&#8230;]\n","protected":false},"author":1,"featured_media":0,"parent":0,"menu_order":0,"comment_status":"closed","ping_status":"closed","template":"","meta":{"footnotes":""},"class_list":["post-221","page","type-page","status-publish","hentry"],"yoast_head":"<!-- This site is optimized with the Yoast SEO plugin v26.9 - https:\/\/yoast.com\/product\/yoast-seo-wordpress\/ -->\n<title>Elektronik At\u0131k D\u00f6n\u00fc\u015f\u00fcm\u00fc - UGD Elektronik At\u0131k<\/title>\n<meta name=\"robots\" content=\"index, follow, max-snippet:-1, max-image-preview:large, max-video-preview:-1\" \/>\n<link rel=\"canonical\" href=\"https:\/\/ugdelektronikatik.com\/index.php\/elektronik-atik-donusumu\/\" \/>\n<meta property=\"og:locale\" content=\"tr_TR\" \/>\n<meta property=\"og:type\" content=\"article\" \/>\n<meta property=\"og:title\" content=\"Elektronik At\u0131k D\u00f6n\u00fc\u015f\u00fcm\u00fc - UGD Elektronik At\u0131k\" \/>\n<meta property=\"og:description\" content=\"Elektronik At\u0131k D\u00f6n\u00fc\u015f\u00fcm\u00fc Elektronik at\u0131k d\u00f6n\u00fc\u015f\u00fcm\u00fc belki de en \u00e7ok fayda sa\u011flayan ve k\u00e2r elde ettiren geri d\u00f6n\u00fc\u015f\u00fcm i\u015flemlerinden bir tanesidir. Her e\u015fyan\u0131n belli bir \u00f6mr\u00fc vard\u0131r. Elektronik e\u015fyalar da \u00f6mr\u00fcn\u00fc tamamlad\u0131\u011f\u0131nda ve i\u015flevini tamamen yitirdi\u011finde e\u011fer tamiri m\u00fcmk\u00fcn olmuyorsa, at\u0131k olarak ayr\u0131l\u0131r. Genellikle kar elde etmek i\u00e7in sat\u0131lmas\u0131 d\u00fc\u015f\u00fcn\u00fcl\u00fcr. Asl\u0131nda bu esnada en do\u011fru [...]\" \/>\n<meta property=\"og:url\" content=\"https:\/\/ugdelektronikatik.com\/index.php\/elektronik-atik-donusumu\/\" \/>\n<meta property=\"og:site_name\" content=\"UGD Elektronik At\u0131k\" \/>\n<meta property=\"article:modified_time\" content=\"2020-11-12T06:25:43+00:00\" \/>\n<meta name=\"twitter:card\" content=\"summary_large_image\" \/>\n<meta name=\"twitter:label1\" content=\"Tahmini okuma s\u00fcresi\" \/>\n\t<meta name=\"twitter:data1\" content=\"2 dakika\" \/>\n<script type=\"application\/ld+json\" class=\"yoast-schema-graph\">{\"@context\":\"https:\/\/schema.org\",\"@graph\":[{\"@type\":\"WebPage\",\"@id\":\"https:\/\/ugdelektronikatik.com\/index.php\/elektronik-atik-donusumu\/\",\"url\":\"https:\/\/ugdelektronikatik.com\/index.php\/elektronik-atik-donusumu\/\",\"name\":\"Elektronik At\u0131k D\u00f6n\u00fc\u015f\u00fcm\u00fc - UGD Elektronik At\u0131k\",\"isPartOf\":{\"@id\":\"https:\/\/ugdelektronikatik.com\/#website\"},\"datePublished\":\"2020-10-23T13:27:25+00:00\",\"dateModified\":\"2020-11-12T06:25:43+00:00\",\"breadcrumb\":{\"@id\":\"https:\/\/ugdelektronikatik.com\/index.php\/elektronik-atik-donusumu\/#breadcrumb\"},\"inLanguage\":\"tr\",\"potentialAction\":[{\"@type\":\"ReadAction\",\"target\":[\"https:\/\/ugdelektronikatik.com\/index.php\/elektronik-atik-donusumu\/\"]}]},{\"@type\":\"BreadcrumbList\",\"@id\":\"https:\/\/ugdelektronikatik.com\/index.php\/elektronik-atik-donusumu\/#breadcrumb\",\"itemListElement\":[{\"@type\":\"ListItem\",\"position\":1,\"name\":\"Ana sayfa\",\"item\":\"https:\/\/ugdelektronikatik.com\/\"},{\"@type\":\"ListItem\",\"position\":2,\"name\":\"Elektronik At\u0131k D\u00f6n\u00fc\u015f\u00fcm\u00fc\"}]},{\"@type\":\"WebSite\",\"@id\":\"https:\/\/ugdelektronikatik.com\/#website\",\"url\":\"https:\/\/ugdelektronikatik.com\/\",\"name\":\"UGD Elektronik At\u0131k\",\"description\":\"Bir ba\u015fka WordPress sitesi\",\"potentialAction\":[{\"@type\":\"SearchAction\",\"target\":{\"@type\":\"EntryPoint\",\"urlTemplate\":\"https:\/\/ugdelektronikatik.com\/?s={search_term_string}\"},\"query-input\":{\"@type\":\"PropertyValueSpecification\",\"valueRequired\":true,\"valueName\":\"search_term_string\"}}],\"inLanguage\":\"tr\"}]}<\/script>\n<!-- \/ Yoast SEO plugin. -->","yoast_head_json":{"title":"Elektronik At\u0131k D\u00f6n\u00fc\u015f\u00fcm\u00fc - UGD Elektronik At\u0131k","robots":{"index":"index","follow":"follow","max-snippet":"max-snippet:-1","max-image-preview":"max-image-preview:large","max-video-preview":"max-video-preview:-1"},"canonical":"https:\/\/ugdelektronikatik.com\/index.php\/elektronik-atik-donusumu\/","og_locale":"tr_TR","og_type":"article","og_title":"Elektronik At\u0131k D\u00f6n\u00fc\u015f\u00fcm\u00fc - UGD Elektronik At\u0131k","og_description":"Elektronik At\u0131k D\u00f6n\u00fc\u015f\u00fcm\u00fc Elektronik at\u0131k d\u00f6n\u00fc\u015f\u00fcm\u00fc belki de en \u00e7ok fayda sa\u011flayan ve k\u00e2r elde ettiren geri d\u00f6n\u00fc\u015f\u00fcm i\u015flemlerinden bir tanesidir. Her e\u015fyan\u0131n belli bir \u00f6mr\u00fc vard\u0131r. Elektronik e\u015fyalar da \u00f6mr\u00fcn\u00fc tamamlad\u0131\u011f\u0131nda ve i\u015flevini tamamen yitirdi\u011finde e\u011fer tamiri m\u00fcmk\u00fcn olmuyorsa, at\u0131k olarak ayr\u0131l\u0131r. Genellikle kar elde etmek i\u00e7in sat\u0131lmas\u0131 d\u00fc\u015f\u00fcn\u00fcl\u00fcr. Asl\u0131nda bu esnada en do\u011fru [...]","og_url":"https:\/\/ugdelektronikatik.com\/index.php\/elektronik-atik-donusumu\/","og_site_name":"UGD Elektronik At\u0131k","article_modified_time":"2020-11-12T06:25:43+00:00","twitter_card":"summary_large_image","twitter_misc":{"Tahmini okuma s\u00fcresi":"2 dakika"},"schema":{"@context":"https:\/\/schema.org","@graph":[{"@type":"WebPage","@id":"https:\/\/ugdelektronikatik.com\/index.php\/elektronik-atik-donusumu\/","url":"https:\/\/ugdelektronikatik.com\/index.php\/elektronik-atik-donusumu\/","name":"Elektronik At\u0131k D\u00f6n\u00fc\u015f\u00fcm\u00fc - UGD Elektronik At\u0131k","isPartOf":{"@id":"https:\/\/ugdelektronikatik.com\/#website"},"datePublished":"2020-10-23T13:27:25+00:00","dateModified":"2020-11-12T06:25:43+00:00","breadcrumb":{"@id":"https:\/\/ugdelektronikatik.com\/index.php\/elektronik-atik-donusumu\/#breadcrumb"},"inLanguage":"tr","potentialAction":[{"@type":"ReadAction","target":["https:\/\/ugdelektronikatik.com\/index.php\/elektronik-atik-donusumu\/"]}]},{"@type":"BreadcrumbList","@id":"https:\/\/ugdelektronikatik.com\/index.php\/elektronik-atik-donusumu\/#breadcrumb","itemListElement":[{"@type":"ListItem","position":1,"name":"Ana sayfa","item":"https:\/\/ugdelektronikatik.com\/"},{"@type":"ListItem","position":2,"name":"Elektronik At\u0131k D\u00f6n\u00fc\u015f\u00fcm\u00fc"}]},{"@type":"WebSite","@id":"https:\/\/ugdelektronikatik.com\/#website","url":"https:\/\/ugdelektronikatik.com\/","name":"UGD Elektronik At\u0131k","description":"Bir ba\u015fka WordPress sitesi","potentialAction":[{"@type":"SearchAction","target":{"@type":"EntryPoint","urlTemplate":"https:\/\/ugdelektronikatik.com\/?s={search_term_string}"},"query-input":{"@type":"PropertyValueSpecification","valueRequired":true,"valueName":"search_term_string"}}],"inLanguage":"tr"}]}},"_links":{"self":[{"href":"https:\/\/ugdelektronikatik.com\/index.php\/wp-json\/wp\/v2\/pages\/221","targetHints":{"allow":["GET"]}}],"collection":[{"href":"https:\/\/ugdelektronikatik.com\/index.php\/wp-json\/wp\/v2\/pages"}],"about":[{"href":"https:\/\/ugdelektronikatik.com\/index.php\/wp-json\/wp\/v2\/types\/page"}],"author":[{"embeddable":true,"href":"https:\/\/ugdelektronikatik.com\/index.php\/wp-json\/wp\/v2\/users\/1"}],"replies":[{"embeddable":true,"href":"https:\/\/ugdelektronikatik.com\/index.php\/wp-json\/wp\/v2\/comments?post=221"}],"version-history":[{"count":5,"href":"https:\/\/ugdelektronikatik.com\/index.php\/wp-json\/wp\/v2\/pages\/221\/revisions"}],"predecessor-version":[{"id":277,"href":"https:\/\/ugdelektronikatik.com\/index.php\/wp-json\/wp\/v2\/pages\/221\/revisions\/277"}],"wp:attachment":[{"href":"https:\/\/ugdelektronikatik.com\/index.php\/wp-json\/wp\/v2\/media?parent=221"}],"curies":[{"name":"wp","href":"https:\/\/api.w.org\/{rel}","templated":true}]}}