{"id":181,"date":"2020-10-22T14:21:34","date_gmt":"2020-10-22T11:21:34","guid":{"rendered":"https:\/\/ugdelektronikatik.com\/?page_id=181"},"modified":"2020-11-12T10:03:00","modified_gmt":"2020-11-12T07:03:00","slug":"yagli-talas-ve-metal-geri-kazanim","status":"publish","type":"page","link":"https:\/\/ugdelektronikatik.com\/index.php\/yagli-talas-ve-metal-geri-kazanim\/","title":{"rendered":"Ya\u011fl\u0131 Tala\u015f ve Metal Geri Kazan\u0131m"},"content":{"rendered":"\n\n  <div class=\"banner has-hover\" id=\"banner-800835861\">\n          <div class=\"banner-inner fill\">\n        <div class=\"banner-bg fill\" >\n            <img loading=\"lazy\" decoding=\"async\" width=\"1200\" height=\"798\" src=\"https:\/\/ugdelektronikatik.com\/wp-content\/uploads\/2020\/11\/yagli.jpg\" class=\"bg attachment-original size-original\" alt=\"\" \/>                                    \n                    <\/div>\n\t\t\n        <div class=\"banner-layers container\">\n            <div class=\"fill banner-link\"><\/div>            \n\n\n        <\/div>\n      <\/div>\n\n            \n<style>\n#banner-800835861 {\n  padding-top: 18%;\n}\n#banner-800835861 .banner-bg img {\n  object-position: 21% 46%;\n}\n<\/style>\n  <\/div>\n\n\n\t<div id=\"gap-906937861\" class=\"gap-element clearfix\" style=\"display:block; height:auto;\">\n\t\t\n<style>\n#gap-906937861 {\n  padding-top: 20px;\n}\n<\/style>\n\t<\/div>\n\t\n\n\n\n\n<h1 class=\"wp-block-heading\">Ya\u011fl\u0131 Tala\u015f ve Metal Geri Kazan\u0131m<\/h1>\n\n<p><br>Geri d\u00f6n\u00fc\u015f\u00fcme gidecek her at\u0131\u011f\u0131n daha verimli sonu\u00e7 alabilmesi i\u00e7in toplanan at\u0131klar\u0131n g\u00fczel ve ayr\u0131 bir \u015fekilde adland\u0131r\u0131lmas\u0131 gerekir. Bu \u015fekilde belirlenen ve ayr\u0131 ayr\u0131 ara\u00e7larda, hazneler de toplanan at\u0131klar sayesinde daha kolay bir geri d\u00f6n\u00fc\u015f\u00fcm ger\u00e7ekle\u015fecektir. Bilindi\u011fi \u00fczere geri d\u00f6n\u00fc\u015f\u00fcm\u00fcn hem \u00e7evreye hem de ekonomiye olduk\u00e7a b\u00fcy\u00fck faydas\u0131 vard\u0131r. Bunun sorunsuz bir \u015fekilde ger\u00e7ekle\u015fmesi i\u00e7in de at\u0131klar\u0131n toplan\u0131p s\u0131n\u0131fland\u0131r\u0131lmas\u0131 \u00f6zenle yap\u0131lmal\u0131d\u0131r. Ya\u011fl\u0131 tala\u015f ve metal geri kazan\u0131m da bir\u00e7ok faydas\u0131 bulunan geri d\u00f6n\u00fc\u015f\u00fcm malzemelerinden bir tanesidir.<\/p>\n\n<h2 class=\"wp-block-heading\"><br>Metal Tala\u015f Geri D\u00f6n\u00fc\u015f\u00fcm\u00fc A\u015famas\u0131<\/h2>\n\n<p><br>Ya\u011fl\u0131 tala\u015f ve metal geri kazan\u0131m i\u015flemlerine ba\u015flamadan \u00f6nce b\u00fct\u00fcn tala\u015flar incelenir. Geri d\u00f6n\u00fc\u015f\u00fcm esnas\u0131nda herhangi bir ve manevi zarara yol a\u00e7mamak i\u00e7in, incelenen bu par\u00e7alar ve maddeler tehlikeli veya tehlikesiz at\u0131k maddeleri olarak ayr\u0131l\u0131r ve tan\u0131mlan\u0131r. Bu a\u015famadan sonra ayr\u0131lan tala\u015flar; tehlikesiz olanlar bu nitelikte olan geri d\u00f6n\u00fc\u015f\u00fcm\u00fcn tebli\u011fine uygun olarak, tehlikeli olanlar ise tehlikeli at\u0131k geri d\u00f6n\u00fc\u015f\u00fcm tebli\u011fine g\u00f6re tekrardan geri kazand\u0131r\u0131l\u0131r.<\/p>\n\n<h3 class=\"wp-block-heading\"><br>Metal Tala\u015flar Nelerdir?<\/h3>\n\n<p><br>Geri d\u00f6n\u00fc\u015f\u00fcm ile tekrar fayda sa\u011flamas\u0131 i\u00e7in kazan\u0131lan Metal tala\u015flar torna, testere, falanya, azd\u0131rma tala\u015flar\u0131 ve ayr\u0131ca demir \u00e7apaklar\u0131 gibi bir\u00e7ok metal par\u00e7ac\u0131klard\u0131r. B\u00fct\u00fcn bu metal tala\u015flar\u0131 kendi grubuna g\u00f6re at\u0131k maddesi olarak veya \u00f6\u011f\u00fctme maddeleri olarak kodland\u0131r\u0131l\u0131r. Sonras\u0131nda geri d\u00f6n\u00fc\u015f\u00fcme gitmek \u00fczere muhafaza edilir.<\/p>\n","protected":false},"excerpt":{"rendered":"<p>Ya\u011fl\u0131 Tala\u015f ve Metal Geri Kazan\u0131m Geri d\u00f6n\u00fc\u015f\u00fcme gidecek her at\u0131\u011f\u0131n daha verimli sonu\u00e7 alabilmesi i\u00e7in toplanan at\u0131klar\u0131n g\u00fczel ve ayr\u0131 bir \u015fekilde adland\u0131r\u0131lmas\u0131 gerekir. Bu \u015fekilde belirlenen ve ayr\u0131 ayr\u0131 ara\u00e7larda, hazneler de toplanan at\u0131klar sayesinde daha kolay bir geri d\u00f6n\u00fc\u015f\u00fcm ger\u00e7ekle\u015fecektir. Bilindi\u011fi \u00fczere geri d\u00f6n\u00fc\u015f\u00fcm\u00fcn hem \u00e7evreye hem de ekonomiye olduk\u00e7a b\u00fcy\u00fck faydas\u0131 [&#8230;]\n","protected":false},"author":1,"featured_media":0,"parent":0,"menu_order":0,"comment_status":"closed","ping_status":"closed","template":"","meta":{"footnotes":""},"class_list":["post-181","page","type-page","status-publish","hentry"],"yoast_head":"<!-- This site is optimized with the Yoast SEO plugin v26.9 - https:\/\/yoast.com\/product\/yoast-seo-wordpress\/ -->\n<title>Ya\u011fl\u0131 Tala\u015f ve Metal Geri Kazan\u0131m - UGD Elektronik At\u0131k<\/title>\n<meta name=\"robots\" content=\"index, follow, max-snippet:-1, max-image-preview:large, max-video-preview:-1\" \/>\n<link rel=\"canonical\" href=\"https:\/\/ugdelektronikatik.com\/index.php\/yagli-talas-ve-metal-geri-kazanim\/\" \/>\n<meta property=\"og:locale\" content=\"tr_TR\" \/>\n<meta property=\"og:type\" content=\"article\" \/>\n<meta property=\"og:title\" content=\"Ya\u011fl\u0131 Tala\u015f ve Metal Geri Kazan\u0131m - UGD Elektronik At\u0131k\" \/>\n<meta property=\"og:description\" content=\"Ya\u011fl\u0131 Tala\u015f ve Metal Geri Kazan\u0131m Geri d\u00f6n\u00fc\u015f\u00fcme gidecek her at\u0131\u011f\u0131n daha verimli sonu\u00e7 alabilmesi i\u00e7in toplanan at\u0131klar\u0131n g\u00fczel ve ayr\u0131 bir \u015fekilde adland\u0131r\u0131lmas\u0131 gerekir. Bu \u015fekilde belirlenen ve ayr\u0131 ayr\u0131 ara\u00e7larda, hazneler de toplanan at\u0131klar sayesinde daha kolay bir geri d\u00f6n\u00fc\u015f\u00fcm ger\u00e7ekle\u015fecektir. Bilindi\u011fi \u00fczere geri d\u00f6n\u00fc\u015f\u00fcm\u00fcn hem \u00e7evreye hem de ekonomiye olduk\u00e7a b\u00fcy\u00fck faydas\u0131 [...]\" \/>\n<meta property=\"og:url\" content=\"https:\/\/ugdelektronikatik.com\/index.php\/yagli-talas-ve-metal-geri-kazanim\/\" \/>\n<meta property=\"og:site_name\" content=\"UGD Elektronik At\u0131k\" \/>\n<meta property=\"article:modified_time\" content=\"2020-11-12T07:03:00+00:00\" \/>\n<meta name=\"twitter:card\" content=\"summary_large_image\" \/>\n<meta name=\"twitter:label1\" content=\"Tahmini okuma s\u00fcresi\" \/>\n\t<meta name=\"twitter:data1\" content=\"2 dakika\" \/>\n<script type=\"application\/ld+json\" class=\"yoast-schema-graph\">{\"@context\":\"https:\/\/schema.org\",\"@graph\":[{\"@type\":\"WebPage\",\"@id\":\"https:\/\/ugdelektronikatik.com\/index.php\/yagli-talas-ve-metal-geri-kazanim\/\",\"url\":\"https:\/\/ugdelektronikatik.com\/index.php\/yagli-talas-ve-metal-geri-kazanim\/\",\"name\":\"Ya\u011fl\u0131 Tala\u015f ve Metal Geri Kazan\u0131m - UGD Elektronik At\u0131k\",\"isPartOf\":{\"@id\":\"https:\/\/ugdelektronikatik.com\/#website\"},\"datePublished\":\"2020-10-22T11:21:34+00:00\",\"dateModified\":\"2020-11-12T07:03:00+00:00\",\"breadcrumb\":{\"@id\":\"https:\/\/ugdelektronikatik.com\/index.php\/yagli-talas-ve-metal-geri-kazanim\/#breadcrumb\"},\"inLanguage\":\"tr\",\"potentialAction\":[{\"@type\":\"ReadAction\",\"target\":[\"https:\/\/ugdelektronikatik.com\/index.php\/yagli-talas-ve-metal-geri-kazanim\/\"]}]},{\"@type\":\"BreadcrumbList\",\"@id\":\"https:\/\/ugdelektronikatik.com\/index.php\/yagli-talas-ve-metal-geri-kazanim\/#breadcrumb\",\"itemListElement\":[{\"@type\":\"ListItem\",\"position\":1,\"name\":\"Ana sayfa\",\"item\":\"https:\/\/ugdelektronikatik.com\/\"},{\"@type\":\"ListItem\",\"position\":2,\"name\":\"Ya\u011fl\u0131 Tala\u015f ve Metal Geri Kazan\u0131m\"}]},{\"@type\":\"WebSite\",\"@id\":\"https:\/\/ugdelektronikatik.com\/#website\",\"url\":\"https:\/\/ugdelektronikatik.com\/\",\"name\":\"UGD Elektronik At\u0131k\",\"description\":\"Bir ba\u015fka WordPress sitesi\",\"potentialAction\":[{\"@type\":\"SearchAction\",\"target\":{\"@type\":\"EntryPoint\",\"urlTemplate\":\"https:\/\/ugdelektronikatik.com\/?s={search_term_string}\"},\"query-input\":{\"@type\":\"PropertyValueSpecification\",\"valueRequired\":true,\"valueName\":\"search_term_string\"}}],\"inLanguage\":\"tr\"}]}<\/script>\n<!-- \/ Yoast SEO plugin. -->","yoast_head_json":{"title":"Ya\u011fl\u0131 Tala\u015f ve Metal Geri Kazan\u0131m - UGD Elektronik At\u0131k","robots":{"index":"index","follow":"follow","max-snippet":"max-snippet:-1","max-image-preview":"max-image-preview:large","max-video-preview":"max-video-preview:-1"},"canonical":"https:\/\/ugdelektronikatik.com\/index.php\/yagli-talas-ve-metal-geri-kazanim\/","og_locale":"tr_TR","og_type":"article","og_title":"Ya\u011fl\u0131 Tala\u015f ve Metal Geri Kazan\u0131m - UGD Elektronik At\u0131k","og_description":"Ya\u011fl\u0131 Tala\u015f ve Metal Geri Kazan\u0131m Geri d\u00f6n\u00fc\u015f\u00fcme gidecek her at\u0131\u011f\u0131n daha verimli sonu\u00e7 alabilmesi i\u00e7in toplanan at\u0131klar\u0131n g\u00fczel ve ayr\u0131 bir \u015fekilde adland\u0131r\u0131lmas\u0131 gerekir. Bu \u015fekilde belirlenen ve ayr\u0131 ayr\u0131 ara\u00e7larda, hazneler de toplanan at\u0131klar sayesinde daha kolay bir geri d\u00f6n\u00fc\u015f\u00fcm ger\u00e7ekle\u015fecektir. Bilindi\u011fi \u00fczere geri d\u00f6n\u00fc\u015f\u00fcm\u00fcn hem \u00e7evreye hem de ekonomiye olduk\u00e7a b\u00fcy\u00fck faydas\u0131 [...]","og_url":"https:\/\/ugdelektronikatik.com\/index.php\/yagli-talas-ve-metal-geri-kazanim\/","og_site_name":"UGD Elektronik At\u0131k","article_modified_time":"2020-11-12T07:03:00+00:00","twitter_card":"summary_large_image","twitter_misc":{"Tahmini okuma s\u00fcresi":"2 dakika"},"schema":{"@context":"https:\/\/schema.org","@graph":[{"@type":"WebPage","@id":"https:\/\/ugdelektronikatik.com\/index.php\/yagli-talas-ve-metal-geri-kazanim\/","url":"https:\/\/ugdelektronikatik.com\/index.php\/yagli-talas-ve-metal-geri-kazanim\/","name":"Ya\u011fl\u0131 Tala\u015f ve Metal Geri Kazan\u0131m - UGD Elektronik At\u0131k","isPartOf":{"@id":"https:\/\/ugdelektronikatik.com\/#website"},"datePublished":"2020-10-22T11:21:34+00:00","dateModified":"2020-11-12T07:03:00+00:00","breadcrumb":{"@id":"https:\/\/ugdelektronikatik.com\/index.php\/yagli-talas-ve-metal-geri-kazanim\/#breadcrumb"},"inLanguage":"tr","potentialAction":[{"@type":"ReadAction","target":["https:\/\/ugdelektronikatik.com\/index.php\/yagli-talas-ve-metal-geri-kazanim\/"]}]},{"@type":"BreadcrumbList","@id":"https:\/\/ugdelektronikatik.com\/index.php\/yagli-talas-ve-metal-geri-kazanim\/#breadcrumb","itemListElement":[{"@type":"ListItem","position":1,"name":"Ana sayfa","item":"https:\/\/ugdelektronikatik.com\/"},{"@type":"ListItem","position":2,"name":"Ya\u011fl\u0131 Tala\u015f ve Metal Geri Kazan\u0131m"}]},{"@type":"WebSite","@id":"https:\/\/ugdelektronikatik.com\/#website","url":"https:\/\/ugdelektronikatik.com\/","name":"UGD Elektronik At\u0131k","description":"Bir ba\u015fka WordPress sitesi","potentialAction":[{"@type":"SearchAction","target":{"@type":"EntryPoint","urlTemplate":"https:\/\/ugdelektronikatik.com\/?s={search_term_string}"},"query-input":{"@type":"PropertyValueSpecification","valueRequired":true,"valueName":"search_term_string"}}],"inLanguage":"tr"}]}},"_links":{"self":[{"href":"https:\/\/ugdelektronikatik.com\/index.php\/wp-json\/wp\/v2\/pages\/181","targetHints":{"allow":["GET"]}}],"collection":[{"href":"https:\/\/ugdelektronikatik.com\/index.php\/wp-json\/wp\/v2\/pages"}],"about":[{"href":"https:\/\/ugdelektronikatik.com\/index.php\/wp-json\/wp\/v2\/types\/page"}],"author":[{"embeddable":true,"href":"https:\/\/ugdelektronikatik.com\/index.php\/wp-json\/wp\/v2\/users\/1"}],"replies":[{"embeddable":true,"href":"https:\/\/ugdelektronikatik.com\/index.php\/wp-json\/wp\/v2\/comments?post=181"}],"version-history":[{"count":3,"href":"https:\/\/ugdelektronikatik.com\/index.php\/wp-json\/wp\/v2\/pages\/181\/revisions"}],"predecessor-version":[{"id":301,"href":"https:\/\/ugdelektronikatik.com\/index.php\/wp-json\/wp\/v2\/pages\/181\/revisions\/301"}],"wp:attachment":[{"href":"https:\/\/ugdelektronikatik.com\/index.php\/wp-json\/wp\/v2\/media?parent=181"}],"curies":[{"name":"wp","href":"https:\/\/api.w.org\/{rel}","templated":true}]}}