{"id":179,"date":"2020-10-22T14:17:17","date_gmt":"2020-10-22T11:17:17","guid":{"rendered":"https:\/\/ugdelektronikatik.com\/?page_id=179"},"modified":"2020-11-12T10:10:55","modified_gmt":"2020-11-12T07:10:55","slug":"tehlikeli-atik-geri-donusumu","status":"publish","type":"page","link":"https:\/\/ugdelektronikatik.com\/index.php\/tehlikeli-atik-geri-donusumu\/","title":{"rendered":"Tehlikeli At\u0131k Geri D\u00f6n\u00fc\u015f\u00fcm\u00fc"},"content":{"rendered":"\n\n  <div class=\"banner has-hover\" id=\"banner-544041089\">\n          <div class=\"banner-inner fill\">\n        <div class=\"banner-bg fill\" >\n            <img loading=\"lazy\" decoding=\"async\" width=\"1000\" height=\"300\" src=\"https:\/\/ugdelektronikatik.com\/wp-content\/uploads\/2020\/11\/tehlikeli-atik.jpg\" class=\"bg attachment-large size-large\" alt=\"\" \/>                                    \n                    <\/div>\n\t\t\n        <div class=\"banner-layers container\">\n            <div class=\"fill banner-link\"><\/div>            \n\n\n        <\/div>\n      <\/div>\n\n            \n<style>\n#banner-544041089 {\n  padding-top: 18%;\n}\n#banner-544041089 .banner-bg img {\n  object-position: 43% 59%;\n}\n<\/style>\n  <\/div>\n\n\n\t<div id=\"gap-260166693\" class=\"gap-element clearfix\" style=\"display:block; height:auto;\">\n\t\t\n<style>\n#gap-260166693 {\n  padding-top: 20px;\n}\n<\/style>\n\t<\/div>\n\t\n\n\n\n\n<h1 class=\"wp-block-heading\">Tehlikeli At\u0131k Geri D\u00f6n\u00fc\u015f\u00fcm\u00fc<\/h1>\n\n<p><br>Tehlikeli at\u0131k geri d\u00f6n\u00fc\u015f\u00fcm\u00fc denildi\u011fi zaman akla ilk gelen patlay\u0131c\u0131 maddelerdir. Tehlikeli at\u0131klar\u0131n \u00fcretilmesinde ki g\u00f6sterilen titizlik kadar tekrardan depolanmas\u0131 ve geri d\u00f6n\u00fc\u015f\u00fcme g\u00f6nderilmesi de ayn\u0131 titizlikle ger\u00e7ekle\u015fir. Zira her iki durumda da \u00e7evreye herhangi bir zarar\u0131n verilmemesi hedef al\u0131n\u0131r.<br>Bu sebeple daima denetlenir ve belli ruhsatlar\u0131n al\u0131nmas\u0131 kar\u015f\u0131l\u0131\u011f\u0131nda \u00fcretimine ve depolan\u0131p geri d\u00f6n\u00fc\u015f\u00fcm\u00fcne izin verilir. Ruhsat alman\u0131n yan\u0131 s\u0131ra T\u00fcrkiye\u2019de genellikle tehlikeli at\u0131k \u00fcretilen ve depolan\u0131p geri d\u00f6n\u00fc\u015ft\u00fcr\u00fclecek yerler mecburi olarak kay\u0131t alt\u0131na al\u0131n\u0131r ki, bu sayede daha kolay ve rahat bir \u015fekilde denetlenir.<\/p>\n\n<h2 class=\"wp-block-heading\"><br>Tehlikeli At\u0131klar\u0131n Depolanmas\u0131<\/h2>\n\n<p><br>Tehlikeli at\u0131k geri d\u00f6n\u00fc\u015f\u00fcm\u00fc i\u00e7in depolanacak olan at\u0131klar di\u011fer at\u0131klardan nazaran daha dikkat ve sorumluluk isteyen bir i\u015flemdir. Ayn\u0131 zamanda titizlik davran\u0131lan bu durumda herhangi bir kaza meydana gelmemesi i\u00e7in b\u00fct\u00fcn at\u0131klar belli hazneler i\u00e7erisinde muhafaza edilir. Ge\u00e7ici olarak toplanan bu at\u0131klar\u0131n haznelerinin \u00fczerinde kod numaras\u0131 yaz\u0131l\u0131r ve o \u015fekilde depolan\u0131r.<br>Ayr\u0131 ayr\u0131 toplanan bu at\u0131klar, genellikle patlay\u0131c\u0131lar su ile temas halinde toksit gaz ve parlay\u0131c\u0131 gaz \u00e7\u0131karan, ayr\u0131ca kendili\u011finden yanmaya m\u00fcsait olan her at\u0131kt\u0131r. Bulundu\u011fu b\u00f6lgeye ve \u00e7evresindeki canl\u0131lara da zarar verme ihtimali bulundu\u011fu i\u00e7in tehlikeli at\u0131klar olarak isimlendirilen bu maddeler, \u00f6zenle ve titizlikle muhafaza edilerek geri d\u00f6n\u00fc\u015f\u00fcm i\u00e7in g\u00f6nderilir. Bu sayede maddi anlamda da kazan\u00e7 elde edilmi\u015f olur.<\/p>\n","protected":false},"excerpt":{"rendered":"<p>Tehlikeli At\u0131k Geri D\u00f6n\u00fc\u015f\u00fcm\u00fc Tehlikeli at\u0131k geri d\u00f6n\u00fc\u015f\u00fcm\u00fc denildi\u011fi zaman akla ilk gelen patlay\u0131c\u0131 maddelerdir. Tehlikeli at\u0131klar\u0131n \u00fcretilmesinde ki g\u00f6sterilen titizlik kadar tekrardan depolanmas\u0131 ve geri d\u00f6n\u00fc\u015f\u00fcme g\u00f6nderilmesi de ayn\u0131 titizlikle ger\u00e7ekle\u015fir. Zira her iki durumda da \u00e7evreye herhangi bir zarar\u0131n verilmemesi hedef al\u0131n\u0131r.Bu sebeple daima denetlenir ve belli ruhsatlar\u0131n al\u0131nmas\u0131 kar\u015f\u0131l\u0131\u011f\u0131nda \u00fcretimine ve depolan\u0131p [&#8230;]\n","protected":false},"author":1,"featured_media":0,"parent":0,"menu_order":0,"comment_status":"closed","ping_status":"closed","template":"","meta":{"footnotes":""},"class_list":["post-179","page","type-page","status-publish","hentry"],"yoast_head":"<!-- This site is optimized with the Yoast SEO plugin v26.9 - https:\/\/yoast.com\/product\/yoast-seo-wordpress\/ -->\n<title>Tehlikeli At\u0131k Geri D\u00f6n\u00fc\u015f\u00fcm\u00fc - UGD Elektronik At\u0131k<\/title>\n<meta name=\"robots\" content=\"index, follow, max-snippet:-1, max-image-preview:large, max-video-preview:-1\" \/>\n<link rel=\"canonical\" href=\"https:\/\/ugdelektronikatik.com\/index.php\/tehlikeli-atik-geri-donusumu\/\" \/>\n<meta property=\"og:locale\" content=\"tr_TR\" \/>\n<meta property=\"og:type\" content=\"article\" \/>\n<meta property=\"og:title\" content=\"Tehlikeli At\u0131k Geri D\u00f6n\u00fc\u015f\u00fcm\u00fc - UGD Elektronik At\u0131k\" \/>\n<meta property=\"og:description\" content=\"Tehlikeli At\u0131k Geri D\u00f6n\u00fc\u015f\u00fcm\u00fc Tehlikeli at\u0131k geri d\u00f6n\u00fc\u015f\u00fcm\u00fc denildi\u011fi zaman akla ilk gelen patlay\u0131c\u0131 maddelerdir. Tehlikeli at\u0131klar\u0131n \u00fcretilmesinde ki g\u00f6sterilen titizlik kadar tekrardan depolanmas\u0131 ve geri d\u00f6n\u00fc\u015f\u00fcme g\u00f6nderilmesi de ayn\u0131 titizlikle ger\u00e7ekle\u015fir. Zira her iki durumda da \u00e7evreye herhangi bir zarar\u0131n verilmemesi hedef al\u0131n\u0131r.Bu sebeple daima denetlenir ve belli ruhsatlar\u0131n al\u0131nmas\u0131 kar\u015f\u0131l\u0131\u011f\u0131nda \u00fcretimine ve depolan\u0131p [...]\" \/>\n<meta property=\"og:url\" content=\"https:\/\/ugdelektronikatik.com\/index.php\/tehlikeli-atik-geri-donusumu\/\" \/>\n<meta property=\"og:site_name\" content=\"UGD Elektronik At\u0131k\" \/>\n<meta property=\"article:modified_time\" content=\"2020-11-12T07:10:55+00:00\" \/>\n<meta name=\"twitter:card\" content=\"summary_large_image\" \/>\n<meta name=\"twitter:label1\" content=\"Tahmini okuma s\u00fcresi\" \/>\n\t<meta name=\"twitter:data1\" content=\"1 dakika\" \/>\n<script type=\"application\/ld+json\" class=\"yoast-schema-graph\">{\"@context\":\"https:\/\/schema.org\",\"@graph\":[{\"@type\":\"WebPage\",\"@id\":\"https:\/\/ugdelektronikatik.com\/index.php\/tehlikeli-atik-geri-donusumu\/\",\"url\":\"https:\/\/ugdelektronikatik.com\/index.php\/tehlikeli-atik-geri-donusumu\/\",\"name\":\"Tehlikeli At\u0131k Geri D\u00f6n\u00fc\u015f\u00fcm\u00fc - UGD Elektronik At\u0131k\",\"isPartOf\":{\"@id\":\"https:\/\/ugdelektronikatik.com\/#website\"},\"datePublished\":\"2020-10-22T11:17:17+00:00\",\"dateModified\":\"2020-11-12T07:10:55+00:00\",\"breadcrumb\":{\"@id\":\"https:\/\/ugdelektronikatik.com\/index.php\/tehlikeli-atik-geri-donusumu\/#breadcrumb\"},\"inLanguage\":\"tr\",\"potentialAction\":[{\"@type\":\"ReadAction\",\"target\":[\"https:\/\/ugdelektronikatik.com\/index.php\/tehlikeli-atik-geri-donusumu\/\"]}]},{\"@type\":\"BreadcrumbList\",\"@id\":\"https:\/\/ugdelektronikatik.com\/index.php\/tehlikeli-atik-geri-donusumu\/#breadcrumb\",\"itemListElement\":[{\"@type\":\"ListItem\",\"position\":1,\"name\":\"Ana sayfa\",\"item\":\"https:\/\/ugdelektronikatik.com\/\"},{\"@type\":\"ListItem\",\"position\":2,\"name\":\"Tehlikeli At\u0131k Geri D\u00f6n\u00fc\u015f\u00fcm\u00fc\"}]},{\"@type\":\"WebSite\",\"@id\":\"https:\/\/ugdelektronikatik.com\/#website\",\"url\":\"https:\/\/ugdelektronikatik.com\/\",\"name\":\"UGD Elektronik At\u0131k\",\"description\":\"Bir ba\u015fka WordPress sitesi\",\"potentialAction\":[{\"@type\":\"SearchAction\",\"target\":{\"@type\":\"EntryPoint\",\"urlTemplate\":\"https:\/\/ugdelektronikatik.com\/?s={search_term_string}\"},\"query-input\":{\"@type\":\"PropertyValueSpecification\",\"valueRequired\":true,\"valueName\":\"search_term_string\"}}],\"inLanguage\":\"tr\"}]}<\/script>\n<!-- \/ Yoast SEO plugin. -->","yoast_head_json":{"title":"Tehlikeli At\u0131k Geri D\u00f6n\u00fc\u015f\u00fcm\u00fc - UGD Elektronik At\u0131k","robots":{"index":"index","follow":"follow","max-snippet":"max-snippet:-1","max-image-preview":"max-image-preview:large","max-video-preview":"max-video-preview:-1"},"canonical":"https:\/\/ugdelektronikatik.com\/index.php\/tehlikeli-atik-geri-donusumu\/","og_locale":"tr_TR","og_type":"article","og_title":"Tehlikeli At\u0131k Geri D\u00f6n\u00fc\u015f\u00fcm\u00fc - UGD Elektronik At\u0131k","og_description":"Tehlikeli At\u0131k Geri D\u00f6n\u00fc\u015f\u00fcm\u00fc Tehlikeli at\u0131k geri d\u00f6n\u00fc\u015f\u00fcm\u00fc denildi\u011fi zaman akla ilk gelen patlay\u0131c\u0131 maddelerdir. Tehlikeli at\u0131klar\u0131n \u00fcretilmesinde ki g\u00f6sterilen titizlik kadar tekrardan depolanmas\u0131 ve geri d\u00f6n\u00fc\u015f\u00fcme g\u00f6nderilmesi de ayn\u0131 titizlikle ger\u00e7ekle\u015fir. Zira her iki durumda da \u00e7evreye herhangi bir zarar\u0131n verilmemesi hedef al\u0131n\u0131r.Bu sebeple daima denetlenir ve belli ruhsatlar\u0131n al\u0131nmas\u0131 kar\u015f\u0131l\u0131\u011f\u0131nda \u00fcretimine ve depolan\u0131p [...]","og_url":"https:\/\/ugdelektronikatik.com\/index.php\/tehlikeli-atik-geri-donusumu\/","og_site_name":"UGD Elektronik At\u0131k","article_modified_time":"2020-11-12T07:10:55+00:00","twitter_card":"summary_large_image","twitter_misc":{"Tahmini okuma s\u00fcresi":"1 dakika"},"schema":{"@context":"https:\/\/schema.org","@graph":[{"@type":"WebPage","@id":"https:\/\/ugdelektronikatik.com\/index.php\/tehlikeli-atik-geri-donusumu\/","url":"https:\/\/ugdelektronikatik.com\/index.php\/tehlikeli-atik-geri-donusumu\/","name":"Tehlikeli At\u0131k Geri D\u00f6n\u00fc\u015f\u00fcm\u00fc - UGD Elektronik At\u0131k","isPartOf":{"@id":"https:\/\/ugdelektronikatik.com\/#website"},"datePublished":"2020-10-22T11:17:17+00:00","dateModified":"2020-11-12T07:10:55+00:00","breadcrumb":{"@id":"https:\/\/ugdelektronikatik.com\/index.php\/tehlikeli-atik-geri-donusumu\/#breadcrumb"},"inLanguage":"tr","potentialAction":[{"@type":"ReadAction","target":["https:\/\/ugdelektronikatik.com\/index.php\/tehlikeli-atik-geri-donusumu\/"]}]},{"@type":"BreadcrumbList","@id":"https:\/\/ugdelektronikatik.com\/index.php\/tehlikeli-atik-geri-donusumu\/#breadcrumb","itemListElement":[{"@type":"ListItem","position":1,"name":"Ana sayfa","item":"https:\/\/ugdelektronikatik.com\/"},{"@type":"ListItem","position":2,"name":"Tehlikeli At\u0131k Geri D\u00f6n\u00fc\u015f\u00fcm\u00fc"}]},{"@type":"WebSite","@id":"https:\/\/ugdelektronikatik.com\/#website","url":"https:\/\/ugdelektronikatik.com\/","name":"UGD Elektronik At\u0131k","description":"Bir ba\u015fka WordPress sitesi","potentialAction":[{"@type":"SearchAction","target":{"@type":"EntryPoint","urlTemplate":"https:\/\/ugdelektronikatik.com\/?s={search_term_string}"},"query-input":{"@type":"PropertyValueSpecification","valueRequired":true,"valueName":"search_term_string"}}],"inLanguage":"tr"}]}},"_links":{"self":[{"href":"https:\/\/ugdelektronikatik.com\/index.php\/wp-json\/wp\/v2\/pages\/179","targetHints":{"allow":["GET"]}}],"collection":[{"href":"https:\/\/ugdelektronikatik.com\/index.php\/wp-json\/wp\/v2\/pages"}],"about":[{"href":"https:\/\/ugdelektronikatik.com\/index.php\/wp-json\/wp\/v2\/types\/page"}],"author":[{"embeddable":true,"href":"https:\/\/ugdelektronikatik.com\/index.php\/wp-json\/wp\/v2\/users\/1"}],"replies":[{"embeddable":true,"href":"https:\/\/ugdelektronikatik.com\/index.php\/wp-json\/wp\/v2\/comments?post=179"}],"version-history":[{"count":2,"href":"https:\/\/ugdelektronikatik.com\/index.php\/wp-json\/wp\/v2\/pages\/179\/revisions"}],"predecessor-version":[{"id":307,"href":"https:\/\/ugdelektronikatik.com\/index.php\/wp-json\/wp\/v2\/pages\/179\/revisions\/307"}],"wp:attachment":[{"href":"https:\/\/ugdelektronikatik.com\/index.php\/wp-json\/wp\/v2\/media?parent=179"}],"curies":[{"name":"wp","href":"https:\/\/api.w.org\/{rel}","templated":true}]}}