{"id":177,"date":"2020-10-22T14:15:36","date_gmt":"2020-10-22T11:15:36","guid":{"rendered":"https:\/\/ugdelektronikatik.com\/?page_id=177"},"modified":"2020-11-12T09:43:51","modified_gmt":"2020-11-12T06:43:51","slug":"kartus-ve-toner-geri-donusumu","status":"publish","type":"page","link":"https:\/\/ugdelektronikatik.com\/index.php\/kartus-ve-toner-geri-donusumu\/","title":{"rendered":"Kartu\u015f ve Toner Geri D\u00f6n\u00fc\u015f\u00fcm\u00fc"},"content":{"rendered":"\n\n  <div class=\"banner has-hover\" id=\"banner-1868107737\">\n          <div class=\"banner-inner fill\">\n        <div class=\"banner-bg fill\" >\n            <img loading=\"lazy\" decoding=\"async\" width=\"512\" height=\"341\" src=\"https:\/\/ugdelektronikatik.com\/wp-content\/uploads\/2020\/11\/kartus-ve-toner.jpg\" class=\"bg attachment-original size-original\" alt=\"\" \/>                                    \n                    <\/div>\n\t\t\n        <div class=\"banner-layers container\">\n            <div class=\"fill banner-link\"><\/div>            \n\n\n        <\/div>\n      <\/div>\n\n            \n<style>\n#banner-1868107737 {\n  padding-top: 18%;\n}\n#banner-1868107737 .banner-bg img {\n  object-position: 18% 13%;\n}\n<\/style>\n  <\/div>\n\n\n\t<div id=\"gap-1800922456\" class=\"gap-element clearfix\" style=\"display:block; height:auto;\">\n\t\t\n<style>\n#gap-1800922456 {\n  padding-top: 20px;\n}\n<\/style>\n\t<\/div>\n\t\n\n\n\n\n<h1 class=\"wp-block-heading\">Kartu\u015f ve Toner Geri D\u00f6n\u00fc\u015f\u00fcm\u00fc<\/h1>\n\n<p><br>Kartu\u015flar, i\u00e7ine m\u00fcrekkep konularak yaz\u0131c\u0131lar taraf\u0131ndan kullan\u0131lan ve olduk\u00e7a faydal\u0131 ilimlere vesile olan malzemelerdir. Fakat \u00f6mr\u00fcn\u00fc yitirdi\u011finde ve zaman\u0131 bitti\u011finde at\u0131k olarak at\u0131lmas\u0131 yerine geri d\u00f6n\u00fc\u015f\u00fcm\u00fcn\u00fcn sa\u011flanmas\u0131 i\u00e7in toplanarak yetkili olan ki\u015filere verilmesi daha do\u011fru bir tercih olacakt\u0131r.<br>Bu sebeple bu konularda dikkatli davranarak ve hassas bir bilince sahip olarak \u00e7evreye at\u0131lmamas\u0131 kartu\u015f ve toner geri d\u00f6n\u00fc\u015f\u00fcm\u00fc i\u00e7in bilgi sahibi olunmas\u0131 gerekir. Her ne kadar \u00e7evreden ve do\u011fadan toplanan kartu\u015flar geri d\u00f6n\u00fc\u015f\u00fcm i\u00e7in yetkili olan servislere g\u00f6nderilirse de daha bir\u00e7o\u011funa ula\u015f\u0131lamamakta ve bu \u015fekilde heba olmaktad\u0131r. Burada kullan\u0131c\u0131lara d\u00fc\u015fen, onlar\u0131n at\u0131lmadan kullan\u0131m sonras\u0131nda toplanarak yetkili b\u00f6l\u00fcmlere sevk edilmesidir.<\/p>\n\n<h2 class=\"wp-block-heading\"><br>Geri D\u00f6n\u00fc\u015f\u00fcm \u0130\u015flemleri Nelerdir?<\/h2>\n\n<p><br>Kartu\u015f ve toner geri d\u00f6n\u00fc\u015f\u00fcm\u00fc ekonomik a\u00e7\u0131dan tasarruf sa\u011flayan i\u015flemlerden bir tanesidir. Zira tonerlerin \u00fcretiminde ihtiya\u00e7 duyulan malzeme olan ham petrol, olduk\u00e7a fazla mebla\u011flara ula\u015ft\u0131\u011f\u0131ndan yeniden d\u00f6n\u00fc\u015f\u00fcm\u00fcn\u00fcn sa\u011flanmas\u0131 ekonomik a\u00e7\u0131dan tasarrufa vesile oluyor. Kartu\u015f ve tonerler t\u0131pk\u0131 floresanlar gibi k\u0131rma ve \u00f6\u011f\u00fctme makinelerinde bile\u015fenlerine ayr\u0131ld\u0131ktan sonra gerekli i\u015flemlerden ge\u00e7ip uygun olan ham maddelere d\u00f6n\u00fc\u015ft\u00fcr\u00fcl\u00fcyor.<br>K\u0131r\u0131ld\u0131ktan sonra elde edilen demir, al\u00fcminyum, plastik gibi \u00fcr\u00fcnler gerekli olan tesislere g\u00f6nderilerek geri d\u00f6n\u00fc\u015f\u00fcm\u00fc sa\u011flan\u0131r. K\u0131r\u0131lma esnas\u0131nda kendisinden \u00e7\u0131kacak olan zarar verici tozlar, filtreler arac\u0131l\u0131\u011f\u0131 ile \u00e7ekilir ve bertaraf edilmek \u00fczere yetkili servislere g\u00f6nderilerek \u00e7evreye verece\u011fi zarar\u0131 engellenir.<\/p>\n","protected":false},"excerpt":{"rendered":"<p>Kartu\u015f ve Toner Geri D\u00f6n\u00fc\u015f\u00fcm\u00fc Kartu\u015flar, i\u00e7ine m\u00fcrekkep konularak yaz\u0131c\u0131lar taraf\u0131ndan kullan\u0131lan ve olduk\u00e7a faydal\u0131 ilimlere vesile olan malzemelerdir. Fakat \u00f6mr\u00fcn\u00fc yitirdi\u011finde ve zaman\u0131 bitti\u011finde at\u0131k olarak at\u0131lmas\u0131 yerine geri d\u00f6n\u00fc\u015f\u00fcm\u00fcn\u00fcn sa\u011flanmas\u0131 i\u00e7in toplanarak yetkili olan ki\u015filere verilmesi daha do\u011fru bir tercih olacakt\u0131r.Bu sebeple bu konularda dikkatli davranarak ve hassas bir bilince sahip olarak \u00e7evreye [&#8230;]\n","protected":false},"author":1,"featured_media":0,"parent":0,"menu_order":0,"comment_status":"closed","ping_status":"closed","template":"","meta":{"footnotes":""},"class_list":["post-177","page","type-page","status-publish","hentry"],"yoast_head":"<!-- This site is optimized with the Yoast SEO plugin v26.9 - https:\/\/yoast.com\/product\/yoast-seo-wordpress\/ -->\n<title>Kartu\u015f ve Toner Geri D\u00f6n\u00fc\u015f\u00fcm\u00fc - UGD Elektronik At\u0131k<\/title>\n<meta name=\"robots\" content=\"index, follow, max-snippet:-1, max-image-preview:large, max-video-preview:-1\" \/>\n<link rel=\"canonical\" href=\"https:\/\/ugdelektronikatik.com\/index.php\/kartus-ve-toner-geri-donusumu\/\" \/>\n<meta property=\"og:locale\" content=\"tr_TR\" \/>\n<meta property=\"og:type\" content=\"article\" \/>\n<meta property=\"og:title\" content=\"Kartu\u015f ve Toner Geri D\u00f6n\u00fc\u015f\u00fcm\u00fc - UGD Elektronik At\u0131k\" \/>\n<meta property=\"og:description\" content=\"Kartu\u015f ve Toner Geri D\u00f6n\u00fc\u015f\u00fcm\u00fc Kartu\u015flar, i\u00e7ine m\u00fcrekkep konularak yaz\u0131c\u0131lar taraf\u0131ndan kullan\u0131lan ve olduk\u00e7a faydal\u0131 ilimlere vesile olan malzemelerdir. Fakat \u00f6mr\u00fcn\u00fc yitirdi\u011finde ve zaman\u0131 bitti\u011finde at\u0131k olarak at\u0131lmas\u0131 yerine geri d\u00f6n\u00fc\u015f\u00fcm\u00fcn\u00fcn sa\u011flanmas\u0131 i\u00e7in toplanarak yetkili olan ki\u015filere verilmesi daha do\u011fru bir tercih olacakt\u0131r.Bu sebeple bu konularda dikkatli davranarak ve hassas bir bilince sahip olarak \u00e7evreye [...]\" \/>\n<meta property=\"og:url\" content=\"https:\/\/ugdelektronikatik.com\/index.php\/kartus-ve-toner-geri-donusumu\/\" \/>\n<meta property=\"og:site_name\" content=\"UGD Elektronik At\u0131k\" \/>\n<meta property=\"article:modified_time\" content=\"2020-11-12T06:43:51+00:00\" \/>\n<meta name=\"twitter:card\" content=\"summary_large_image\" \/>\n<meta name=\"twitter:label1\" content=\"Tahmini okuma s\u00fcresi\" \/>\n\t<meta name=\"twitter:data1\" content=\"2 dakika\" \/>\n<script type=\"application\/ld+json\" class=\"yoast-schema-graph\">{\"@context\":\"https:\/\/schema.org\",\"@graph\":[{\"@type\":\"WebPage\",\"@id\":\"https:\/\/ugdelektronikatik.com\/index.php\/kartus-ve-toner-geri-donusumu\/\",\"url\":\"https:\/\/ugdelektronikatik.com\/index.php\/kartus-ve-toner-geri-donusumu\/\",\"name\":\"Kartu\u015f ve Toner Geri D\u00f6n\u00fc\u015f\u00fcm\u00fc - UGD Elektronik At\u0131k\",\"isPartOf\":{\"@id\":\"https:\/\/ugdelektronikatik.com\/#website\"},\"datePublished\":\"2020-10-22T11:15:36+00:00\",\"dateModified\":\"2020-11-12T06:43:51+00:00\",\"breadcrumb\":{\"@id\":\"https:\/\/ugdelektronikatik.com\/index.php\/kartus-ve-toner-geri-donusumu\/#breadcrumb\"},\"inLanguage\":\"tr\",\"potentialAction\":[{\"@type\":\"ReadAction\",\"target\":[\"https:\/\/ugdelektronikatik.com\/index.php\/kartus-ve-toner-geri-donusumu\/\"]}]},{\"@type\":\"BreadcrumbList\",\"@id\":\"https:\/\/ugdelektronikatik.com\/index.php\/kartus-ve-toner-geri-donusumu\/#breadcrumb\",\"itemListElement\":[{\"@type\":\"ListItem\",\"position\":1,\"name\":\"Ana sayfa\",\"item\":\"https:\/\/ugdelektronikatik.com\/\"},{\"@type\":\"ListItem\",\"position\":2,\"name\":\"Kartu\u015f ve Toner Geri D\u00f6n\u00fc\u015f\u00fcm\u00fc\"}]},{\"@type\":\"WebSite\",\"@id\":\"https:\/\/ugdelektronikatik.com\/#website\",\"url\":\"https:\/\/ugdelektronikatik.com\/\",\"name\":\"UGD Elektronik At\u0131k\",\"description\":\"Bir ba\u015fka WordPress sitesi\",\"potentialAction\":[{\"@type\":\"SearchAction\",\"target\":{\"@type\":\"EntryPoint\",\"urlTemplate\":\"https:\/\/ugdelektronikatik.com\/?s={search_term_string}\"},\"query-input\":{\"@type\":\"PropertyValueSpecification\",\"valueRequired\":true,\"valueName\":\"search_term_string\"}}],\"inLanguage\":\"tr\"}]}<\/script>\n<!-- \/ Yoast SEO plugin. -->","yoast_head_json":{"title":"Kartu\u015f ve Toner Geri D\u00f6n\u00fc\u015f\u00fcm\u00fc - UGD Elektronik At\u0131k","robots":{"index":"index","follow":"follow","max-snippet":"max-snippet:-1","max-image-preview":"max-image-preview:large","max-video-preview":"max-video-preview:-1"},"canonical":"https:\/\/ugdelektronikatik.com\/index.php\/kartus-ve-toner-geri-donusumu\/","og_locale":"tr_TR","og_type":"article","og_title":"Kartu\u015f ve Toner Geri D\u00f6n\u00fc\u015f\u00fcm\u00fc - UGD Elektronik At\u0131k","og_description":"Kartu\u015f ve Toner Geri D\u00f6n\u00fc\u015f\u00fcm\u00fc Kartu\u015flar, i\u00e7ine m\u00fcrekkep konularak yaz\u0131c\u0131lar taraf\u0131ndan kullan\u0131lan ve olduk\u00e7a faydal\u0131 ilimlere vesile olan malzemelerdir. Fakat \u00f6mr\u00fcn\u00fc yitirdi\u011finde ve zaman\u0131 bitti\u011finde at\u0131k olarak at\u0131lmas\u0131 yerine geri d\u00f6n\u00fc\u015f\u00fcm\u00fcn\u00fcn sa\u011flanmas\u0131 i\u00e7in toplanarak yetkili olan ki\u015filere verilmesi daha do\u011fru bir tercih olacakt\u0131r.Bu sebeple bu konularda dikkatli davranarak ve hassas bir bilince sahip olarak \u00e7evreye [...]","og_url":"https:\/\/ugdelektronikatik.com\/index.php\/kartus-ve-toner-geri-donusumu\/","og_site_name":"UGD Elektronik At\u0131k","article_modified_time":"2020-11-12T06:43:51+00:00","twitter_card":"summary_large_image","twitter_misc":{"Tahmini okuma s\u00fcresi":"2 dakika"},"schema":{"@context":"https:\/\/schema.org","@graph":[{"@type":"WebPage","@id":"https:\/\/ugdelektronikatik.com\/index.php\/kartus-ve-toner-geri-donusumu\/","url":"https:\/\/ugdelektronikatik.com\/index.php\/kartus-ve-toner-geri-donusumu\/","name":"Kartu\u015f ve Toner Geri D\u00f6n\u00fc\u015f\u00fcm\u00fc - UGD Elektronik At\u0131k","isPartOf":{"@id":"https:\/\/ugdelektronikatik.com\/#website"},"datePublished":"2020-10-22T11:15:36+00:00","dateModified":"2020-11-12T06:43:51+00:00","breadcrumb":{"@id":"https:\/\/ugdelektronikatik.com\/index.php\/kartus-ve-toner-geri-donusumu\/#breadcrumb"},"inLanguage":"tr","potentialAction":[{"@type":"ReadAction","target":["https:\/\/ugdelektronikatik.com\/index.php\/kartus-ve-toner-geri-donusumu\/"]}]},{"@type":"BreadcrumbList","@id":"https:\/\/ugdelektronikatik.com\/index.php\/kartus-ve-toner-geri-donusumu\/#breadcrumb","itemListElement":[{"@type":"ListItem","position":1,"name":"Ana sayfa","item":"https:\/\/ugdelektronikatik.com\/"},{"@type":"ListItem","position":2,"name":"Kartu\u015f ve Toner Geri D\u00f6n\u00fc\u015f\u00fcm\u00fc"}]},{"@type":"WebSite","@id":"https:\/\/ugdelektronikatik.com\/#website","url":"https:\/\/ugdelektronikatik.com\/","name":"UGD Elektronik At\u0131k","description":"Bir ba\u015fka WordPress sitesi","potentialAction":[{"@type":"SearchAction","target":{"@type":"EntryPoint","urlTemplate":"https:\/\/ugdelektronikatik.com\/?s={search_term_string}"},"query-input":{"@type":"PropertyValueSpecification","valueRequired":true,"valueName":"search_term_string"}}],"inLanguage":"tr"}]}},"_links":{"self":[{"href":"https:\/\/ugdelektronikatik.com\/index.php\/wp-json\/wp\/v2\/pages\/177","targetHints":{"allow":["GET"]}}],"collection":[{"href":"https:\/\/ugdelektronikatik.com\/index.php\/wp-json\/wp\/v2\/pages"}],"about":[{"href":"https:\/\/ugdelektronikatik.com\/index.php\/wp-json\/wp\/v2\/types\/page"}],"author":[{"embeddable":true,"href":"https:\/\/ugdelektronikatik.com\/index.php\/wp-json\/wp\/v2\/users\/1"}],"replies":[{"embeddable":true,"href":"https:\/\/ugdelektronikatik.com\/index.php\/wp-json\/wp\/v2\/comments?post=177"}],"version-history":[{"count":2,"href":"https:\/\/ugdelektronikatik.com\/index.php\/wp-json\/wp\/v2\/pages\/177\/revisions"}],"predecessor-version":[{"id":287,"href":"https:\/\/ugdelektronikatik.com\/index.php\/wp-json\/wp\/v2\/pages\/177\/revisions\/287"}],"wp:attachment":[{"href":"https:\/\/ugdelektronikatik.com\/index.php\/wp-json\/wp\/v2\/media?parent=177"}],"curies":[{"name":"wp","href":"https:\/\/api.w.org\/{rel}","templated":true}]}}