{"id":173,"date":"2020-10-22T14:11:42","date_gmt":"2020-10-22T11:11:42","guid":{"rendered":"https:\/\/ugdelektronikatik.com\/?page_id=173"},"modified":"2020-11-12T09:52:18","modified_gmt":"2020-11-12T06:52:18","slug":"imha-hizmeti","status":"publish","type":"page","link":"https:\/\/ugdelektronikatik.com\/index.php\/imha-hizmeti\/","title":{"rendered":"\u0130mha Hizmeti"},"content":{"rendered":"\n\n  <div class=\"banner has-hover\" id=\"banner-3645696\">\n          <div class=\"banner-inner fill\">\n        <div class=\"banner-bg fill\" >\n            <img loading=\"lazy\" decoding=\"async\" width=\"918\" height=\"612\" src=\"https:\/\/ugdelektronikatik.com\/wp-content\/uploads\/2020\/11\/veri-imha.jpg\" class=\"bg attachment-original size-original\" alt=\"\" \/>                                    \n                    <\/div>\n\t\t\n        <div class=\"banner-layers container\">\n            <div class=\"fill banner-link\"><\/div>            \n\n\n        <\/div>\n      <\/div>\n\n            \n<style>\n#banner-3645696 {\n  padding-top: 18%;\n}\n#banner-3645696 .banner-bg img {\n  object-position: 32% 55%;\n}\n<\/style>\n  <\/div>\n\n\n\t<div id=\"gap-1700031492\" class=\"gap-element clearfix\" style=\"display:block; height:auto;\">\n\t\t\n<style>\n#gap-1700031492 {\n  padding-top: 20px;\n}\n<\/style>\n\t<\/div>\n\t\n\n\n\n\n<h1 class=\"wp-block-heading\">\u0130mha Hizmeti<\/h1>\n\n<p><br>\u0130mha hizmeti asl\u0131nda \u015fu \u015fekilde tabir edildi\u011finde daha anla\u015f\u0131l\u0131r bir hale gelecektir. Geri d\u00f6n\u00fc\u015f\u00fcm i\u00e7in toplanan at\u0131klar, yetkili ve sertifikaya sahip olan firmalar taraf\u0131ndan incelenir ve gerekirse k\u0131rma makinelerinde par\u00e7aland\u0131ktan sonra bile\u015fenlerine ayr\u0131l\u0131r.<br>Bu esnada i\u00e7erisinden \u00e7\u0131kan faydal\u0131 ve geri d\u00f6n\u00fc\u015f\u00fcme m\u00fcsait olan maddeler, geri d\u00f6n\u00fc\u015f\u00fcm yap\u0131lmas\u0131 \u00fczere ilgili yerlere g\u00f6nderilir. Fakat par\u00e7alanan ve k\u0131r\u0131lan \u00fcr\u00fcnler aras\u0131nda geri d\u00f6n\u00fc\u015f\u00fcme uygun olmayacak maddelerde \u00e7\u0131kacakt\u0131r. Tam da bu esnada devreye giren hizmet, imha hizmeti olup geri d\u00f6n\u00fc\u015f\u00fcme m\u00fcsait olmayan \u00fcr\u00fcnlerin bertaraf ve imha edilmesini, yani tamamen yok olmas\u0131n\u0131 sa\u011flamaktad\u0131r.<\/p>\n\n<h2 class=\"wp-block-heading\"><br>\u0130mha Hizmetinin \u00d6nemi<\/h2>\n\n<p><br>\u00c7evrede at\u0131k olarak duran yok olmas\u0131 beklenen t\u00fcm maddeler \u00e7evrenin sa\u011fl\u0131\u011f\u0131na zarar veriyor. Bu sebeple hem geri d\u00f6n\u00fc\u015f\u00fcm\u00fcn\u00fcn sa\u011flanmas\u0131 hem de bu m\u00fcmk\u00fcn de\u011filse imha edilmesi \u00fczere toparlanan ve ge\u00e7ici olarak depolanan at\u0131klarla, \u00e7evrenin korunmas\u0131 da sa\u011flan\u0131yor. Geri d\u00f6n\u00fc\u015f\u00fcm\u00fc m\u00fcmk\u00fcn olmayan Bu \u00fcr\u00fcnler imha edilerek yine sa\u011fl\u0131kl\u0131 bir do\u011fa i\u00e7in ortadan kald\u0131r\u0131l\u0131yor. Ayn\u0131 zamanda geri d\u00f6n\u00fc\u015f\u00fcm kaynaklar\u0131 da gereksiz yere kullan\u0131lmay\u0131p zarar g\u00f6rmeyecek ve \u00fclkenin hatta d\u00fcnyan\u0131n ekonomisine de katk\u0131 sa\u011flanacakt\u0131r.<\/p>\n\n<h3 class=\"wp-block-heading\"><br>Hangi \u00dcr\u00fcnler \u0130mha Edilir?<\/h3>\n\n<p><br>\u0130mha edilecek \u00fcr\u00fcnler, ar\u015fiv ve evraklar, kat\u0131 veya s\u0131v\u0131 olan g\u0131dalar, tekstil \u00fcr\u00fcnleri gibi geri d\u00f6n\u00fc\u015f\u00fcme uygun olmayan t\u00fcm malzemelerdir. Burada \u00f6nemli olan nokta, geri d\u00f6n\u00fc\u015f\u00fcme m\u00fcsait olan malzemelerin mutlaka yeniden kazand\u0131r\u0131l\u0131p, hi\u00e7bir \u015fekilde m\u00fcmk\u00fcn olmayacak \u00fcr\u00fcnlerinde imha edilerek tamamen ortadan kald\u0131r\u0131lmas\u0131d\u0131r<\/p>\n","protected":false},"excerpt":{"rendered":"<p>\u0130mha Hizmeti \u0130mha hizmeti asl\u0131nda \u015fu \u015fekilde tabir edildi\u011finde daha anla\u015f\u0131l\u0131r bir hale gelecektir. Geri d\u00f6n\u00fc\u015f\u00fcm i\u00e7in toplanan at\u0131klar, yetkili ve sertifikaya sahip olan firmalar taraf\u0131ndan incelenir ve gerekirse k\u0131rma makinelerinde par\u00e7aland\u0131ktan sonra bile\u015fenlerine ayr\u0131l\u0131r.Bu esnada i\u00e7erisinden \u00e7\u0131kan faydal\u0131 ve geri d\u00f6n\u00fc\u015f\u00fcme m\u00fcsait olan maddeler, geri d\u00f6n\u00fc\u015f\u00fcm yap\u0131lmas\u0131 \u00fczere ilgili yerlere g\u00f6nderilir. Fakat par\u00e7alanan ve [&#8230;]\n","protected":false},"author":1,"featured_media":0,"parent":0,"menu_order":0,"comment_status":"closed","ping_status":"closed","template":"","meta":{"footnotes":""},"class_list":["post-173","page","type-page","status-publish","hentry"],"yoast_head":"<!-- This site is optimized with the Yoast SEO plugin v26.9 - https:\/\/yoast.com\/product\/yoast-seo-wordpress\/ -->\n<title>\u0130mha Hizmeti - UGD Elektronik At\u0131k<\/title>\n<meta name=\"robots\" content=\"index, follow, max-snippet:-1, max-image-preview:large, max-video-preview:-1\" \/>\n<link rel=\"canonical\" href=\"https:\/\/ugdelektronikatik.com\/index.php\/imha-hizmeti\/\" \/>\n<meta property=\"og:locale\" content=\"tr_TR\" \/>\n<meta property=\"og:type\" content=\"article\" \/>\n<meta property=\"og:title\" content=\"\u0130mha Hizmeti - UGD Elektronik At\u0131k\" \/>\n<meta property=\"og:description\" content=\"\u0130mha Hizmeti \u0130mha hizmeti asl\u0131nda \u015fu \u015fekilde tabir edildi\u011finde daha anla\u015f\u0131l\u0131r bir hale gelecektir. Geri d\u00f6n\u00fc\u015f\u00fcm i\u00e7in toplanan at\u0131klar, yetkili ve sertifikaya sahip olan firmalar taraf\u0131ndan incelenir ve gerekirse k\u0131rma makinelerinde par\u00e7aland\u0131ktan sonra bile\u015fenlerine ayr\u0131l\u0131r.Bu esnada i\u00e7erisinden \u00e7\u0131kan faydal\u0131 ve geri d\u00f6n\u00fc\u015f\u00fcme m\u00fcsait olan maddeler, geri d\u00f6n\u00fc\u015f\u00fcm yap\u0131lmas\u0131 \u00fczere ilgili yerlere g\u00f6nderilir. Fakat par\u00e7alanan ve [...]\" \/>\n<meta property=\"og:url\" content=\"https:\/\/ugdelektronikatik.com\/index.php\/imha-hizmeti\/\" \/>\n<meta property=\"og:site_name\" content=\"UGD Elektronik At\u0131k\" \/>\n<meta property=\"article:modified_time\" content=\"2020-11-12T06:52:18+00:00\" \/>\n<meta name=\"twitter:card\" content=\"summary_large_image\" \/>\n<meta name=\"twitter:label1\" content=\"Tahmini okuma s\u00fcresi\" \/>\n\t<meta name=\"twitter:data1\" content=\"2 dakika\" \/>\n<script type=\"application\/ld+json\" class=\"yoast-schema-graph\">{\"@context\":\"https:\/\/schema.org\",\"@graph\":[{\"@type\":\"WebPage\",\"@id\":\"https:\/\/ugdelektronikatik.com\/index.php\/imha-hizmeti\/\",\"url\":\"https:\/\/ugdelektronikatik.com\/index.php\/imha-hizmeti\/\",\"name\":\"\u0130mha Hizmeti - UGD Elektronik At\u0131k\",\"isPartOf\":{\"@id\":\"https:\/\/ugdelektronikatik.com\/#website\"},\"datePublished\":\"2020-10-22T11:11:42+00:00\",\"dateModified\":\"2020-11-12T06:52:18+00:00\",\"breadcrumb\":{\"@id\":\"https:\/\/ugdelektronikatik.com\/index.php\/imha-hizmeti\/#breadcrumb\"},\"inLanguage\":\"tr\",\"potentialAction\":[{\"@type\":\"ReadAction\",\"target\":[\"https:\/\/ugdelektronikatik.com\/index.php\/imha-hizmeti\/\"]}]},{\"@type\":\"BreadcrumbList\",\"@id\":\"https:\/\/ugdelektronikatik.com\/index.php\/imha-hizmeti\/#breadcrumb\",\"itemListElement\":[{\"@type\":\"ListItem\",\"position\":1,\"name\":\"Ana sayfa\",\"item\":\"https:\/\/ugdelektronikatik.com\/\"},{\"@type\":\"ListItem\",\"position\":2,\"name\":\"\u0130mha Hizmeti\"}]},{\"@type\":\"WebSite\",\"@id\":\"https:\/\/ugdelektronikatik.com\/#website\",\"url\":\"https:\/\/ugdelektronikatik.com\/\",\"name\":\"UGD Elektronik At\u0131k\",\"description\":\"Bir ba\u015fka WordPress sitesi\",\"potentialAction\":[{\"@type\":\"SearchAction\",\"target\":{\"@type\":\"EntryPoint\",\"urlTemplate\":\"https:\/\/ugdelektronikatik.com\/?s={search_term_string}\"},\"query-input\":{\"@type\":\"PropertyValueSpecification\",\"valueRequired\":true,\"valueName\":\"search_term_string\"}}],\"inLanguage\":\"tr\"}]}<\/script>\n<!-- \/ Yoast SEO plugin. -->","yoast_head_json":{"title":"\u0130mha Hizmeti - UGD Elektronik At\u0131k","robots":{"index":"index","follow":"follow","max-snippet":"max-snippet:-1","max-image-preview":"max-image-preview:large","max-video-preview":"max-video-preview:-1"},"canonical":"https:\/\/ugdelektronikatik.com\/index.php\/imha-hizmeti\/","og_locale":"tr_TR","og_type":"article","og_title":"\u0130mha Hizmeti - UGD Elektronik At\u0131k","og_description":"\u0130mha Hizmeti \u0130mha hizmeti asl\u0131nda \u015fu \u015fekilde tabir edildi\u011finde daha anla\u015f\u0131l\u0131r bir hale gelecektir. Geri d\u00f6n\u00fc\u015f\u00fcm i\u00e7in toplanan at\u0131klar, yetkili ve sertifikaya sahip olan firmalar taraf\u0131ndan incelenir ve gerekirse k\u0131rma makinelerinde par\u00e7aland\u0131ktan sonra bile\u015fenlerine ayr\u0131l\u0131r.Bu esnada i\u00e7erisinden \u00e7\u0131kan faydal\u0131 ve geri d\u00f6n\u00fc\u015f\u00fcme m\u00fcsait olan maddeler, geri d\u00f6n\u00fc\u015f\u00fcm yap\u0131lmas\u0131 \u00fczere ilgili yerlere g\u00f6nderilir. Fakat par\u00e7alanan ve [...]","og_url":"https:\/\/ugdelektronikatik.com\/index.php\/imha-hizmeti\/","og_site_name":"UGD Elektronik At\u0131k","article_modified_time":"2020-11-12T06:52:18+00:00","twitter_card":"summary_large_image","twitter_misc":{"Tahmini okuma s\u00fcresi":"2 dakika"},"schema":{"@context":"https:\/\/schema.org","@graph":[{"@type":"WebPage","@id":"https:\/\/ugdelektronikatik.com\/index.php\/imha-hizmeti\/","url":"https:\/\/ugdelektronikatik.com\/index.php\/imha-hizmeti\/","name":"\u0130mha Hizmeti - UGD Elektronik At\u0131k","isPartOf":{"@id":"https:\/\/ugdelektronikatik.com\/#website"},"datePublished":"2020-10-22T11:11:42+00:00","dateModified":"2020-11-12T06:52:18+00:00","breadcrumb":{"@id":"https:\/\/ugdelektronikatik.com\/index.php\/imha-hizmeti\/#breadcrumb"},"inLanguage":"tr","potentialAction":[{"@type":"ReadAction","target":["https:\/\/ugdelektronikatik.com\/index.php\/imha-hizmeti\/"]}]},{"@type":"BreadcrumbList","@id":"https:\/\/ugdelektronikatik.com\/index.php\/imha-hizmeti\/#breadcrumb","itemListElement":[{"@type":"ListItem","position":1,"name":"Ana sayfa","item":"https:\/\/ugdelektronikatik.com\/"},{"@type":"ListItem","position":2,"name":"\u0130mha Hizmeti"}]},{"@type":"WebSite","@id":"https:\/\/ugdelektronikatik.com\/#website","url":"https:\/\/ugdelektronikatik.com\/","name":"UGD Elektronik At\u0131k","description":"Bir ba\u015fka WordPress sitesi","potentialAction":[{"@type":"SearchAction","target":{"@type":"EntryPoint","urlTemplate":"https:\/\/ugdelektronikatik.com\/?s={search_term_string}"},"query-input":{"@type":"PropertyValueSpecification","valueRequired":true,"valueName":"search_term_string"}}],"inLanguage":"tr"}]}},"_links":{"self":[{"href":"https:\/\/ugdelektronikatik.com\/index.php\/wp-json\/wp\/v2\/pages\/173","targetHints":{"allow":["GET"]}}],"collection":[{"href":"https:\/\/ugdelektronikatik.com\/index.php\/wp-json\/wp\/v2\/pages"}],"about":[{"href":"https:\/\/ugdelektronikatik.com\/index.php\/wp-json\/wp\/v2\/types\/page"}],"author":[{"embeddable":true,"href":"https:\/\/ugdelektronikatik.com\/index.php\/wp-json\/wp\/v2\/users\/1"}],"replies":[{"embeddable":true,"href":"https:\/\/ugdelektronikatik.com\/index.php\/wp-json\/wp\/v2\/comments?post=173"}],"version-history":[{"count":2,"href":"https:\/\/ugdelektronikatik.com\/index.php\/wp-json\/wp\/v2\/pages\/173\/revisions"}],"predecessor-version":[{"id":294,"href":"https:\/\/ugdelektronikatik.com\/index.php\/wp-json\/wp\/v2\/pages\/173\/revisions\/294"}],"wp:attachment":[{"href":"https:\/\/ugdelektronikatik.com\/index.php\/wp-json\/wp\/v2\/media?parent=173"}],"curies":[{"name":"wp","href":"https:\/\/api.w.org\/{rel}","templated":true}]}}