{"id":170,"date":"2020-10-22T14:06:26","date_gmt":"2020-10-22T11:06:26","guid":{"rendered":"https:\/\/ugdelektronikatik.com\/?page_id=170"},"modified":"2020-11-12T09:59:17","modified_gmt":"2020-11-12T06:59:17","slug":"hurda-katalizor-geri-donusumu","status":"publish","type":"page","link":"https:\/\/ugdelektronikatik.com\/index.php\/hurda-katalizor-geri-donusumu\/","title":{"rendered":"Hurda Kataliz\u00f6r Geri D\u00f6n\u00fc\u015f\u00fcm\u00fc"},"content":{"rendered":"\n\n  <div class=\"banner has-hover\" id=\"banner-880523055\">\n          <div class=\"banner-inner fill\">\n        <div class=\"banner-bg fill\" >\n            <img loading=\"lazy\" decoding=\"async\" width=\"1138\" height=\"680\" src=\"https:\/\/ugdelektronikatik.com\/wp-content\/uploads\/2020\/11\/hurda-katalizor.jpg\" class=\"bg attachment-original size-original\" alt=\"\" \/>                                    \n                    <\/div>\n\t\t\n        <div class=\"banner-layers container\">\n            <div class=\"fill banner-link\"><\/div>            \n\n\n        <\/div>\n      <\/div>\n\n            \n<style>\n#banner-880523055 {\n  padding-top: 18%;\n}\n#banner-880523055 .banner-bg img {\n  object-position: 24% 99%;\n}\n<\/style>\n  <\/div>\n\n\n\t<div id=\"gap-1414796495\" class=\"gap-element clearfix\" style=\"display:block; height:auto;\">\n\t\t\n<style>\n#gap-1414796495 {\n  padding-top: 20px;\n}\n<\/style>\n\t<\/div>\n\t\n\n\n\n\n<h1 class=\"wp-block-heading\">Hurda Kataliz\u00f6r Geri D\u00f6n\u00fc\u015f\u00fcm\u00fc<\/h1>\n\n<p><br>Hurda kataliz\u00f6r geri d\u00f6n\u00fc\u015f\u00fcm\u00fc i\u00e7erisindeki de\u011ferli metallerin ortaya \u00e7\u0131kar\u0131lmas\u0131 a\u00e7\u0131s\u0131ndan olduk\u00e7a \u00f6nemlidir. Hurda kataliz\u00f6r ayn\u0131 zamanda oto kataliz\u00f6r olarak da bilinir. Kataliz\u00f6rler, seramik ve metalik olarak ikiye ayr\u0131lan, egzozun gaz\u0131n\u0131 daha temiz olarak salg\u0131lamay\u0131 sa\u011flayan bir par\u00e7ad\u0131r. Ara\u00e7lar\u0131n i\u00e7erisinde kullan\u0131lan bu malzeme, art\u0131k tamir edilemeyecek kadar hasar ald\u0131\u011f\u0131nda ve kullan\u0131m \u00f6mr\u00fcn\u00fc tamamlad\u0131\u011f\u0131nda geri d\u00f6n\u00fc\u015f\u00fcm taraf\u0131ndan toplan\u0131r.<\/p>\n\n<h2 class=\"wp-block-heading\"><br>Kataliz\u00f6r Geri D\u00f6n\u00fc\u015f\u00fcm\u00fc Nas\u0131l Meydana Gelir?<\/h2>\n\n<p>Hurda kataliz\u00f6r geri d\u00f6n\u00fc\u015f\u00fcm\u00fc yap\u0131lmadan \u00f6nce kataliz\u00f6r\u00fcn i\u00e7erisindeki de\u011ferli metaller tespit edilir. Bu metallerin tespiti \u00f6\u011f\u00fctme ve numunelendirme i\u015flemleri ile tamamland\u0131\u011f\u0131nda geri d\u00f6n\u00fc\u015f\u00fcm i\u00e7in gerekli i\u015flemlere ba\u015flan\u0131r ve metaller kar olarak elde edilir. Madencilik kadar belki de daha fazla k\u00e2r\u0131 olan bu i\u015flem ayn\u0131 zamanda bir\u00e7ok \u00fcr\u00fcn\u00fcn \u00fcretiminde de fayda sa\u011flam\u0131\u015f olur.<\/p>\n\n<h3 class=\"wp-block-heading\"><br>Kataliz\u00f6r Ba\u015fka Nerelerde Kullan\u0131l\u0131r?<\/h3>\n\n<p><br>Kataliz\u00f6rler arabalarda bulunan egzoz duman\u0131n\u0131 daha az zararl\u0131 hale getirdi\u011fi gibi ayn\u0131 zamanda bir de end\u00fcstriyel alanlardaki bacalardan \u00e7\u0131kan zararl\u0131 dumanlarda da kullan\u0131l\u0131r. Bu zararl\u0131 dumanlar\u0131n neredeyse y\u00fczde doksan\u0131n\u0131 su buhar\u0131na ve karbon dioksite \u00e7evirir. Bu kadar fayda sa\u011fland\u0131ktan sonra i\u015flevini yitiren kataliz\u00f6rler daha farkl\u0131 faydalar i\u00e7in geri kazan\u0131l\u0131r. Zira de\u011ferli metallere her \u00fcr\u00fcnde ihtiya\u00e7 oldu\u011fu gibi ayn\u0131 zamanda b\u00fct\u00e7e olarak da \u00e7ok fazla fiyata sahiptir. Geri d\u00f6n\u00fc\u015f\u00fcm\u00fc sayesinde hem maddi hem de manevi karlar elde edilir.<\/p>\n","protected":false},"excerpt":{"rendered":"<p>Hurda Kataliz\u00f6r Geri D\u00f6n\u00fc\u015f\u00fcm\u00fc Hurda kataliz\u00f6r geri d\u00f6n\u00fc\u015f\u00fcm\u00fc i\u00e7erisindeki de\u011ferli metallerin ortaya \u00e7\u0131kar\u0131lmas\u0131 a\u00e7\u0131s\u0131ndan olduk\u00e7a \u00f6nemlidir. Hurda kataliz\u00f6r ayn\u0131 zamanda oto kataliz\u00f6r olarak da bilinir. Kataliz\u00f6rler, seramik ve metalik olarak ikiye ayr\u0131lan, egzozun gaz\u0131n\u0131 daha temiz olarak salg\u0131lamay\u0131 sa\u011flayan bir par\u00e7ad\u0131r. Ara\u00e7lar\u0131n i\u00e7erisinde kullan\u0131lan bu malzeme, art\u0131k tamir edilemeyecek kadar hasar ald\u0131\u011f\u0131nda ve kullan\u0131m \u00f6mr\u00fcn\u00fc [&#8230;]\n","protected":false},"author":1,"featured_media":0,"parent":0,"menu_order":0,"comment_status":"closed","ping_status":"closed","template":"","meta":{"footnotes":""},"class_list":["post-170","page","type-page","status-publish","hentry"],"yoast_head":"<!-- This site is optimized with the Yoast SEO plugin v26.9 - https:\/\/yoast.com\/product\/yoast-seo-wordpress\/ -->\n<title>Hurda Kataliz\u00f6r Geri D\u00f6n\u00fc\u015f\u00fcm\u00fc - UGD Elektronik At\u0131k<\/title>\n<meta name=\"robots\" content=\"index, follow, max-snippet:-1, max-image-preview:large, max-video-preview:-1\" \/>\n<link rel=\"canonical\" href=\"https:\/\/ugdelektronikatik.com\/index.php\/hurda-katalizor-geri-donusumu\/\" \/>\n<meta property=\"og:locale\" content=\"tr_TR\" \/>\n<meta property=\"og:type\" content=\"article\" \/>\n<meta property=\"og:title\" content=\"Hurda Kataliz\u00f6r Geri D\u00f6n\u00fc\u015f\u00fcm\u00fc - UGD Elektronik At\u0131k\" \/>\n<meta property=\"og:description\" content=\"Hurda Kataliz\u00f6r Geri D\u00f6n\u00fc\u015f\u00fcm\u00fc Hurda kataliz\u00f6r geri d\u00f6n\u00fc\u015f\u00fcm\u00fc i\u00e7erisindeki de\u011ferli metallerin ortaya \u00e7\u0131kar\u0131lmas\u0131 a\u00e7\u0131s\u0131ndan olduk\u00e7a \u00f6nemlidir. Hurda kataliz\u00f6r ayn\u0131 zamanda oto kataliz\u00f6r olarak da bilinir. Kataliz\u00f6rler, seramik ve metalik olarak ikiye ayr\u0131lan, egzozun gaz\u0131n\u0131 daha temiz olarak salg\u0131lamay\u0131 sa\u011flayan bir par\u00e7ad\u0131r. Ara\u00e7lar\u0131n i\u00e7erisinde kullan\u0131lan bu malzeme, art\u0131k tamir edilemeyecek kadar hasar ald\u0131\u011f\u0131nda ve kullan\u0131m \u00f6mr\u00fcn\u00fc [...]\" \/>\n<meta property=\"og:url\" content=\"https:\/\/ugdelektronikatik.com\/index.php\/hurda-katalizor-geri-donusumu\/\" \/>\n<meta property=\"og:site_name\" content=\"UGD Elektronik At\u0131k\" \/>\n<meta property=\"article:modified_time\" content=\"2020-11-12T06:59:17+00:00\" \/>\n<meta name=\"twitter:card\" content=\"summary_large_image\" \/>\n<meta name=\"twitter:label1\" content=\"Tahmini okuma s\u00fcresi\" \/>\n\t<meta name=\"twitter:data1\" content=\"2 dakika\" \/>\n<script type=\"application\/ld+json\" class=\"yoast-schema-graph\">{\"@context\":\"https:\/\/schema.org\",\"@graph\":[{\"@type\":\"WebPage\",\"@id\":\"https:\/\/ugdelektronikatik.com\/index.php\/hurda-katalizor-geri-donusumu\/\",\"url\":\"https:\/\/ugdelektronikatik.com\/index.php\/hurda-katalizor-geri-donusumu\/\",\"name\":\"Hurda Kataliz\u00f6r Geri D\u00f6n\u00fc\u015f\u00fcm\u00fc - UGD Elektronik At\u0131k\",\"isPartOf\":{\"@id\":\"https:\/\/ugdelektronikatik.com\/#website\"},\"datePublished\":\"2020-10-22T11:06:26+00:00\",\"dateModified\":\"2020-11-12T06:59:17+00:00\",\"breadcrumb\":{\"@id\":\"https:\/\/ugdelektronikatik.com\/index.php\/hurda-katalizor-geri-donusumu\/#breadcrumb\"},\"inLanguage\":\"tr\",\"potentialAction\":[{\"@type\":\"ReadAction\",\"target\":[\"https:\/\/ugdelektronikatik.com\/index.php\/hurda-katalizor-geri-donusumu\/\"]}]},{\"@type\":\"BreadcrumbList\",\"@id\":\"https:\/\/ugdelektronikatik.com\/index.php\/hurda-katalizor-geri-donusumu\/#breadcrumb\",\"itemListElement\":[{\"@type\":\"ListItem\",\"position\":1,\"name\":\"Ana sayfa\",\"item\":\"https:\/\/ugdelektronikatik.com\/\"},{\"@type\":\"ListItem\",\"position\":2,\"name\":\"Hurda Kataliz\u00f6r Geri D\u00f6n\u00fc\u015f\u00fcm\u00fc\"}]},{\"@type\":\"WebSite\",\"@id\":\"https:\/\/ugdelektronikatik.com\/#website\",\"url\":\"https:\/\/ugdelektronikatik.com\/\",\"name\":\"UGD Elektronik At\u0131k\",\"description\":\"Bir ba\u015fka WordPress sitesi\",\"potentialAction\":[{\"@type\":\"SearchAction\",\"target\":{\"@type\":\"EntryPoint\",\"urlTemplate\":\"https:\/\/ugdelektronikatik.com\/?s={search_term_string}\"},\"query-input\":{\"@type\":\"PropertyValueSpecification\",\"valueRequired\":true,\"valueName\":\"search_term_string\"}}],\"inLanguage\":\"tr\"}]}<\/script>\n<!-- \/ Yoast SEO plugin. -->","yoast_head_json":{"title":"Hurda Kataliz\u00f6r Geri D\u00f6n\u00fc\u015f\u00fcm\u00fc - UGD Elektronik At\u0131k","robots":{"index":"index","follow":"follow","max-snippet":"max-snippet:-1","max-image-preview":"max-image-preview:large","max-video-preview":"max-video-preview:-1"},"canonical":"https:\/\/ugdelektronikatik.com\/index.php\/hurda-katalizor-geri-donusumu\/","og_locale":"tr_TR","og_type":"article","og_title":"Hurda Kataliz\u00f6r Geri D\u00f6n\u00fc\u015f\u00fcm\u00fc - UGD Elektronik At\u0131k","og_description":"Hurda Kataliz\u00f6r Geri D\u00f6n\u00fc\u015f\u00fcm\u00fc Hurda kataliz\u00f6r geri d\u00f6n\u00fc\u015f\u00fcm\u00fc i\u00e7erisindeki de\u011ferli metallerin ortaya \u00e7\u0131kar\u0131lmas\u0131 a\u00e7\u0131s\u0131ndan olduk\u00e7a \u00f6nemlidir. Hurda kataliz\u00f6r ayn\u0131 zamanda oto kataliz\u00f6r olarak da bilinir. Kataliz\u00f6rler, seramik ve metalik olarak ikiye ayr\u0131lan, egzozun gaz\u0131n\u0131 daha temiz olarak salg\u0131lamay\u0131 sa\u011flayan bir par\u00e7ad\u0131r. Ara\u00e7lar\u0131n i\u00e7erisinde kullan\u0131lan bu malzeme, art\u0131k tamir edilemeyecek kadar hasar ald\u0131\u011f\u0131nda ve kullan\u0131m \u00f6mr\u00fcn\u00fc [...]","og_url":"https:\/\/ugdelektronikatik.com\/index.php\/hurda-katalizor-geri-donusumu\/","og_site_name":"UGD Elektronik At\u0131k","article_modified_time":"2020-11-12T06:59:17+00:00","twitter_card":"summary_large_image","twitter_misc":{"Tahmini okuma s\u00fcresi":"2 dakika"},"schema":{"@context":"https:\/\/schema.org","@graph":[{"@type":"WebPage","@id":"https:\/\/ugdelektronikatik.com\/index.php\/hurda-katalizor-geri-donusumu\/","url":"https:\/\/ugdelektronikatik.com\/index.php\/hurda-katalizor-geri-donusumu\/","name":"Hurda Kataliz\u00f6r Geri D\u00f6n\u00fc\u015f\u00fcm\u00fc - UGD Elektronik At\u0131k","isPartOf":{"@id":"https:\/\/ugdelektronikatik.com\/#website"},"datePublished":"2020-10-22T11:06:26+00:00","dateModified":"2020-11-12T06:59:17+00:00","breadcrumb":{"@id":"https:\/\/ugdelektronikatik.com\/index.php\/hurda-katalizor-geri-donusumu\/#breadcrumb"},"inLanguage":"tr","potentialAction":[{"@type":"ReadAction","target":["https:\/\/ugdelektronikatik.com\/index.php\/hurda-katalizor-geri-donusumu\/"]}]},{"@type":"BreadcrumbList","@id":"https:\/\/ugdelektronikatik.com\/index.php\/hurda-katalizor-geri-donusumu\/#breadcrumb","itemListElement":[{"@type":"ListItem","position":1,"name":"Ana sayfa","item":"https:\/\/ugdelektronikatik.com\/"},{"@type":"ListItem","position":2,"name":"Hurda Kataliz\u00f6r Geri D\u00f6n\u00fc\u015f\u00fcm\u00fc"}]},{"@type":"WebSite","@id":"https:\/\/ugdelektronikatik.com\/#website","url":"https:\/\/ugdelektronikatik.com\/","name":"UGD Elektronik At\u0131k","description":"Bir ba\u015fka WordPress sitesi","potentialAction":[{"@type":"SearchAction","target":{"@type":"EntryPoint","urlTemplate":"https:\/\/ugdelektronikatik.com\/?s={search_term_string}"},"query-input":{"@type":"PropertyValueSpecification","valueRequired":true,"valueName":"search_term_string"}}],"inLanguage":"tr"}]}},"_links":{"self":[{"href":"https:\/\/ugdelektronikatik.com\/index.php\/wp-json\/wp\/v2\/pages\/170","targetHints":{"allow":["GET"]}}],"collection":[{"href":"https:\/\/ugdelektronikatik.com\/index.php\/wp-json\/wp\/v2\/pages"}],"about":[{"href":"https:\/\/ugdelektronikatik.com\/index.php\/wp-json\/wp\/v2\/types\/page"}],"author":[{"embeddable":true,"href":"https:\/\/ugdelektronikatik.com\/index.php\/wp-json\/wp\/v2\/users\/1"}],"replies":[{"embeddable":true,"href":"https:\/\/ugdelektronikatik.com\/index.php\/wp-json\/wp\/v2\/comments?post=170"}],"version-history":[{"count":3,"href":"https:\/\/ugdelektronikatik.com\/index.php\/wp-json\/wp\/v2\/pages\/170\/revisions"}],"predecessor-version":[{"id":297,"href":"https:\/\/ugdelektronikatik.com\/index.php\/wp-json\/wp\/v2\/pages\/170\/revisions\/297"}],"wp:attachment":[{"href":"https:\/\/ugdelektronikatik.com\/index.php\/wp-json\/wp\/v2\/media?parent=170"}],"curies":[{"name":"wp","href":"https:\/\/api.w.org\/{rel}","templated":true}]}}