{"id":166,"date":"2020-10-22T14:01:50","date_gmt":"2020-10-22T11:01:50","guid":{"rendered":"https:\/\/ugdelektronikatik.com\/?page_id=166"},"modified":"2020-11-12T10:06:11","modified_gmt":"2020-11-12T07:06:11","slug":"filtre-geri-donusumu","status":"publish","type":"page","link":"https:\/\/ugdelektronikatik.com\/index.php\/filtre-geri-donusumu\/","title":{"rendered":"Filtre Geri D\u00f6n\u00fc\u015f\u00fcm\u00fc"},"content":{"rendered":"\n\n  <div class=\"banner has-hover\" id=\"banner-40653276\">\n          <div class=\"banner-inner fill\">\n        <div class=\"banner-bg fill\" >\n            <img loading=\"lazy\" decoding=\"async\" width=\"800\" height=\"535\" src=\"https:\/\/ugdelektronikatik.com\/wp-content\/uploads\/2020\/11\/filtre-geri.jpg\" class=\"bg attachment-original size-original\" alt=\"\" \/>                                    \n                    <\/div>\n\t\t\n        <div class=\"banner-layers container\">\n            <div class=\"fill banner-link\"><\/div>            \n\n\n        <\/div>\n      <\/div>\n\n            \n<style>\n#banner-40653276 {\n  padding-top: 18%;\n}\n#banner-40653276 .banner-bg img {\n  object-position: 0% 29%;\n}\n<\/style>\n  <\/div>\n\n\n\t<div id=\"gap-891106240\" class=\"gap-element clearfix\" style=\"display:block; height:auto;\">\n\t\t\n<style>\n#gap-891106240 {\n  padding-top: 20px;\n}\n<\/style>\n\t<\/div>\n\t\n\n\n\n\n<h1 class=\"wp-block-heading\">Filtre Geri D\u00f6n\u00fc\u015f\u00fcm\u00fc<\/h1>\n\n<p><br>Do\u011fada daha az at\u0131k bulunup temiz bir hale gelebilmesi i\u00e7in ve ayr\u0131ca ekonomi i\u00e7in de yeni malzemeler almak yerine geri d\u00f6n\u00fc\u015f\u00fcm sayesinde fayda sa\u011flanabilmesi i\u00e7in bir\u00e7ok \u00fcr\u00fcn geri d\u00f6n\u00fc\u015ft\u00fcr\u00fcl\u00fcr. Bunlardan bir tanesi de ara\u00e7larda, ev malzemelerinde ve daha bir\u00e7ok yerde kullan\u0131lan filtrelerdir.<br>Bu filtreler hem kullan\u0131lan malzemenin i\u00e7erisindeki temizli\u011fi sa\u011flarken hem de geri d\u00f6n\u00fc\u015ft\u00fcr\u00fclerek yeniden faydal\u0131 maddeler halinde gelmektedir. Filtre geri d\u00f6n\u00fc\u015f\u00fcm\u00fc sayesinde tehlikeli at\u0131k s\u0131n\u0131f\u0131ndan olan ya\u011f, hava, yak\u0131t filtrelerinin at\u0131k olmaktan \u00e7\u0131karak, yeniden fayda sa\u011flanmas\u0131 ger\u00e7ekle\u015fir. Her ne kadar s\u00fcreci ve zahmeti zor olsa da bir\u00e7ok faydas\u0131 bulunur.<\/p>\n\n<h2 class=\"wp-block-heading\"><br>Filtre Geri D\u00f6n\u00fc\u015f\u00fcm\u00fcndeki Faydalar<\/h2>\n\n<p>Filtre geri d\u00f6n\u00fc\u015f\u00fcm\u00fc faydalar\u0131ndan en \u00f6nemli olan madde, filtreler tehlikeli at\u0131k s\u0131n\u0131f\u0131na d\u00e2hil oldu\u011fu i\u00e7in do\u011faya verecekleri zarar engellenir. Zira do\u011faya at\u0131lan binlerce filtre orada yok olmas\u0131 beklenirken yetkililer taraf\u0131ndan toplan\u0131r ve d\u00fczenli bir \u015fekilde depolanarak sevk edilir. Bu sayede gerekli i\u015flemler ve s\u00fcre\u00e7lerden ge\u00e7erek yeniden d\u00f6n\u00fc\u015ft\u00fcr\u00fclen ve ham madde olarak geri kazan\u0131lan filtreler hem do\u011fa temizli\u011fini ve sa\u011fl\u0131\u011f\u0131n\u0131 korudu\u011fu gibi, ayn\u0131 zamanda ekonomiye de olduk\u00e7a fayda sa\u011flar.<br>Sertifika ve yetkiye sahip olan firmalar taraf\u0131ndan toparlanan ve d\u00fczenli bir \u015fekilde depolanan filtreler bile\u015fenlere ayr\u0131lmas\u0131 zor olan maddeler aras\u0131ndad\u0131r. Bile\u015fenlerine ayr\u0131lan filtreler ya\u011f enerjiye ya da ham maddeye d\u00f6n\u00fc\u015ft\u00fcr\u00fclerek tamamen geri kazand\u0131r\u0131lan \u00fcr\u00fcnler aras\u0131ndad\u0131r.<\/p>\n","protected":false},"excerpt":{"rendered":"<p>Filtre Geri D\u00f6n\u00fc\u015f\u00fcm\u00fc Do\u011fada daha az at\u0131k bulunup temiz bir hale gelebilmesi i\u00e7in ve ayr\u0131ca ekonomi i\u00e7in de yeni malzemeler almak yerine geri d\u00f6n\u00fc\u015f\u00fcm sayesinde fayda sa\u011flanabilmesi i\u00e7in bir\u00e7ok \u00fcr\u00fcn geri d\u00f6n\u00fc\u015ft\u00fcr\u00fcl\u00fcr. Bunlardan bir tanesi de ara\u00e7larda, ev malzemelerinde ve daha bir\u00e7ok yerde kullan\u0131lan filtrelerdir.Bu filtreler hem kullan\u0131lan malzemenin i\u00e7erisindeki temizli\u011fi sa\u011flarken hem de geri [&#8230;]\n","protected":false},"author":1,"featured_media":0,"parent":0,"menu_order":0,"comment_status":"closed","ping_status":"closed","template":"","meta":{"footnotes":""},"class_list":["post-166","page","type-page","status-publish","hentry"],"yoast_head":"<!-- This site is optimized with the Yoast SEO plugin v26.9 - https:\/\/yoast.com\/product\/yoast-seo-wordpress\/ -->\n<title>Filtre Geri D\u00f6n\u00fc\u015f\u00fcm\u00fc - UGD Elektronik At\u0131k<\/title>\n<meta name=\"robots\" content=\"index, follow, max-snippet:-1, max-image-preview:large, max-video-preview:-1\" \/>\n<link rel=\"canonical\" href=\"https:\/\/ugdelektronikatik.com\/index.php\/filtre-geri-donusumu\/\" \/>\n<meta property=\"og:locale\" content=\"tr_TR\" \/>\n<meta property=\"og:type\" content=\"article\" \/>\n<meta property=\"og:title\" content=\"Filtre Geri D\u00f6n\u00fc\u015f\u00fcm\u00fc - UGD Elektronik At\u0131k\" \/>\n<meta property=\"og:description\" content=\"Filtre Geri D\u00f6n\u00fc\u015f\u00fcm\u00fc Do\u011fada daha az at\u0131k bulunup temiz bir hale gelebilmesi i\u00e7in ve ayr\u0131ca ekonomi i\u00e7in de yeni malzemeler almak yerine geri d\u00f6n\u00fc\u015f\u00fcm sayesinde fayda sa\u011flanabilmesi i\u00e7in bir\u00e7ok \u00fcr\u00fcn geri d\u00f6n\u00fc\u015ft\u00fcr\u00fcl\u00fcr. Bunlardan bir tanesi de ara\u00e7larda, ev malzemelerinde ve daha bir\u00e7ok yerde kullan\u0131lan filtrelerdir.Bu filtreler hem kullan\u0131lan malzemenin i\u00e7erisindeki temizli\u011fi sa\u011flarken hem de geri [...]\" \/>\n<meta property=\"og:url\" content=\"https:\/\/ugdelektronikatik.com\/index.php\/filtre-geri-donusumu\/\" \/>\n<meta property=\"og:site_name\" content=\"UGD Elektronik At\u0131k\" \/>\n<meta property=\"article:modified_time\" content=\"2020-11-12T07:06:11+00:00\" \/>\n<meta name=\"twitter:card\" content=\"summary_large_image\" \/>\n<meta name=\"twitter:label1\" content=\"Tahmini okuma s\u00fcresi\" \/>\n\t<meta name=\"twitter:data1\" content=\"2 dakika\" \/>\n<script type=\"application\/ld+json\" class=\"yoast-schema-graph\">{\"@context\":\"https:\/\/schema.org\",\"@graph\":[{\"@type\":\"WebPage\",\"@id\":\"https:\/\/ugdelektronikatik.com\/index.php\/filtre-geri-donusumu\/\",\"url\":\"https:\/\/ugdelektronikatik.com\/index.php\/filtre-geri-donusumu\/\",\"name\":\"Filtre Geri D\u00f6n\u00fc\u015f\u00fcm\u00fc - UGD Elektronik At\u0131k\",\"isPartOf\":{\"@id\":\"https:\/\/ugdelektronikatik.com\/#website\"},\"datePublished\":\"2020-10-22T11:01:50+00:00\",\"dateModified\":\"2020-11-12T07:06:11+00:00\",\"breadcrumb\":{\"@id\":\"https:\/\/ugdelektronikatik.com\/index.php\/filtre-geri-donusumu\/#breadcrumb\"},\"inLanguage\":\"tr\",\"potentialAction\":[{\"@type\":\"ReadAction\",\"target\":[\"https:\/\/ugdelektronikatik.com\/index.php\/filtre-geri-donusumu\/\"]}]},{\"@type\":\"BreadcrumbList\",\"@id\":\"https:\/\/ugdelektronikatik.com\/index.php\/filtre-geri-donusumu\/#breadcrumb\",\"itemListElement\":[{\"@type\":\"ListItem\",\"position\":1,\"name\":\"Ana sayfa\",\"item\":\"https:\/\/ugdelektronikatik.com\/\"},{\"@type\":\"ListItem\",\"position\":2,\"name\":\"Filtre Geri D\u00f6n\u00fc\u015f\u00fcm\u00fc\"}]},{\"@type\":\"WebSite\",\"@id\":\"https:\/\/ugdelektronikatik.com\/#website\",\"url\":\"https:\/\/ugdelektronikatik.com\/\",\"name\":\"UGD Elektronik At\u0131k\",\"description\":\"Bir ba\u015fka WordPress sitesi\",\"potentialAction\":[{\"@type\":\"SearchAction\",\"target\":{\"@type\":\"EntryPoint\",\"urlTemplate\":\"https:\/\/ugdelektronikatik.com\/?s={search_term_string}\"},\"query-input\":{\"@type\":\"PropertyValueSpecification\",\"valueRequired\":true,\"valueName\":\"search_term_string\"}}],\"inLanguage\":\"tr\"}]}<\/script>\n<!-- \/ Yoast SEO plugin. -->","yoast_head_json":{"title":"Filtre Geri D\u00f6n\u00fc\u015f\u00fcm\u00fc - UGD Elektronik At\u0131k","robots":{"index":"index","follow":"follow","max-snippet":"max-snippet:-1","max-image-preview":"max-image-preview:large","max-video-preview":"max-video-preview:-1"},"canonical":"https:\/\/ugdelektronikatik.com\/index.php\/filtre-geri-donusumu\/","og_locale":"tr_TR","og_type":"article","og_title":"Filtre Geri D\u00f6n\u00fc\u015f\u00fcm\u00fc - UGD Elektronik At\u0131k","og_description":"Filtre Geri D\u00f6n\u00fc\u015f\u00fcm\u00fc Do\u011fada daha az at\u0131k bulunup temiz bir hale gelebilmesi i\u00e7in ve ayr\u0131ca ekonomi i\u00e7in de yeni malzemeler almak yerine geri d\u00f6n\u00fc\u015f\u00fcm sayesinde fayda sa\u011flanabilmesi i\u00e7in bir\u00e7ok \u00fcr\u00fcn geri d\u00f6n\u00fc\u015ft\u00fcr\u00fcl\u00fcr. Bunlardan bir tanesi de ara\u00e7larda, ev malzemelerinde ve daha bir\u00e7ok yerde kullan\u0131lan filtrelerdir.Bu filtreler hem kullan\u0131lan malzemenin i\u00e7erisindeki temizli\u011fi sa\u011flarken hem de geri [...]","og_url":"https:\/\/ugdelektronikatik.com\/index.php\/filtre-geri-donusumu\/","og_site_name":"UGD Elektronik At\u0131k","article_modified_time":"2020-11-12T07:06:11+00:00","twitter_card":"summary_large_image","twitter_misc":{"Tahmini okuma s\u00fcresi":"2 dakika"},"schema":{"@context":"https:\/\/schema.org","@graph":[{"@type":"WebPage","@id":"https:\/\/ugdelektronikatik.com\/index.php\/filtre-geri-donusumu\/","url":"https:\/\/ugdelektronikatik.com\/index.php\/filtre-geri-donusumu\/","name":"Filtre Geri D\u00f6n\u00fc\u015f\u00fcm\u00fc - UGD Elektronik At\u0131k","isPartOf":{"@id":"https:\/\/ugdelektronikatik.com\/#website"},"datePublished":"2020-10-22T11:01:50+00:00","dateModified":"2020-11-12T07:06:11+00:00","breadcrumb":{"@id":"https:\/\/ugdelektronikatik.com\/index.php\/filtre-geri-donusumu\/#breadcrumb"},"inLanguage":"tr","potentialAction":[{"@type":"ReadAction","target":["https:\/\/ugdelektronikatik.com\/index.php\/filtre-geri-donusumu\/"]}]},{"@type":"BreadcrumbList","@id":"https:\/\/ugdelektronikatik.com\/index.php\/filtre-geri-donusumu\/#breadcrumb","itemListElement":[{"@type":"ListItem","position":1,"name":"Ana sayfa","item":"https:\/\/ugdelektronikatik.com\/"},{"@type":"ListItem","position":2,"name":"Filtre Geri D\u00f6n\u00fc\u015f\u00fcm\u00fc"}]},{"@type":"WebSite","@id":"https:\/\/ugdelektronikatik.com\/#website","url":"https:\/\/ugdelektronikatik.com\/","name":"UGD Elektronik At\u0131k","description":"Bir ba\u015fka WordPress sitesi","potentialAction":[{"@type":"SearchAction","target":{"@type":"EntryPoint","urlTemplate":"https:\/\/ugdelektronikatik.com\/?s={search_term_string}"},"query-input":{"@type":"PropertyValueSpecification","valueRequired":true,"valueName":"search_term_string"}}],"inLanguage":"tr"}]}},"_links":{"self":[{"href":"https:\/\/ugdelektronikatik.com\/index.php\/wp-json\/wp\/v2\/pages\/166","targetHints":{"allow":["GET"]}}],"collection":[{"href":"https:\/\/ugdelektronikatik.com\/index.php\/wp-json\/wp\/v2\/pages"}],"about":[{"href":"https:\/\/ugdelektronikatik.com\/index.php\/wp-json\/wp\/v2\/types\/page"}],"author":[{"embeddable":true,"href":"https:\/\/ugdelektronikatik.com\/index.php\/wp-json\/wp\/v2\/users\/1"}],"replies":[{"embeddable":true,"href":"https:\/\/ugdelektronikatik.com\/index.php\/wp-json\/wp\/v2\/comments?post=166"}],"version-history":[{"count":4,"href":"https:\/\/ugdelektronikatik.com\/index.php\/wp-json\/wp\/v2\/pages\/166\/revisions"}],"predecessor-version":[{"id":305,"href":"https:\/\/ugdelektronikatik.com\/index.php\/wp-json\/wp\/v2\/pages\/166\/revisions\/305"}],"wp:attachment":[{"href":"https:\/\/ugdelektronikatik.com\/index.php\/wp-json\/wp\/v2\/media?parent=166"}],"curies":[{"name":"wp","href":"https:\/\/api.w.org\/{rel}","templated":true}]}}