{"id":164,"date":"2020-10-22T13:58:54","date_gmt":"2020-10-22T10:58:54","guid":{"rendered":"https:\/\/ugdelektronikatik.com\/?page_id=164"},"modified":"2020-11-12T10:18:18","modified_gmt":"2020-11-12T07:18:18","slug":"atik-toplama-ayirma","status":"publish","type":"page","link":"https:\/\/ugdelektronikatik.com\/index.php\/atik-toplama-ayirma\/","title":{"rendered":"At\u0131k Toplama Ay\u0131rma"},"content":{"rendered":"\n\n  <div class=\"banner has-hover\" id=\"banner-1583275756\">\n          <div class=\"banner-inner fill\">\n        <div class=\"banner-bg fill\" >\n            <img loading=\"lazy\" decoding=\"async\" width=\"900\" height=\"600\" src=\"https:\/\/ugdelektronikatik.com\/wp-content\/uploads\/2020\/11\/atik-donusumu.jpg\" class=\"bg attachment-original size-original\" alt=\"\" \/>                                    \n                    <\/div>\n\t\t\n        <div class=\"banner-layers container\">\n            <div class=\"fill banner-link\"><\/div>            \n\n\n        <\/div>\n      <\/div>\n\n            \n<style>\n#banner-1583275756 {\n  padding-top: 18%;\n}\n#banner-1583275756 .banner-bg img {\n  object-position: 14% 89%;\n}\n<\/style>\n  <\/div>\n\n\n\t<div id=\"gap-1326927939\" class=\"gap-element clearfix\" style=\"display:block; height:auto;\">\n\t\t\n<style>\n#gap-1326927939 {\n  padding-top: 20px;\n}\n<\/style>\n\t<\/div>\n\t\n\n\n\n\n<h1 class=\"wp-block-heading\">At\u0131k Toplama Ay\u0131rma<\/h1>\n\n<p><br>At\u0131k toplama ve ay\u0131rma i\u015flemlerini kanun maddelerinin uyar\u0131nca ger\u00e7ekle\u015ftirildi\u011finde toplum ve \u00e7evrenin yarar\u0131na bir hizmette verilmi\u015f olacakt\u0131r. At\u0131klar\u0131n toplanmas\u0131 son \u00e7evreyi daha temiz hale getirecek hem de onlar\u0131n geri d\u00f6n\u00fc\u015f\u00fcme g\u00f6nderilerek yeniden fayda sa\u011flayacak \u015fekilde \u00fcretilmesine de sebep olacakt\u0131r.<br>Ayn\u0131 zamanda at\u0131k toplama i\u015flemlerinin yan\u0131 s\u0131ra bir de bu at\u0131klar\u0131n ayr\u0131lmas\u0131 ve uygun yerlere g\u00f6t\u00fcr\u00fclerek en \u00e7ok fayda sa\u011flayaca\u011f\u0131 \u015fekilde geri d\u00f6n\u00fc\u015f\u00fcme sunulmas\u0131 da topluma yap\u0131lan hizmetlerden bir tanesidir. Bu at\u0131klar i\u00e7erisinde ya\u011f ile kirlenmi\u015f herhangi malzeme, piller, metal ve metal olmayan di\u011fer malzemelerde ayr\u0131 ayr\u0131 konteyn\u0131rlar sayesinde toparlan\u0131r ve hepsi bu a\u015famadan sonra gerekli yerlere g\u00f6t\u00fcr\u00fcl\u00fcr.<\/p>\n\n<h2 class=\"wp-block-heading\">At\u0131k Toplama Faydalar\u0131<\/h2>\n\n<p><br>At\u0131k Toplama ve ay\u0131rma i\u00e7in gerekli olan t\u00fcm belgelere sahip olduktan sonra firma art\u0131k t\u00fcm at\u0131klar\u0131n toplanmas\u0131nda yetki sahibi olmu\u015f olur hem de ald\u0131\u011f\u0131 belgeler sayesinde daha g\u00fcvenli bir \u015fekilde hizmet verir. Zaten al\u0131nan gerekli belgeler sayesinde hijyenik bir y\u00f6ntem ile at\u0131klar toplanarak toplum i\u00e7in faydal\u0131 olacak \u015fekilde bir\u00e7ok geri d\u00f6n\u00fc\u015f\u00fcm malzemesi de \u00fcretilecektir<br>Hem \u00e7\u00f6plerle kar\u0131\u015fmayarak daha temiz ortamlar olu\u015fur, hemde geri d\u00f6n\u00fc\u015f\u00fcmde kullan\u0131larak bo\u015fa gitmemi\u015f olur. Bir di\u011fer faydas\u0131 ise t\u00fcm at\u0131klar\u0131n ayr\u0131 ayr\u0131 kanallarda biriktirilerek birbirlerine zararl\u0131 bir etkide bulunmamal\u0131d\u0131r. Ayr\u0131ca toplumun israf\u0131 da engellenmi\u015f olur ve daha bilin\u00e7li bir gelece\u011fe ad\u0131m at\u0131lm\u0131\u015f olur.<\/p>\n","protected":false},"excerpt":{"rendered":"<p>At\u0131k Toplama Ay\u0131rma At\u0131k toplama ve ay\u0131rma i\u015flemlerini kanun maddelerinin uyar\u0131nca ger\u00e7ekle\u015ftirildi\u011finde toplum ve \u00e7evrenin yarar\u0131na bir hizmette verilmi\u015f olacakt\u0131r. At\u0131klar\u0131n toplanmas\u0131 son \u00e7evreyi daha temiz hale getirecek hem de onlar\u0131n geri d\u00f6n\u00fc\u015f\u00fcme g\u00f6nderilerek yeniden fayda sa\u011flayacak \u015fekilde \u00fcretilmesine de sebep olacakt\u0131r.Ayn\u0131 zamanda at\u0131k toplama i\u015flemlerinin yan\u0131 s\u0131ra bir de bu at\u0131klar\u0131n ayr\u0131lmas\u0131 ve uygun [&#8230;]\n","protected":false},"author":1,"featured_media":0,"parent":0,"menu_order":0,"comment_status":"closed","ping_status":"closed","template":"","meta":{"footnotes":""},"class_list":["post-164","page","type-page","status-publish","hentry"],"yoast_head":"<!-- This site is optimized with the Yoast SEO plugin v26.9 - https:\/\/yoast.com\/product\/yoast-seo-wordpress\/ -->\n<title>At\u0131k Toplama Ay\u0131rma - UGD Elektronik At\u0131k<\/title>\n<meta name=\"robots\" content=\"index, follow, max-snippet:-1, max-image-preview:large, max-video-preview:-1\" \/>\n<link rel=\"canonical\" href=\"https:\/\/ugdelektronikatik.com\/index.php\/atik-toplama-ayirma\/\" \/>\n<meta property=\"og:locale\" content=\"tr_TR\" \/>\n<meta property=\"og:type\" content=\"article\" \/>\n<meta property=\"og:title\" content=\"At\u0131k Toplama Ay\u0131rma - UGD Elektronik At\u0131k\" \/>\n<meta property=\"og:description\" content=\"At\u0131k Toplama Ay\u0131rma At\u0131k toplama ve ay\u0131rma i\u015flemlerini kanun maddelerinin uyar\u0131nca ger\u00e7ekle\u015ftirildi\u011finde toplum ve \u00e7evrenin yarar\u0131na bir hizmette verilmi\u015f olacakt\u0131r. At\u0131klar\u0131n toplanmas\u0131 son \u00e7evreyi daha temiz hale getirecek hem de onlar\u0131n geri d\u00f6n\u00fc\u015f\u00fcme g\u00f6nderilerek yeniden fayda sa\u011flayacak \u015fekilde \u00fcretilmesine de sebep olacakt\u0131r.Ayn\u0131 zamanda at\u0131k toplama i\u015flemlerinin yan\u0131 s\u0131ra bir de bu at\u0131klar\u0131n ayr\u0131lmas\u0131 ve uygun [...]\" \/>\n<meta property=\"og:url\" content=\"https:\/\/ugdelektronikatik.com\/index.php\/atik-toplama-ayirma\/\" \/>\n<meta property=\"og:site_name\" content=\"UGD Elektronik At\u0131k\" \/>\n<meta property=\"article:modified_time\" content=\"2020-11-12T07:18:18+00:00\" \/>\n<meta name=\"twitter:card\" content=\"summary_large_image\" \/>\n<meta name=\"twitter:label1\" content=\"Tahmini okuma s\u00fcresi\" \/>\n\t<meta name=\"twitter:data1\" content=\"1 dakika\" \/>\n<script type=\"application\/ld+json\" class=\"yoast-schema-graph\">{\"@context\":\"https:\/\/schema.org\",\"@graph\":[{\"@type\":\"WebPage\",\"@id\":\"https:\/\/ugdelektronikatik.com\/index.php\/atik-toplama-ayirma\/\",\"url\":\"https:\/\/ugdelektronikatik.com\/index.php\/atik-toplama-ayirma\/\",\"name\":\"At\u0131k Toplama Ay\u0131rma - UGD Elektronik At\u0131k\",\"isPartOf\":{\"@id\":\"https:\/\/ugdelektronikatik.com\/#website\"},\"datePublished\":\"2020-10-22T10:58:54+00:00\",\"dateModified\":\"2020-11-12T07:18:18+00:00\",\"breadcrumb\":{\"@id\":\"https:\/\/ugdelektronikatik.com\/index.php\/atik-toplama-ayirma\/#breadcrumb\"},\"inLanguage\":\"tr\",\"potentialAction\":[{\"@type\":\"ReadAction\",\"target\":[\"https:\/\/ugdelektronikatik.com\/index.php\/atik-toplama-ayirma\/\"]}]},{\"@type\":\"BreadcrumbList\",\"@id\":\"https:\/\/ugdelektronikatik.com\/index.php\/atik-toplama-ayirma\/#breadcrumb\",\"itemListElement\":[{\"@type\":\"ListItem\",\"position\":1,\"name\":\"Ana sayfa\",\"item\":\"https:\/\/ugdelektronikatik.com\/\"},{\"@type\":\"ListItem\",\"position\":2,\"name\":\"At\u0131k Toplama Ay\u0131rma\"}]},{\"@type\":\"WebSite\",\"@id\":\"https:\/\/ugdelektronikatik.com\/#website\",\"url\":\"https:\/\/ugdelektronikatik.com\/\",\"name\":\"UGD Elektronik At\u0131k\",\"description\":\"Bir ba\u015fka WordPress sitesi\",\"potentialAction\":[{\"@type\":\"SearchAction\",\"target\":{\"@type\":\"EntryPoint\",\"urlTemplate\":\"https:\/\/ugdelektronikatik.com\/?s={search_term_string}\"},\"query-input\":{\"@type\":\"PropertyValueSpecification\",\"valueRequired\":true,\"valueName\":\"search_term_string\"}}],\"inLanguage\":\"tr\"}]}<\/script>\n<!-- \/ Yoast SEO plugin. -->","yoast_head_json":{"title":"At\u0131k Toplama Ay\u0131rma - UGD Elektronik At\u0131k","robots":{"index":"index","follow":"follow","max-snippet":"max-snippet:-1","max-image-preview":"max-image-preview:large","max-video-preview":"max-video-preview:-1"},"canonical":"https:\/\/ugdelektronikatik.com\/index.php\/atik-toplama-ayirma\/","og_locale":"tr_TR","og_type":"article","og_title":"At\u0131k Toplama Ay\u0131rma - UGD Elektronik At\u0131k","og_description":"At\u0131k Toplama Ay\u0131rma At\u0131k toplama ve ay\u0131rma i\u015flemlerini kanun maddelerinin uyar\u0131nca ger\u00e7ekle\u015ftirildi\u011finde toplum ve \u00e7evrenin yarar\u0131na bir hizmette verilmi\u015f olacakt\u0131r. At\u0131klar\u0131n toplanmas\u0131 son \u00e7evreyi daha temiz hale getirecek hem de onlar\u0131n geri d\u00f6n\u00fc\u015f\u00fcme g\u00f6nderilerek yeniden fayda sa\u011flayacak \u015fekilde \u00fcretilmesine de sebep olacakt\u0131r.Ayn\u0131 zamanda at\u0131k toplama i\u015flemlerinin yan\u0131 s\u0131ra bir de bu at\u0131klar\u0131n ayr\u0131lmas\u0131 ve uygun [...]","og_url":"https:\/\/ugdelektronikatik.com\/index.php\/atik-toplama-ayirma\/","og_site_name":"UGD Elektronik At\u0131k","article_modified_time":"2020-11-12T07:18:18+00:00","twitter_card":"summary_large_image","twitter_misc":{"Tahmini okuma s\u00fcresi":"1 dakika"},"schema":{"@context":"https:\/\/schema.org","@graph":[{"@type":"WebPage","@id":"https:\/\/ugdelektronikatik.com\/index.php\/atik-toplama-ayirma\/","url":"https:\/\/ugdelektronikatik.com\/index.php\/atik-toplama-ayirma\/","name":"At\u0131k Toplama Ay\u0131rma - UGD Elektronik At\u0131k","isPartOf":{"@id":"https:\/\/ugdelektronikatik.com\/#website"},"datePublished":"2020-10-22T10:58:54+00:00","dateModified":"2020-11-12T07:18:18+00:00","breadcrumb":{"@id":"https:\/\/ugdelektronikatik.com\/index.php\/atik-toplama-ayirma\/#breadcrumb"},"inLanguage":"tr","potentialAction":[{"@type":"ReadAction","target":["https:\/\/ugdelektronikatik.com\/index.php\/atik-toplama-ayirma\/"]}]},{"@type":"BreadcrumbList","@id":"https:\/\/ugdelektronikatik.com\/index.php\/atik-toplama-ayirma\/#breadcrumb","itemListElement":[{"@type":"ListItem","position":1,"name":"Ana sayfa","item":"https:\/\/ugdelektronikatik.com\/"},{"@type":"ListItem","position":2,"name":"At\u0131k Toplama Ay\u0131rma"}]},{"@type":"WebSite","@id":"https:\/\/ugdelektronikatik.com\/#website","url":"https:\/\/ugdelektronikatik.com\/","name":"UGD Elektronik At\u0131k","description":"Bir ba\u015fka WordPress sitesi","potentialAction":[{"@type":"SearchAction","target":{"@type":"EntryPoint","urlTemplate":"https:\/\/ugdelektronikatik.com\/?s={search_term_string}"},"query-input":{"@type":"PropertyValueSpecification","valueRequired":true,"valueName":"search_term_string"}}],"inLanguage":"tr"}]}},"_links":{"self":[{"href":"https:\/\/ugdelektronikatik.com\/index.php\/wp-json\/wp\/v2\/pages\/164","targetHints":{"allow":["GET"]}}],"collection":[{"href":"https:\/\/ugdelektronikatik.com\/index.php\/wp-json\/wp\/v2\/pages"}],"about":[{"href":"https:\/\/ugdelektronikatik.com\/index.php\/wp-json\/wp\/v2\/types\/page"}],"author":[{"embeddable":true,"href":"https:\/\/ugdelektronikatik.com\/index.php\/wp-json\/wp\/v2\/users\/1"}],"replies":[{"embeddable":true,"href":"https:\/\/ugdelektronikatik.com\/index.php\/wp-json\/wp\/v2\/comments?post=164"}],"version-history":[{"count":4,"href":"https:\/\/ugdelektronikatik.com\/index.php\/wp-json\/wp\/v2\/pages\/164\/revisions"}],"predecessor-version":[{"id":311,"href":"https:\/\/ugdelektronikatik.com\/index.php\/wp-json\/wp\/v2\/pages\/164\/revisions\/311"}],"wp:attachment":[{"href":"https:\/\/ugdelektronikatik.com\/index.php\/wp-json\/wp\/v2\/media?parent=164"}],"curies":[{"name":"wp","href":"https:\/\/api.w.org\/{rel}","templated":true}]}}