{"id":161,"date":"2020-10-22T13:54:57","date_gmt":"2020-10-22T10:54:57","guid":{"rendered":"https:\/\/ugdelektronikatik.com\/?page_id=161"},"modified":"2020-11-12T09:36:38","modified_gmt":"2020-11-12T06:36:38","slug":"atik-elektronik-esya-isleme-aeee","status":"publish","type":"page","link":"https:\/\/ugdelektronikatik.com\/index.php\/atik-elektronik-esya-isleme-aeee\/","title":{"rendered":"At\u0131k Elektronik E\u015fya \u0130\u015fleme AEEE"},"content":{"rendered":"\n\n  <div class=\"banner has-hover\" id=\"banner-408792305\">\n          <div class=\"banner-inner fill\">\n        <div class=\"banner-bg fill\" >\n            <img loading=\"lazy\" decoding=\"async\" width=\"1200\" height=\"675\" src=\"https:\/\/ugdelektronikatik.com\/wp-content\/uploads\/2020\/11\/atik-elektronik-esya-isleme2.jpg\" class=\"bg attachment-original size-original\" alt=\"\" \/>                                    \n                    <\/div>\n\t\t\n        <div class=\"banner-layers container\">\n            <div class=\"fill banner-link\"><\/div>            \n\n\n        <\/div>\n      <\/div>\n\n            \n<style>\n#banner-408792305 {\n  padding-top: 18%;\n}\n#banner-408792305 .banner-bg img {\n  object-position: 41% 88%;\n}\n<\/style>\n  <\/div>\n\n\n\t<div id=\"gap-1859741815\" class=\"gap-element clearfix\" style=\"display:block; height:auto;\">\n\t\t\n<style>\n#gap-1859741815 {\n  padding-top: 20px;\n}\n<\/style>\n\t<\/div>\n\t\n\n\n\n\n<h1 class=\"wp-block-heading\">At\u0131k Elektronik E\u015fya \u0130\u015fleme AEEE<\/h1>\n\n<p><br>At\u0131k elektronik e\u015fya i\u015fleme AEEE Asl\u0131nda kullan\u0131lan ve zamanla \u00f6mr\u00fc biten elektronik e\u015fyalar\u0131n ortak ad\u0131d\u0131r. \u00d6rne\u011fin; buzdolab\u0131, \u00e7ama\u015f\u0131r makinesi, bula\u015f\u0131k makinesi gibi b\u00fcy\u00fck ve kaba e\u015fyalar, bilgisayar laptop, cep telefonlar\u0131, sa\u00e7 kurutma makinesi, mutfak robotlar\u0131, s\u00fcp\u00fcrge gibi bir\u00e7ok ev e\u015fyalar\u0131 da bu kategoriye d\u00e2hildir. Bu tarz e\u015fyalar\u0131n topland\u0131\u011f\u0131 yerlere ula\u015ft\u0131r\u0131lmas\u0131 i\u00e7in ve tekrardan geri d\u00f6n\u00fc\u015f\u00fcm\u00fc sayesinde yararl\u0131 malzemelere d\u00f6n\u00fc\u015ft\u00fcr\u00fclebilmesi i\u00e7in ald\u0131\u011f\u0131n\u0131z yere geri g\u00f6t\u00fcrebilir veya belediyenin toplama sistemlerine de verebilirsiniz.<br><\/p>\n\n<h2 class=\"wp-block-heading\">Elektronik At\u0131klar\u0131n Topland\u0131\u011f\u0131 Yerler Nereden \u00d6\u011frenilir?<\/h2>\n\n<p><br>At\u0131k elektronik e\u015fya i\u015fleme AEEE, yerlerine ula\u015ft\u0131rmak \u00fczere nerede topland\u0131\u011f\u0131n\u0131 \u00f6\u011frenmek ve bu sayede daha g\u00fcvenli bir \u015fekilde teslim etmek gerekir. Elektronik at\u0131klar\u0131n ayr\u0131 ayr\u0131 toplan\u0131p toplanmad\u0131\u011f\u0131 m\u0131 sorgulamak genellikle \u00c7evre Koruma ve kontrol M\u00fcd\u00fcrl\u00fc\u011f\u00fc ile ileti\u015fime ge\u00e7erek olacakt\u0131r. E\u011fer bulundu\u011funuz yerde belediyenin Temizlik \u0130\u015fleri M\u00fcd\u00fcrl\u00fc\u011f\u00fc de bulunuyor ve sizlere daha yak\u0131n bir konumda oluyor ise oradan \u00f6\u011frenmeniz de m\u00fcmk\u00fcnd\u00fcr.<\/p>\n\n<h3 class=\"wp-block-heading\"><br>Elektronik E\u015fyalar Ne Zaman At\u0131k Konumuna Gelir?<\/h3>\n\n<p>Her insan\u0131n bir \u00f6mr\u00fc oldu\u011fu gibi, e\u015fyalar\u0131n da bir \u00f6mr\u00fc vard\u0131r. Bu sebeple elektronik e\u015fyalar e\u011fer kullan\u0131m\u0131n\u0131 yitiriyor ve art\u0131k \u00e7al\u0131\u015fmaz hale geliyorsa at\u0131k olma vakitleri gelmi\u015f demektir. \u00d6rne\u011fin buzdolab\u0131 tamamen bozulmu\u015f ve \u00f6mr\u00fc bitmi\u015fse ve tamiri m\u00fcmk\u00fcn de\u011filse, yeni al\u0131nan buzdolab\u0131n\u0131 teslim eden g\u00f6revlilere eskisini vererek de yetkili yerlere ula\u015ft\u0131r\u0131lmas\u0131n\u0131 sa\u011flayabilirsiniz.<\/p>\n","protected":false},"excerpt":{"rendered":"<p>At\u0131k Elektronik E\u015fya \u0130\u015fleme AEEE At\u0131k elektronik e\u015fya i\u015fleme AEEE Asl\u0131nda kullan\u0131lan ve zamanla \u00f6mr\u00fc biten elektronik e\u015fyalar\u0131n ortak ad\u0131d\u0131r. \u00d6rne\u011fin; buzdolab\u0131, \u00e7ama\u015f\u0131r makinesi, bula\u015f\u0131k makinesi gibi b\u00fcy\u00fck ve kaba e\u015fyalar, bilgisayar laptop, cep telefonlar\u0131, sa\u00e7 kurutma makinesi, mutfak robotlar\u0131, s\u00fcp\u00fcrge gibi bir\u00e7ok ev e\u015fyalar\u0131 da bu kategoriye d\u00e2hildir. Bu tarz e\u015fyalar\u0131n topland\u0131\u011f\u0131 yerlere ula\u015ft\u0131r\u0131lmas\u0131 [&#8230;]\n","protected":false},"author":1,"featured_media":0,"parent":0,"menu_order":0,"comment_status":"closed","ping_status":"closed","template":"","meta":{"footnotes":""},"class_list":["post-161","page","type-page","status-publish","hentry"],"yoast_head":"<!-- This site is optimized with the Yoast SEO plugin v26.9 - https:\/\/yoast.com\/product\/yoast-seo-wordpress\/ -->\n<title>At\u0131k Elektronik E\u015fya \u0130\u015fleme AEEE - UGD Elektronik At\u0131k<\/title>\n<meta name=\"robots\" content=\"index, follow, max-snippet:-1, max-image-preview:large, max-video-preview:-1\" \/>\n<link rel=\"canonical\" href=\"https:\/\/ugdelektronikatik.com\/index.php\/atik-elektronik-esya-isleme-aeee\/\" \/>\n<meta property=\"og:locale\" content=\"tr_TR\" \/>\n<meta property=\"og:type\" content=\"article\" \/>\n<meta property=\"og:title\" content=\"At\u0131k Elektronik E\u015fya \u0130\u015fleme AEEE - UGD Elektronik At\u0131k\" \/>\n<meta property=\"og:description\" content=\"At\u0131k Elektronik E\u015fya \u0130\u015fleme AEEE At\u0131k elektronik e\u015fya i\u015fleme AEEE Asl\u0131nda kullan\u0131lan ve zamanla \u00f6mr\u00fc biten elektronik e\u015fyalar\u0131n ortak ad\u0131d\u0131r. \u00d6rne\u011fin; buzdolab\u0131, \u00e7ama\u015f\u0131r makinesi, bula\u015f\u0131k makinesi gibi b\u00fcy\u00fck ve kaba e\u015fyalar, bilgisayar laptop, cep telefonlar\u0131, sa\u00e7 kurutma makinesi, mutfak robotlar\u0131, s\u00fcp\u00fcrge gibi bir\u00e7ok ev e\u015fyalar\u0131 da bu kategoriye d\u00e2hildir. Bu tarz e\u015fyalar\u0131n topland\u0131\u011f\u0131 yerlere ula\u015ft\u0131r\u0131lmas\u0131 [...]\" \/>\n<meta property=\"og:url\" content=\"https:\/\/ugdelektronikatik.com\/index.php\/atik-elektronik-esya-isleme-aeee\/\" \/>\n<meta property=\"og:site_name\" content=\"UGD Elektronik At\u0131k\" \/>\n<meta property=\"article:modified_time\" content=\"2020-11-12T06:36:38+00:00\" \/>\n<meta name=\"twitter:card\" content=\"summary_large_image\" \/>\n<meta name=\"twitter:label1\" content=\"Tahmini okuma s\u00fcresi\" \/>\n\t<meta name=\"twitter:data1\" content=\"2 dakika\" \/>\n<script type=\"application\/ld+json\" class=\"yoast-schema-graph\">{\"@context\":\"https:\/\/schema.org\",\"@graph\":[{\"@type\":\"WebPage\",\"@id\":\"https:\/\/ugdelektronikatik.com\/index.php\/atik-elektronik-esya-isleme-aeee\/\",\"url\":\"https:\/\/ugdelektronikatik.com\/index.php\/atik-elektronik-esya-isleme-aeee\/\",\"name\":\"At\u0131k Elektronik E\u015fya \u0130\u015fleme AEEE - UGD Elektronik At\u0131k\",\"isPartOf\":{\"@id\":\"https:\/\/ugdelektronikatik.com\/#website\"},\"datePublished\":\"2020-10-22T10:54:57+00:00\",\"dateModified\":\"2020-11-12T06:36:38+00:00\",\"breadcrumb\":{\"@id\":\"https:\/\/ugdelektronikatik.com\/index.php\/atik-elektronik-esya-isleme-aeee\/#breadcrumb\"},\"inLanguage\":\"tr\",\"potentialAction\":[{\"@type\":\"ReadAction\",\"target\":[\"https:\/\/ugdelektronikatik.com\/index.php\/atik-elektronik-esya-isleme-aeee\/\"]}]},{\"@type\":\"BreadcrumbList\",\"@id\":\"https:\/\/ugdelektronikatik.com\/index.php\/atik-elektronik-esya-isleme-aeee\/#breadcrumb\",\"itemListElement\":[{\"@type\":\"ListItem\",\"position\":1,\"name\":\"Ana sayfa\",\"item\":\"https:\/\/ugdelektronikatik.com\/\"},{\"@type\":\"ListItem\",\"position\":2,\"name\":\"At\u0131k Elektronik E\u015fya \u0130\u015fleme AEEE\"}]},{\"@type\":\"WebSite\",\"@id\":\"https:\/\/ugdelektronikatik.com\/#website\",\"url\":\"https:\/\/ugdelektronikatik.com\/\",\"name\":\"UGD Elektronik At\u0131k\",\"description\":\"Bir ba\u015fka WordPress sitesi\",\"potentialAction\":[{\"@type\":\"SearchAction\",\"target\":{\"@type\":\"EntryPoint\",\"urlTemplate\":\"https:\/\/ugdelektronikatik.com\/?s={search_term_string}\"},\"query-input\":{\"@type\":\"PropertyValueSpecification\",\"valueRequired\":true,\"valueName\":\"search_term_string\"}}],\"inLanguage\":\"tr\"}]}<\/script>\n<!-- \/ Yoast SEO plugin. -->","yoast_head_json":{"title":"At\u0131k Elektronik E\u015fya \u0130\u015fleme AEEE - UGD Elektronik At\u0131k","robots":{"index":"index","follow":"follow","max-snippet":"max-snippet:-1","max-image-preview":"max-image-preview:large","max-video-preview":"max-video-preview:-1"},"canonical":"https:\/\/ugdelektronikatik.com\/index.php\/atik-elektronik-esya-isleme-aeee\/","og_locale":"tr_TR","og_type":"article","og_title":"At\u0131k Elektronik E\u015fya \u0130\u015fleme AEEE - UGD Elektronik At\u0131k","og_description":"At\u0131k Elektronik E\u015fya \u0130\u015fleme AEEE At\u0131k elektronik e\u015fya i\u015fleme AEEE Asl\u0131nda kullan\u0131lan ve zamanla \u00f6mr\u00fc biten elektronik e\u015fyalar\u0131n ortak ad\u0131d\u0131r. \u00d6rne\u011fin; buzdolab\u0131, \u00e7ama\u015f\u0131r makinesi, bula\u015f\u0131k makinesi gibi b\u00fcy\u00fck ve kaba e\u015fyalar, bilgisayar laptop, cep telefonlar\u0131, sa\u00e7 kurutma makinesi, mutfak robotlar\u0131, s\u00fcp\u00fcrge gibi bir\u00e7ok ev e\u015fyalar\u0131 da bu kategoriye d\u00e2hildir. Bu tarz e\u015fyalar\u0131n topland\u0131\u011f\u0131 yerlere ula\u015ft\u0131r\u0131lmas\u0131 [...]","og_url":"https:\/\/ugdelektronikatik.com\/index.php\/atik-elektronik-esya-isleme-aeee\/","og_site_name":"UGD Elektronik At\u0131k","article_modified_time":"2020-11-12T06:36:38+00:00","twitter_card":"summary_large_image","twitter_misc":{"Tahmini okuma s\u00fcresi":"2 dakika"},"schema":{"@context":"https:\/\/schema.org","@graph":[{"@type":"WebPage","@id":"https:\/\/ugdelektronikatik.com\/index.php\/atik-elektronik-esya-isleme-aeee\/","url":"https:\/\/ugdelektronikatik.com\/index.php\/atik-elektronik-esya-isleme-aeee\/","name":"At\u0131k Elektronik E\u015fya \u0130\u015fleme AEEE - UGD Elektronik At\u0131k","isPartOf":{"@id":"https:\/\/ugdelektronikatik.com\/#website"},"datePublished":"2020-10-22T10:54:57+00:00","dateModified":"2020-11-12T06:36:38+00:00","breadcrumb":{"@id":"https:\/\/ugdelektronikatik.com\/index.php\/atik-elektronik-esya-isleme-aeee\/#breadcrumb"},"inLanguage":"tr","potentialAction":[{"@type":"ReadAction","target":["https:\/\/ugdelektronikatik.com\/index.php\/atik-elektronik-esya-isleme-aeee\/"]}]},{"@type":"BreadcrumbList","@id":"https:\/\/ugdelektronikatik.com\/index.php\/atik-elektronik-esya-isleme-aeee\/#breadcrumb","itemListElement":[{"@type":"ListItem","position":1,"name":"Ana sayfa","item":"https:\/\/ugdelektronikatik.com\/"},{"@type":"ListItem","position":2,"name":"At\u0131k Elektronik E\u015fya \u0130\u015fleme AEEE"}]},{"@type":"WebSite","@id":"https:\/\/ugdelektronikatik.com\/#website","url":"https:\/\/ugdelektronikatik.com\/","name":"UGD Elektronik At\u0131k","description":"Bir ba\u015fka WordPress sitesi","potentialAction":[{"@type":"SearchAction","target":{"@type":"EntryPoint","urlTemplate":"https:\/\/ugdelektronikatik.com\/?s={search_term_string}"},"query-input":{"@type":"PropertyValueSpecification","valueRequired":true,"valueName":"search_term_string"}}],"inLanguage":"tr"}]}},"_links":{"self":[{"href":"https:\/\/ugdelektronikatik.com\/index.php\/wp-json\/wp\/v2\/pages\/161","targetHints":{"allow":["GET"]}}],"collection":[{"href":"https:\/\/ugdelektronikatik.com\/index.php\/wp-json\/wp\/v2\/pages"}],"about":[{"href":"https:\/\/ugdelektronikatik.com\/index.php\/wp-json\/wp\/v2\/types\/page"}],"author":[{"embeddable":true,"href":"https:\/\/ugdelektronikatik.com\/index.php\/wp-json\/wp\/v2\/users\/1"}],"replies":[{"embeddable":true,"href":"https:\/\/ugdelektronikatik.com\/index.php\/wp-json\/wp\/v2\/comments?post=161"}],"version-history":[{"count":4,"href":"https:\/\/ugdelektronikatik.com\/index.php\/wp-json\/wp\/v2\/pages\/161\/revisions"}],"predecessor-version":[{"id":280,"href":"https:\/\/ugdelektronikatik.com\/index.php\/wp-json\/wp\/v2\/pages\/161\/revisions\/280"}],"wp:attachment":[{"href":"https:\/\/ugdelektronikatik.com\/index.php\/wp-json\/wp\/v2\/media?parent=161"}],"curies":[{"name":"wp","href":"https:\/\/api.w.org\/{rel}","templated":true}]}}