{"id":155,"date":"2020-10-22T13:35:38","date_gmt":"2020-10-22T10:35:38","guid":{"rendered":"https:\/\/ugdelektronikatik.com\/?page_id=155"},"modified":"2020-10-22T13:52:36","modified_gmt":"2020-10-22T10:52:36","slug":"atik-akumulator-gecici-depolama","status":"publish","type":"page","link":"https:\/\/ugdelektronikatik.com\/index.php\/atik-akumulator-gecici-depolama\/","title":{"rendered":"At\u0131k Ak\u00fcm\u00fclator Ge\u00e7ici Depolama"},"content":{"rendered":"\n<h1 class=\"wp-block-heading\">At\u0131k Ak\u00fcm\u00fclat\u00f6r Ge\u00e7ici Depolama<\/h1>\n\n\n\n<p><br>At\u0131k ak\u00fcm\u00fclat\u00f6r ge\u00e7ici depolama di\u011fer at\u0131klara nazaran daha zararl\u0131 ve insanlar \u00fczerinde olumsuz etkileri olan ak\u00fcm\u00fclat\u00f6r ve pillerin toplanma i\u015flemidir. Zira ak\u00fcm\u00fclat\u00f6rler genellikle \u015farj edilebilen ve ayd\u0131nlatma veya ate\u015fleme g\u00fcc\u00fcnde kullan\u0131lan kimyasal enerjiden d\u00f6n\u00fc\u015fen kaynaklard\u0131r. E\u011fer daha basit tabirle anlat\u0131lmas\u0131 gerekirse e\u015fyalara enerjiyi depolayan cihazlara ak\u00fc ya da ak\u00fcm\u00fclat\u00f6r denilir.<br>Bu at\u0131klar\u0131n toplanmas\u0131 ve tekrar kullan\u0131lmak \u00fczere geri d\u00f6n\u00fc\u015f\u00fcme g\u00f6t\u00fcr\u00fclmesi, ayr\u0131ca bu a\u015famaya kadar ge\u00e7ici olarak depolanmas\u0131 bir\u00e7ok fabrika taraf\u0131ndan yap\u0131l\u0131yor. Tabii ki bu at\u0131k ak\u00fcm\u00fclat\u00f6rlerin topland\u0131\u011f\u0131 ara\u00e7larda di\u011fer at\u0131klar\u0131n ara\u00e7lar\u0131ndan ayr\u0131 olarak g\u00f6revlendiriliyor. Genellikle at\u0131k ak\u00fcm\u00fclat\u00f6rlerin ta\u015f\u0131nd\u0131\u011f\u0131 ara\u00e7lar\u0131n rengi k\u0131rm\u0131z\u0131 olur ve arac\u0131n kasas\u0131n\u0131n her iki y\u00f6n\u00fcnde de at\u0131k ak\u00fcm\u00fclat\u00f6r ta\u015f\u0131ma arac\u0131 yaz\u0131l\u0131r. Bu sayede di\u011fer at\u0131klar\u0131n ara\u00e7lar\u0131ndan ayr\u0131l\u0131rlar.<\/p>\n\n\n\n<h2 class=\"wp-block-heading\"><br>Ak\u00fcm\u00fclat\u00f6r At\u0131klar\u0131 Ne Kadar S\u00fcre \u0130le Toplat\u0131l\u0131r?<\/h2>\n\n\n\n<p><br>Y\u00f6netmelik maddelerine g\u00f6re at\u0131k ak\u00fcm\u00fclat\u00f6rlerin ta\u015f\u0131naca\u011f\u0131 ara\u00e7larda lisans alma mecburiyeti bulunur. Aksi takdirde b\u00f6yle bir yetki \u00f6zg\u00fcr irade ile al\u0131namaz. Bu ara\u00e7larla ak\u00fcm\u00fclat\u00f6rler tekrardan geri d\u00f6n\u00fc\u015f\u00fcmle kazan\u0131lmas\u0131 i\u00e7in ak\u00fcm\u00fclat\u00f6r ge\u00e7ici depolama alanlar\u0131na g\u00fcvenle ta\u015f\u0131n\u0131r. Bu sayede ak\u00fcm\u00fclat\u00f6r at\u0131klar\u0131n\u0131n zararlar\u0131ndan do\u011fada ya\u015fayanlar da korunmu\u015f olur.<br>Bu yerler ak\u00fcm\u00fclat\u00f6r \u00fcreticilerinin yetki verece\u011fi ki\u015filer taraf\u0131ndan kurulur. Ayr\u0131ca at\u0131k ak\u00fcm\u00fclat\u00f6r ge\u00e7ici depolama bu yerler i\u00e7inde ge\u00e7ici depolama izni al\u0131narak belirli g\u00fcnlerde kullan\u0131lma hakk\u0131na sahip olurlar. Yani depolanan ak\u00fcm\u00fclat\u00f6rler en fazla 90 g\u00fcn kadar orada tutulabilir. Bu sebeple ge\u00e7ici depolama ismi verilir.<\/p>\n","protected":false},"excerpt":{"rendered":"<p>At\u0131k Ak\u00fcm\u00fclat\u00f6r Ge\u00e7ici Depolama At\u0131k ak\u00fcm\u00fclat\u00f6r ge\u00e7ici depolama di\u011fer at\u0131klara nazaran daha zararl\u0131 ve insanlar \u00fczerinde olumsuz etkileri olan ak\u00fcm\u00fclat\u00f6r ve pillerin toplanma i\u015flemidir. Zira ak\u00fcm\u00fclat\u00f6rler genellikle \u015farj edilebilen ve ayd\u0131nlatma veya ate\u015fleme g\u00fcc\u00fcnde kullan\u0131lan kimyasal enerjiden d\u00f6n\u00fc\u015fen kaynaklard\u0131r. E\u011fer daha basit tabirle anlat\u0131lmas\u0131 gerekirse e\u015fyalara enerjiyi depolayan cihazlara ak\u00fc ya da ak\u00fcm\u00fclat\u00f6r denilir.Bu at\u0131klar\u0131n [&#8230;]\n","protected":false},"author":1,"featured_media":0,"parent":0,"menu_order":0,"comment_status":"closed","ping_status":"closed","template":"","meta":{"footnotes":""},"class_list":["post-155","page","type-page","status-publish","hentry"],"yoast_head":"<!-- This site is optimized with the Yoast SEO plugin v26.9 - https:\/\/yoast.com\/product\/yoast-seo-wordpress\/ -->\n<title>At\u0131k Ak\u00fcm\u00fclator Ge\u00e7ici Depolama - UGD Elektronik At\u0131k<\/title>\n<meta name=\"robots\" content=\"index, follow, max-snippet:-1, max-image-preview:large, max-video-preview:-1\" \/>\n<link rel=\"canonical\" href=\"https:\/\/ugdelektronikatik.com\/index.php\/atik-akumulator-gecici-depolama\/\" \/>\n<meta property=\"og:locale\" content=\"tr_TR\" \/>\n<meta property=\"og:type\" content=\"article\" \/>\n<meta property=\"og:title\" content=\"At\u0131k Ak\u00fcm\u00fclator Ge\u00e7ici Depolama - UGD Elektronik At\u0131k\" \/>\n<meta property=\"og:description\" content=\"At\u0131k Ak\u00fcm\u00fclat\u00f6r Ge\u00e7ici Depolama At\u0131k ak\u00fcm\u00fclat\u00f6r ge\u00e7ici depolama di\u011fer at\u0131klara nazaran daha zararl\u0131 ve insanlar \u00fczerinde olumsuz etkileri olan ak\u00fcm\u00fclat\u00f6r ve pillerin toplanma i\u015flemidir. Zira ak\u00fcm\u00fclat\u00f6rler genellikle \u015farj edilebilen ve ayd\u0131nlatma veya ate\u015fleme g\u00fcc\u00fcnde kullan\u0131lan kimyasal enerjiden d\u00f6n\u00fc\u015fen kaynaklard\u0131r. E\u011fer daha basit tabirle anlat\u0131lmas\u0131 gerekirse e\u015fyalara enerjiyi depolayan cihazlara ak\u00fc ya da ak\u00fcm\u00fclat\u00f6r denilir.Bu at\u0131klar\u0131n [...]\" \/>\n<meta property=\"og:url\" content=\"https:\/\/ugdelektronikatik.com\/index.php\/atik-akumulator-gecici-depolama\/\" \/>\n<meta property=\"og:site_name\" content=\"UGD Elektronik At\u0131k\" \/>\n<meta property=\"article:modified_time\" content=\"2020-10-22T10:52:36+00:00\" \/>\n<meta name=\"twitter:card\" content=\"summary_large_image\" \/>\n<meta name=\"twitter:label1\" content=\"Tahmini okuma s\u00fcresi\" \/>\n\t<meta name=\"twitter:data1\" content=\"2 dakika\" \/>\n<script type=\"application\/ld+json\" class=\"yoast-schema-graph\">{\"@context\":\"https:\/\/schema.org\",\"@graph\":[{\"@type\":\"WebPage\",\"@id\":\"https:\/\/ugdelektronikatik.com\/index.php\/atik-akumulator-gecici-depolama\/\",\"url\":\"https:\/\/ugdelektronikatik.com\/index.php\/atik-akumulator-gecici-depolama\/\",\"name\":\"At\u0131k Ak\u00fcm\u00fclator Ge\u00e7ici Depolama - UGD Elektronik At\u0131k\",\"isPartOf\":{\"@id\":\"https:\/\/ugdelektronikatik.com\/#website\"},\"datePublished\":\"2020-10-22T10:35:38+00:00\",\"dateModified\":\"2020-10-22T10:52:36+00:00\",\"breadcrumb\":{\"@id\":\"https:\/\/ugdelektronikatik.com\/index.php\/atik-akumulator-gecici-depolama\/#breadcrumb\"},\"inLanguage\":\"tr\",\"potentialAction\":[{\"@type\":\"ReadAction\",\"target\":[\"https:\/\/ugdelektronikatik.com\/index.php\/atik-akumulator-gecici-depolama\/\"]}]},{\"@type\":\"BreadcrumbList\",\"@id\":\"https:\/\/ugdelektronikatik.com\/index.php\/atik-akumulator-gecici-depolama\/#breadcrumb\",\"itemListElement\":[{\"@type\":\"ListItem\",\"position\":1,\"name\":\"Ana sayfa\",\"item\":\"https:\/\/ugdelektronikatik.com\/\"},{\"@type\":\"ListItem\",\"position\":2,\"name\":\"At\u0131k Ak\u00fcm\u00fclator Ge\u00e7ici Depolama\"}]},{\"@type\":\"WebSite\",\"@id\":\"https:\/\/ugdelektronikatik.com\/#website\",\"url\":\"https:\/\/ugdelektronikatik.com\/\",\"name\":\"UGD Elektronik At\u0131k\",\"description\":\"Bir ba\u015fka WordPress sitesi\",\"potentialAction\":[{\"@type\":\"SearchAction\",\"target\":{\"@type\":\"EntryPoint\",\"urlTemplate\":\"https:\/\/ugdelektronikatik.com\/?s={search_term_string}\"},\"query-input\":{\"@type\":\"PropertyValueSpecification\",\"valueRequired\":true,\"valueName\":\"search_term_string\"}}],\"inLanguage\":\"tr\"}]}<\/script>\n<!-- \/ Yoast SEO plugin. -->","yoast_head_json":{"title":"At\u0131k Ak\u00fcm\u00fclator Ge\u00e7ici Depolama - UGD Elektronik At\u0131k","robots":{"index":"index","follow":"follow","max-snippet":"max-snippet:-1","max-image-preview":"max-image-preview:large","max-video-preview":"max-video-preview:-1"},"canonical":"https:\/\/ugdelektronikatik.com\/index.php\/atik-akumulator-gecici-depolama\/","og_locale":"tr_TR","og_type":"article","og_title":"At\u0131k Ak\u00fcm\u00fclator Ge\u00e7ici Depolama - UGD Elektronik At\u0131k","og_description":"At\u0131k Ak\u00fcm\u00fclat\u00f6r Ge\u00e7ici Depolama At\u0131k ak\u00fcm\u00fclat\u00f6r ge\u00e7ici depolama di\u011fer at\u0131klara nazaran daha zararl\u0131 ve insanlar \u00fczerinde olumsuz etkileri olan ak\u00fcm\u00fclat\u00f6r ve pillerin toplanma i\u015flemidir. Zira ak\u00fcm\u00fclat\u00f6rler genellikle \u015farj edilebilen ve ayd\u0131nlatma veya ate\u015fleme g\u00fcc\u00fcnde kullan\u0131lan kimyasal enerjiden d\u00f6n\u00fc\u015fen kaynaklard\u0131r. E\u011fer daha basit tabirle anlat\u0131lmas\u0131 gerekirse e\u015fyalara enerjiyi depolayan cihazlara ak\u00fc ya da ak\u00fcm\u00fclat\u00f6r denilir.Bu at\u0131klar\u0131n [...]","og_url":"https:\/\/ugdelektronikatik.com\/index.php\/atik-akumulator-gecici-depolama\/","og_site_name":"UGD Elektronik At\u0131k","article_modified_time":"2020-10-22T10:52:36+00:00","twitter_card":"summary_large_image","twitter_misc":{"Tahmini okuma s\u00fcresi":"2 dakika"},"schema":{"@context":"https:\/\/schema.org","@graph":[{"@type":"WebPage","@id":"https:\/\/ugdelektronikatik.com\/index.php\/atik-akumulator-gecici-depolama\/","url":"https:\/\/ugdelektronikatik.com\/index.php\/atik-akumulator-gecici-depolama\/","name":"At\u0131k Ak\u00fcm\u00fclator Ge\u00e7ici Depolama - UGD Elektronik At\u0131k","isPartOf":{"@id":"https:\/\/ugdelektronikatik.com\/#website"},"datePublished":"2020-10-22T10:35:38+00:00","dateModified":"2020-10-22T10:52:36+00:00","breadcrumb":{"@id":"https:\/\/ugdelektronikatik.com\/index.php\/atik-akumulator-gecici-depolama\/#breadcrumb"},"inLanguage":"tr","potentialAction":[{"@type":"ReadAction","target":["https:\/\/ugdelektronikatik.com\/index.php\/atik-akumulator-gecici-depolama\/"]}]},{"@type":"BreadcrumbList","@id":"https:\/\/ugdelektronikatik.com\/index.php\/atik-akumulator-gecici-depolama\/#breadcrumb","itemListElement":[{"@type":"ListItem","position":1,"name":"Ana sayfa","item":"https:\/\/ugdelektronikatik.com\/"},{"@type":"ListItem","position":2,"name":"At\u0131k Ak\u00fcm\u00fclator Ge\u00e7ici Depolama"}]},{"@type":"WebSite","@id":"https:\/\/ugdelektronikatik.com\/#website","url":"https:\/\/ugdelektronikatik.com\/","name":"UGD Elektronik At\u0131k","description":"Bir ba\u015fka WordPress sitesi","potentialAction":[{"@type":"SearchAction","target":{"@type":"EntryPoint","urlTemplate":"https:\/\/ugdelektronikatik.com\/?s={search_term_string}"},"query-input":{"@type":"PropertyValueSpecification","valueRequired":true,"valueName":"search_term_string"}}],"inLanguage":"tr"}]}},"_links":{"self":[{"href":"https:\/\/ugdelektronikatik.com\/index.php\/wp-json\/wp\/v2\/pages\/155","targetHints":{"allow":["GET"]}}],"collection":[{"href":"https:\/\/ugdelektronikatik.com\/index.php\/wp-json\/wp\/v2\/pages"}],"about":[{"href":"https:\/\/ugdelektronikatik.com\/index.php\/wp-json\/wp\/v2\/types\/page"}],"author":[{"embeddable":true,"href":"https:\/\/ugdelektronikatik.com\/index.php\/wp-json\/wp\/v2\/users\/1"}],"replies":[{"embeddable":true,"href":"https:\/\/ugdelektronikatik.com\/index.php\/wp-json\/wp\/v2\/comments?post=155"}],"version-history":[{"count":5,"href":"https:\/\/ugdelektronikatik.com\/index.php\/wp-json\/wp\/v2\/pages\/155\/revisions"}],"predecessor-version":[{"id":160,"href":"https:\/\/ugdelektronikatik.com\/index.php\/wp-json\/wp\/v2\/pages\/155\/revisions\/160"}],"wp:attachment":[{"href":"https:\/\/ugdelektronikatik.com\/index.php\/wp-json\/wp\/v2\/media?parent=155"}],"curies":[{"name":"wp","href":"https:\/\/api.w.org\/{rel}","templated":true}]}}