{"id":131,"date":"2020-10-22T09:14:03","date_gmt":"2020-10-22T06:14:03","guid":{"rendered":"https:\/\/ugdelektronikatik.com\/?page_id=131"},"modified":"2020-11-18T15:23:19","modified_gmt":"2020-11-18T12:23:19","slug":"iletisim","status":"publish","type":"page","link":"https:\/\/ugdelektronikatik.com\/index.php\/iletisim\/","title":{"rendered":"\u0130leti\u015fim"},"content":{"rendered":"\n<p><iframe loading=\"lazy\" src=\"https:\/\/www.google.com\/maps\/embed?pb=!1m14!1m8!1m3!1d3007.753572083961!2d28.6243839263916!3d41.074378967285156!3m2!1i1024!2i768!4f13.1!3m3!1m2!1s0x14b5591e4af623cb%3A0x469beb67071933d1!2zw5zDpyBLYXJkZcWfbGVyIE1ldGFsIEdlcmkgRMO2bsO8xZ_DvG0!5e0!3m2!1str!2str!4v1603352675742!5m2!1str!2str\" width=\"100%\" height=\"350\" frameborder=\"0\" style=\"border:0;\" allowfullscreen=\"\" aria-hidden=\"false\" tabindex=\"0\"><\/iframe><\/p>\n\t<div id=\"gap-1795752819\" class=\"gap-element clearfix\" style=\"display:block; height:auto;\">\n\t\t\n<style>\n#gap-1795752819 {\n  padding-top: 30px;\n}\n<\/style>\n\t<\/div>\n\t\n\n<div class=\"row row-small align-equal\"  id=\"row-2102345403\">\n\n\n\t<div id=\"col-1820072636\" class=\"col medium-6 small-12 large-6\"  >\n\t\t\t\t<div class=\"col-inner box-shadow-1 box-shadow-1-hover\"  >\n\t\t\t\n\t\t\t\n\n<div class=\"container section-title-container\" ><h4 class=\"section-title section-title-normal\"><b><\/b><span class=\"section-title-main\" >\u0130leti\u015fim Bilgileri<\/span><b><\/b><\/h4><\/div>\n\n\n\t\t<div class=\"icon-box featured-box icon-box-left text-left\"  >\n\t\t\t\t\t<div class=\"icon-box-img has-icon-bg\" style=\"width: 45px\">\n\t\t\t\t<div class=\"icon\">\n\t\t\t\t\t<div class=\"icon-inner\" style=\"border-width:1px;\">\n\t\t\t\t\t\t<?xml version=\"1.0\" encoding=\"iso-8859-1\"?>\n<!-- Generator: Adobe Illustrator 21.0.0, SVG Export Plug-In . SVG Version: 6.00 Build 0)  -->\n<svg xmlns=\"http:\/\/www.w3.org\/2000\/svg\" xmlns:xlink=\"http:\/\/www.w3.org\/1999\/xlink\" version=\"1.1\" id=\"Capa_1\" x=\"0px\" y=\"0px\" viewBox=\"0 0 512 512\" style=\"enable-background:new 0 0 512 512;\" xml:space=\"preserve\" width=\"512\" height=\"512\">\n<g>\n\t<path d=\"M358.532,398.769c-11.863-4.239-25.362-7.648-39.943-10.168c9.344-10.971,19.299-23.135,29.294-36.13   c55.144-71.695,83.104-131.409,83.104-177.484C430.986,78.499,352.488,0,256,0C159.512,0,81.014,78.499,81.014,174.986   c0,46.336,27.962,106.131,83.11,177.725c9.949,12.916,19.857,25.003,29.164,35.909c-14.534,2.518-27.99,5.921-39.82,10.148   c-41.6,14.866-50.332,34.832-50.332,48.963s8.732,34.097,50.332,48.963C181.085,506.564,217.499,512,256,512   s74.915-5.436,102.533-15.306c41.599-14.866,50.331-34.832,50.331-48.963S400.132,413.635,358.532,398.769z M111.014,174.986   C111.014,95.041,176.054,30,256,30c79.945,0,144.986,65.041,144.986,144.986c0,38.691-26.511,93.643-76.666,158.911   c-26.837,34.925-53.966,64.237-68.341,79.186c-14.326-14.846-41.3-43.901-68.089-78.679   C137.597,269.113,111.014,213.987,111.014,174.986z M348.437,468.444C323.977,477.186,291.148,482,256,482   s-67.976-4.814-92.437-13.556c-22.167-7.922-30.427-16.909-30.427-20.713s8.261-12.791,30.427-20.712   c15.118-5.402,33.443-9.293,53.527-11.484c16.299,17.791,27.57,28.819,28.441,29.668l10.49,10.224l10.469-10.244   c0.87-0.851,12.094-11.878,28.336-29.652c20.117,2.188,38.473,6.078,53.612,11.488c22.166,7.921,30.427,16.908,30.427,20.712   S370.604,460.522,348.437,468.444z\"\/>\n\t<path d=\"M350.631,174.986c0-52.18-42.451-94.631-94.631-94.631c-52.179,0-94.63,42.451-94.63,94.631s42.451,94.631,94.63,94.631   C308.18,269.617,350.631,227.166,350.631,174.986z M191.37,174.986c0-35.638,28.993-64.631,64.63-64.631   c35.638,0,64.631,28.993,64.631,64.631S291.638,239.617,256,239.617C220.363,239.617,191.37,210.624,191.37,174.986z\"\/>\n<\/g>\n\n\n\n\n\n\n\n\n\n\n\n\n\n\n\n<\/svg>\n\t\t\t\t\t<\/div>\n\t\t\t\t<\/div>\n\t\t\t<\/div>\n\t\t\t\t<div class=\"icon-box-text last-reset\">\n\t\t\t\t\t\t\t\t\t\n\n<p>Ak\u00e7aburgaz Mahallesi 3040. Sokak No:22 Esenyurt \/\u0130STANBUL<\/p>\n\n\t\t<\/div>\n\t<\/div>\n\t\n\t\n\n\t\t<div class=\"icon-box featured-box icon-box-left text-left\"  >\n\t\t\t\t\t<div class=\"icon-box-img has-icon-bg\" style=\"width: 45px\">\n\t\t\t\t<div class=\"icon\">\n\t\t\t\t\t<div class=\"icon-inner\" style=\"border-width:1px;\">\n\t\t\t\t\t\t<?xml version=\"1.0\" encoding=\"iso-8859-1\"?>\r\n<!-- Generator: Adobe Illustrator 19.0.0, SVG Export Plug-In . SVG Version: 6.00 Build 0)  -->\r\n<svg version=\"1.1\" id=\"Capa_1\" xmlns=\"http:\/\/www.w3.org\/2000\/svg\" xmlns:xlink=\"http:\/\/www.w3.org\/1999\/xlink\" x=\"0px\" y=\"0px\"\r\n\t viewBox=\"0 0 512 512\" style=\"enable-background:new 0 0 512 512;\" xml:space=\"preserve\">\r\n<g>\r\n\t<g>\r\n\t\t<path d=\"M492.381,104.546c-19.646-27.033-54.05-51.433-96.876-68.703C352.91,18.667,303.454,9.169,256.245,9.101\r\n\t\t\tc-47.213-0.118-96.73,9.282-139.386,26.325c-42.9,17.141-77.387,41.435-97.104,68.404C0.817,129.733-4.641,157.652,3.97,184.569\r\n\t\t\tc5.586,17.462,21.881,29.211,40.558,29.238l63.951,0.06c0.021,0,0.042,0,0.064,0c12.752-0.001,24.733-5.583,32.875-15.322\r\n\t\t\tc8.056-9.635,11.393-22.227,9.156-34.549c-0.065-0.361-0.145-0.721-0.236-1.078l-3.365-13.082\r\n\t\t\tc18.634-8.891,60.854-26.069,109.075-25.796c48.186,0.247,90.377,17.415,109.034,26.31l-3.419,13.008\r\n\t\t\tc-0.097,0.368-0.179,0.739-0.249,1.112c-2.271,12.315,1.029,24.916,9.057,34.574c8.128,9.78,20.118,15.398,32.903,15.417\r\n\t\t\tl63.951,0.06c0.021,0,0.043,0,0.064,0c18.641-0.001,34.941-11.696,40.57-29.121C516.65,158.489,511.264,130.53,492.381,104.546z\r\n\t\t\t M478.88,176.006c-1.515,4.688-6.238,7.958-11.502,7.958c-0.005,0-0.012,0-0.018,0l-63.951-0.06\r\n\t\t\tc-3.684-0.005-7.125-1.606-9.441-4.393c-1.259-1.515-3.224-4.666-2.581-9.048l6.362-24.203c1.743-6.633-1.146-13.613-7.067-17.075\r\n\t\t\tc-2.467-1.442-61.27-35.328-134.478-35.705c-0.407-0.002-0.802-0.003-1.208-0.003c-72.737,0-131.121,33.738-133.584,35.182\r\n\t\t\tc-5.883,3.45-8.767,10.38-7.068,16.986l6.236,24.242c0.637,4.391-1.34,7.542-2.605,9.056c-2.319,2.774-5.757,4.364-9.441,4.364\r\n\t\t\tc-0.006,0-0.012,0-0.018,0l-63.952-0.06c-5.263-0.008-9.988-3.294-11.49-7.992c-5.592-17.481-1.774-35.446,11.348-53.394\r\n\t\t\tc34.857-47.676,123.657-82.207,211.302-82.207c0.156,0,0.323,0,0.479,0c87.732,0.126,176.665,34.971,211.462,82.853\r\n\t\t\tC480.754,140.524,484.529,158.523,478.88,176.006z\"\/>\r\n\t<\/g>\r\n<\/g>\r\n<g>\r\n\t<g>\r\n\t\t<path d=\"M400.595,279.807l-47.691-50.075c-2.885-3.028-6.882-4.741-11.063-4.741h-30.82v-20.823\r\n\t\t\tc0-8.438-6.84-15.278-15.278-15.278c-8.437,0-15.278,6.84-15.278,15.278v20.823h-48.922v-20.823\r\n\t\t\tc0-8.438-6.84-15.278-15.278-15.278s-15.278,6.84-15.278,15.278v20.823h-30.819c-4.181,0-8.18,1.714-11.063,4.741l-47.69,50.075\r\n\t\t\tc-37.392,39.262-57.985,90.744-57.985,144.962v62.853c0,8.438,6.84,15.278,15.278,15.278h374.592\r\n\t\t\tc8.438,0,15.278-6.84,15.278-15.278v-62.853C458.58,370.55,437.987,319.069,400.595,279.807z M83.986,472.344v-47.575\r\n\t\t\tc0-46.337,17.599-90.334,49.557-123.89l43.174-45.334h158.576l43.174,45.334c31.956,33.554,49.555,77.553,49.555,123.89v47.575\r\n\t\t\tH83.986z\"\/>\r\n\t<\/g>\r\n<\/g>\r\n<g>\r\n\t<g>\r\n\t\t<path d=\"M256.005,287.135c-44.09,0-79.959,35.87-79.959,79.959c0,44.09,35.87,79.96,79.959,79.96s79.959-35.87,79.959-79.96\r\n\t\t\tC335.964,323.004,300.095,287.135,256.005,287.135z M256.005,416.497c-27.242,0-49.403-22.162-49.403-49.404\r\n\t\t\tc0-27.241,22.162-49.403,49.403-49.403s49.403,22.162,49.403,49.403C305.408,394.335,283.246,416.497,256.005,416.497z\"\/>\r\n\t<\/g>\r\n<\/g>\r\n<g>\r\n<\/g>\r\n<g>\r\n<\/g>\r\n<g>\r\n<\/g>\r\n<g>\r\n<\/g>\r\n<g>\r\n<\/g>\r\n<g>\r\n<\/g>\r\n<g>\r\n<\/g>\r\n<g>\r\n<\/g>\r\n<g>\r\n<\/g>\r\n<g>\r\n<\/g>\r\n<g>\r\n<\/g>\r\n<g>\r\n<\/g>\r\n<g>\r\n<\/g>\r\n<g>\r\n<\/g>\r\n<g>\r\n<\/g>\r\n<\/svg>\r\n\t\t\t\t\t<\/div>\n\t\t\t\t<\/div>\n\t\t\t<\/div>\n\t\t\t\t<div class=\"icon-box-text last-reset\">\n\t\t\t\t\t\t\t\t\t\n\n<p>+90 (536) 231 56 49<br \/>+90 (212) 858 09 29<br \/>+90 (538) 636 41 01<\/p>\n\n\t\t<\/div>\n\t<\/div>\n\t\n\t\n\n\t\t<div class=\"icon-box featured-box icon-box-left text-left\"  >\n\t\t\t\t\t<div class=\"icon-box-img has-icon-bg\" style=\"width: 45px\">\n\t\t\t\t<div class=\"icon\">\n\t\t\t\t\t<div class=\"icon-inner\" style=\"border-width:1px;\">\n\t\t\t\t\t\t<?xml version=\"1.0\" encoding=\"iso-8859-1\"?>\r\n<!-- Generator: Adobe Illustrator 19.0.0, SVG Export Plug-In . SVG Version: 6.00 Build 0)  -->\r\n<svg version=\"1.1\" id=\"Capa_1\" xmlns=\"http:\/\/www.w3.org\/2000\/svg\" xmlns:xlink=\"http:\/\/www.w3.org\/1999\/xlink\" x=\"0px\" y=\"0px\"\r\n\t viewBox=\"0 0 334.8 334.8\" style=\"enable-background:new 0 0 334.8 334.8;\" xml:space=\"preserve\">\r\n<g>\r\n\t<g>\r\n\t\t<path d=\"M323.2,57.2c-4-4-8.8-6.8-14-8.8c0,0,0,0-0.4,0c-1.2-0.4-2.4-0.8-3.6-1.2c-0.4,0-0.4,0-0.8,0c-1.2-0.4-2.4-0.4-3.6-0.8\r\n\t\t\tc-0.4,0-0.8,0-0.8,0c-1.6,0-2.8-0.4-4.4-0.4h-256c-1.6,0-2.8,0-4.4,0.4c-0.4,0-0.8,0-0.8,0c-1.2,0-2.4,0.4-3.6,0.8\r\n\t\t\tc-0.4,0-0.4,0-0.8,0c-1.2,0.4-2.4,0.8-3.6,1.2c0,0,0,0-0.4,0c-5.2,2-10,5.2-14,8.8c-0.4,0-0.4,0.4-0.8,0.8\r\n\t\t\tc-0.4,0.4-0.8,0.8-1.2,1.2c-0.4,0.8-1.2,1.2-1.6,2C8,61.6,8,61.6,7.6,62c0,0,0,0.4-0.4,0.4C2.8,68.8,0,76.4,0,84.8v164.8\r\n\t\t\tc0,10.4,4,20,10.8,26.8c0,0.4,0.4,0.4,0.4,0.8c7.2,7.2,16.8,11.6,27.6,11.6h256.8c10.8,0,20.4-4.4,27.6-11.6s11.6-16.8,11.6-27.6\r\n\t\t\tV84.8C334.8,74,330.4,64.4,323.2,57.2z M35.6,66.4C36.8,66,38,66,39.2,66h256.4c1.2,0,2.4,0,3.6,0.4c1.2,0.4,2.4,0.8,3.6,1.2\r\n\t\t\tl-60.4,49.6L174.8,172l-0.4,0.4c-2,1.6-4.4,2.4-6.8,2.4c-2.4,0-4.8-0.8-6.8-2.4l-68-55.2L32,67.6C33.2,67.2,34.4,66.8,35.6,66.4z\r\n\t\t\t M314.4,249.6c0,5.2-2,9.6-5.6,13.2c-3.2,3.2-8,5.6-13.2,5.6h-256c-5.2,0-9.6-2-13.2-5.6l-0.4-0.4c-3.2-3.2-5.2-7.6-5.2-12.8V85.2\r\n\t\t\tl59.2,48l37.2,30.4l-58.4,55.6c-4,4-4.4,10.4-0.4,14.4s10.4,4.4,14.4,0.4l60.4-57.6l14.8,12c6,4.8,12.8,7.2,19.6,6.8\r\n\t\t\tc7.2,0,14-2.4,19.6-7.2l0.4-0.4L202,176l60.8,58c4,4,10.4,3.6,14.4-0.4s3.6-10.4-0.4-14.4l-58.8-56l37.2-30l59.2-48V249.6z\"\/>\r\n\t<\/g>\r\n<\/g>\r\n<g>\r\n<\/g>\r\n<g>\r\n<\/g>\r\n<g>\r\n<\/g>\r\n<g>\r\n<\/g>\r\n<g>\r\n<\/g>\r\n<g>\r\n<\/g>\r\n<g>\r\n<\/g>\r\n<g>\r\n<\/g>\r\n<g>\r\n<\/g>\r\n<g>\r\n<\/g>\r\n<g>\r\n<\/g>\r\n<g>\r\n<\/g>\r\n<g>\r\n<\/g>\r\n<g>\r\n<\/g>\r\n<g>\r\n<\/g>\r\n<\/svg>\r\n\t\t\t\t\t<\/div>\n\t\t\t\t<\/div>\n\t\t\t<\/div>\n\t\t\t\t<div class=\"icon-box-text last-reset\">\n\t\t\t\t\t\t\t\t\t\n\n<p><a href=\"mailto:info@ugdelektronikatik.com\">info@ugdelektronikatik.com<\/a><br \/><a href=\"mailto:cevre@ugdelektronikatik.com\">cevre@ugdelektronikatik.com<\/a><br \/><a href=\"mailto:satinalma@ugdelektronikatik.com\">satinalma@ugdelektronikatik.com<\/a><\/p>\n\n\t\t<\/div>\n\t<\/div>\n\t\n\t\n\t<div id=\"gap-2069110860\" class=\"gap-element clearfix\" style=\"display:block; height:auto;\">\n\t\t\n<style>\n#gap-2069110860 {\n  padding-top: 15px;\n}\n<\/style>\n\t<\/div>\n\t\n\n\t<div id=\"gap-1113121990\" class=\"gap-element clearfix\" style=\"display:block; height:auto;\">\n\t\t\n<style>\n#gap-1113121990 {\n  padding-top: 32px;\n}\n<\/style>\n\t<\/div>\n\t\n\n<div class=\"container section-title-container\" ><h4 class=\"section-title section-title-normal\"><b><\/b><span class=\"section-title-main\" >Sosyal Medya<\/span><b><\/b><\/h4><\/div>\n\n<div class=\"social-icons follow-icons\" style=\"font-size:105%\"><a href=\"#\" target=\"_blank\" data-label=\"Facebook\" class=\"icon button circle is-outline facebook tooltip\" title=\"Facebook&amp;apos; ta takip et\" aria-label=\"Facebook&amp;apos; ta takip et\" rel=\"noopener nofollow\" ><i class=\"icon-facebook\" ><\/i><\/a><a href=\"#\" target=\"_blank\" data-label=\"Instagram\" class=\"icon button circle is-outline instagram tooltip\" title=\"Instagram&amp;apos; da takip et\" aria-label=\"Instagram&amp;apos; da takip et\" rel=\"noopener nofollow\" ><i class=\"icon-instagram\" ><\/i><\/a><a href=\"#\" data-label=\"Twitter\" target=\"_blank\" class=\"icon button circle is-outline twitter tooltip\" title=\"Twitter&amp;apos; da takip et\" aria-label=\"Twitter&amp;apos; da takip et\" rel=\"noopener nofollow\" ><i class=\"icon-twitter\" ><\/i><\/a><\/div>\n\n\n\t\t<\/div>\n\t\t\t\t\n<style>\n#col-1820072636 > .col-inner {\n  padding: 25px 25px 15px 25px;\n  border-radius: 5px;\n}\n<\/style>\n\t<\/div>\n\n\t\n\n\t<div id=\"col-1518078770\" class=\"col medium-6 small-12 large-6\"  >\n\t\t\t\t<div class=\"col-inner box-shadow-1 box-shadow-1-hover\"  >\n\t\t\t\n\t\t\t\n\n<div class=\"container section-title-container\" ><h4 class=\"section-title section-title-normal\"><b><\/b><span class=\"section-title-main\" >\u0130leti\u015fim Formu<\/span><b><\/b><\/h4><\/div>\n\n\n<div class=\"wpcf7 no-js\" id=\"wpcf7-f196-o1\" lang=\"tr-TR\" dir=\"ltr\" data-wpcf7-id=\"196\">\n<div class=\"screen-reader-response\"><p role=\"status\" aria-live=\"polite\" aria-atomic=\"true\"><\/p> <ul><\/ul><\/div>\n<form action=\"\/index.php\/wp-json\/wp\/v2\/pages\/131#wpcf7-f196-o1\" method=\"post\" class=\"wpcf7-form init\" aria-label=\"\u0130leti\u015fim Formu\" novalidate=\"novalidate\" data-status=\"init\">\n<fieldset class=\"hidden-fields-container\"><input type=\"hidden\" name=\"_wpcf7\" value=\"196\" \/><input type=\"hidden\" name=\"_wpcf7_version\" value=\"6.1.4\" \/><input type=\"hidden\" name=\"_wpcf7_locale\" value=\"tr_TR\" \/><input type=\"hidden\" name=\"_wpcf7_unit_tag\" value=\"wpcf7-f196-o1\" \/><input type=\"hidden\" name=\"_wpcf7_container_post\" value=\"0\" \/><input type=\"hidden\" name=\"_wpcf7_posted_data_hash\" value=\"\" \/>\n<\/fieldset>\n<p><label> Ad\u0131n\u0131z Soyad\u0131n\u0131z*<br \/>\n<span class=\"wpcf7-form-control-wrap\" data-name=\"isim\"><input size=\"40\" maxlength=\"400\" class=\"wpcf7-form-control wpcf7-text wpcf7-validates-as-required\" aria-required=\"true\" aria-invalid=\"false\" value=\"\" type=\"text\" name=\"isim\" \/><\/span> <\/label>\n<\/p>\n<p><label> E-Posta Adresiniz*<br \/>\n<span class=\"wpcf7-form-control-wrap\" data-name=\"eposta\"><input size=\"40\" maxlength=\"400\" class=\"wpcf7-form-control wpcf7-email wpcf7-validates-as-required wpcf7-text wpcf7-validates-as-email\" aria-required=\"true\" aria-invalid=\"false\" value=\"\" type=\"email\" name=\"eposta\" \/><\/span> <\/label>\n<\/p>\n<p><label> Konu<br \/>\n<span class=\"wpcf7-form-control-wrap\" data-name=\"konu\"><input size=\"40\" maxlength=\"400\" class=\"wpcf7-form-control wpcf7-text wpcf7-validates-as-required\" aria-required=\"true\" aria-invalid=\"false\" value=\"\" type=\"text\" name=\"konu\" \/><\/span> <\/label>\n<\/p>\n<p><label> Mesaj\u0131n\u0131z<br \/>\n<span class=\"wpcf7-form-control-wrap\" data-name=\"mesaj\"><textarea cols=\"40\" rows=\"10\" maxlength=\"2000\" class=\"wpcf7-form-control wpcf7-textarea\" aria-invalid=\"false\" name=\"mesaj\"><\/textarea><\/span> <\/label>\n<\/p>\n<p><input class=\"wpcf7-form-control wpcf7-submit has-spinner\" type=\"submit\" value=\"G\u00f6nder\" \/>\n<\/p><div class=\"wpcf7-response-output\" aria-hidden=\"true\"><\/div>\n<\/form>\n<\/div>\n\n\n\n\t\t<\/div>\n\t\t\t\t\n<style>\n#col-1518078770 > .col-inner {\n  padding: 25px 25px 15px 25px;\n  border-radius: 5px;\n}\n<\/style>\n\t<\/div>\n\n\t\n\n<\/div>\n\n","protected":false},"excerpt":{"rendered":"","protected":false},"author":1,"featured_media":0,"parent":0,"menu_order":0,"comment_status":"closed","ping_status":"closed","template":"page-blank.php","meta":{"footnotes":""},"class_list":["post-131","page","type-page","status-publish","hentry"],"yoast_head":"<!-- This site is optimized with the Yoast SEO plugin v26.9 - https:\/\/yoast.com\/product\/yoast-seo-wordpress\/ -->\n<title>\u0130leti\u015fim - UGD Elektronik At\u0131k<\/title>\n<meta name=\"robots\" content=\"index, follow, max-snippet:-1, max-image-preview:large, max-video-preview:-1\" \/>\n<link rel=\"canonical\" href=\"https:\/\/ugdelektronikatik.com\/index.php\/iletisim\/\" \/>\n<meta property=\"og:locale\" content=\"tr_TR\" \/>\n<meta property=\"og:type\" content=\"article\" \/>\n<meta property=\"og:title\" content=\"\u0130leti\u015fim - UGD Elektronik At\u0131k\" \/>\n<meta property=\"og:url\" content=\"https:\/\/ugdelektronikatik.com\/index.php\/iletisim\/\" \/>\n<meta property=\"og:site_name\" content=\"UGD Elektronik At\u0131k\" \/>\n<meta property=\"article:modified_time\" content=\"2020-11-18T12:23:19+00:00\" \/>\n<meta name=\"twitter:card\" content=\"summary_large_image\" \/>\n<meta name=\"twitter:label1\" content=\"Tahmini okuma s\u00fcresi\" \/>\n\t<meta name=\"twitter:data1\" content=\"1 dakika\" \/>\n<script type=\"application\/ld+json\" class=\"yoast-schema-graph\">{\"@context\":\"https:\/\/schema.org\",\"@graph\":[{\"@type\":\"WebPage\",\"@id\":\"https:\/\/ugdelektronikatik.com\/index.php\/iletisim\/\",\"url\":\"https:\/\/ugdelektronikatik.com\/index.php\/iletisim\/\",\"name\":\"\u0130leti\u015fim - UGD Elektronik At\u0131k\",\"isPartOf\":{\"@id\":\"https:\/\/ugdelektronikatik.com\/#website\"},\"datePublished\":\"2020-10-22T06:14:03+00:00\",\"dateModified\":\"2020-11-18T12:23:19+00:00\",\"breadcrumb\":{\"@id\":\"https:\/\/ugdelektronikatik.com\/index.php\/iletisim\/#breadcrumb\"},\"inLanguage\":\"tr\",\"potentialAction\":[{\"@type\":\"ReadAction\",\"target\":[\"https:\/\/ugdelektronikatik.com\/index.php\/iletisim\/\"]}]},{\"@type\":\"BreadcrumbList\",\"@id\":\"https:\/\/ugdelektronikatik.com\/index.php\/iletisim\/#breadcrumb\",\"itemListElement\":[{\"@type\":\"ListItem\",\"position\":1,\"name\":\"Ana sayfa\",\"item\":\"https:\/\/ugdelektronikatik.com\/\"},{\"@type\":\"ListItem\",\"position\":2,\"name\":\"\u0130leti\u015fim\"}]},{\"@type\":\"WebSite\",\"@id\":\"https:\/\/ugdelektronikatik.com\/#website\",\"url\":\"https:\/\/ugdelektronikatik.com\/\",\"name\":\"UGD Elektronik At\u0131k\",\"description\":\"Bir ba\u015fka WordPress sitesi\",\"potentialAction\":[{\"@type\":\"SearchAction\",\"target\":{\"@type\":\"EntryPoint\",\"urlTemplate\":\"https:\/\/ugdelektronikatik.com\/?s={search_term_string}\"},\"query-input\":{\"@type\":\"PropertyValueSpecification\",\"valueRequired\":true,\"valueName\":\"search_term_string\"}}],\"inLanguage\":\"tr\"}]}<\/script>\n<!-- \/ Yoast SEO plugin. -->","yoast_head_json":{"title":"\u0130leti\u015fim - UGD Elektronik At\u0131k","robots":{"index":"index","follow":"follow","max-snippet":"max-snippet:-1","max-image-preview":"max-image-preview:large","max-video-preview":"max-video-preview:-1"},"canonical":"https:\/\/ugdelektronikatik.com\/index.php\/iletisim\/","og_locale":"tr_TR","og_type":"article","og_title":"\u0130leti\u015fim - UGD Elektronik At\u0131k","og_url":"https:\/\/ugdelektronikatik.com\/index.php\/iletisim\/","og_site_name":"UGD Elektronik At\u0131k","article_modified_time":"2020-11-18T12:23:19+00:00","twitter_card":"summary_large_image","twitter_misc":{"Tahmini okuma s\u00fcresi":"1 dakika"},"schema":{"@context":"https:\/\/schema.org","@graph":[{"@type":"WebPage","@id":"https:\/\/ugdelektronikatik.com\/index.php\/iletisim\/","url":"https:\/\/ugdelektronikatik.com\/index.php\/iletisim\/","name":"\u0130leti\u015fim - UGD Elektronik At\u0131k","isPartOf":{"@id":"https:\/\/ugdelektronikatik.com\/#website"},"datePublished":"2020-10-22T06:14:03+00:00","dateModified":"2020-11-18T12:23:19+00:00","breadcrumb":{"@id":"https:\/\/ugdelektronikatik.com\/index.php\/iletisim\/#breadcrumb"},"inLanguage":"tr","potentialAction":[{"@type":"ReadAction","target":["https:\/\/ugdelektronikatik.com\/index.php\/iletisim\/"]}]},{"@type":"BreadcrumbList","@id":"https:\/\/ugdelektronikatik.com\/index.php\/iletisim\/#breadcrumb","itemListElement":[{"@type":"ListItem","position":1,"name":"Ana sayfa","item":"https:\/\/ugdelektronikatik.com\/"},{"@type":"ListItem","position":2,"name":"\u0130leti\u015fim"}]},{"@type":"WebSite","@id":"https:\/\/ugdelektronikatik.com\/#website","url":"https:\/\/ugdelektronikatik.com\/","name":"UGD Elektronik At\u0131k","description":"Bir ba\u015fka WordPress sitesi","potentialAction":[{"@type":"SearchAction","target":{"@type":"EntryPoint","urlTemplate":"https:\/\/ugdelektronikatik.com\/?s={search_term_string}"},"query-input":{"@type":"PropertyValueSpecification","valueRequired":true,"valueName":"search_term_string"}}],"inLanguage":"tr"}]}},"_links":{"self":[{"href":"https:\/\/ugdelektronikatik.com\/index.php\/wp-json\/wp\/v2\/pages\/131","targetHints":{"allow":["GET"]}}],"collection":[{"href":"https:\/\/ugdelektronikatik.com\/index.php\/wp-json\/wp\/v2\/pages"}],"about":[{"href":"https:\/\/ugdelektronikatik.com\/index.php\/wp-json\/wp\/v2\/types\/page"}],"author":[{"embeddable":true,"href":"https:\/\/ugdelektronikatik.com\/index.php\/wp-json\/wp\/v2\/users\/1"}],"replies":[{"embeddable":true,"href":"https:\/\/ugdelektronikatik.com\/index.php\/wp-json\/wp\/v2\/comments?post=131"}],"version-history":[{"count":19,"href":"https:\/\/ugdelektronikatik.com\/index.php\/wp-json\/wp\/v2\/pages\/131\/revisions"}],"predecessor-version":[{"id":328,"href":"https:\/\/ugdelektronikatik.com\/index.php\/wp-json\/wp\/v2\/pages\/131\/revisions\/328"}],"wp:attachment":[{"href":"https:\/\/ugdelektronikatik.com\/index.php\/wp-json\/wp\/v2\/media?parent=131"}],"curies":[{"name":"wp","href":"https:\/\/api.w.org\/{rel}","templated":true}]}}