{"id":117,"date":"2020-10-21T17:35:11","date_gmt":"2020-10-21T14:35:11","guid":{"rendered":"https:\/\/ugdelektronikatik.com\/?page_id=117"},"modified":"2020-11-04T17:22:20","modified_gmt":"2020-11-04T14:22:20","slug":"hakkimizda","status":"publish","type":"page","link":"https:\/\/ugdelektronikatik.com\/index.php\/hakkimizda\/","title":{"rendered":"Hakk\u0131m\u0131zda"},"content":{"rendered":"\n<div class=\"row\"  id=\"row-1015583117\">\n\n\n\t<div id=\"col-1607133718\" class=\"col small-12 large-12\"  >\n\t\t\t\t<div class=\"col-inner\"  >\n\t\t\t\n\t\t\t\n\n\t<div class=\"img has-hover x md-x lg-x y md-y lg-y\" id=\"image_1944841630\">\n\t\t\t\t\t\t\t\t<div class=\"img-inner dark\" >\n\t\t\t<img loading=\"lazy\" decoding=\"async\" width=\"1920\" height=\"500\" src=\"https:\/\/ugdelektronikatik.com\/wp-content\/uploads\/2020\/10\/Elektronik-Atik-Banner-2020.jpg\" class=\"attachment-original size-original\" alt=\"Elektronik At\u0131k Ba\" srcset=\"https:\/\/ugdelektronikatik.com\/wp-content\/uploads\/2020\/10\/Elektronik-Atik-Banner-2020.jpg 1920w, https:\/\/ugdelektronikatik.com\/wp-content\/uploads\/2020\/10\/Elektronik-Atik-Banner-2020-300x78.jpg 300w, https:\/\/ugdelektronikatik.com\/wp-content\/uploads\/2020\/10\/Elektronik-Atik-Banner-2020-1024x267.jpg 1024w, https:\/\/ugdelektronikatik.com\/wp-content\/uploads\/2020\/10\/Elektronik-Atik-Banner-2020-768x200.jpg 768w, https:\/\/ugdelektronikatik.com\/wp-content\/uploads\/2020\/10\/Elektronik-Atik-Banner-2020-1536x400.jpg 1536w\" sizes=\"auto, (max-width: 1920px) 100vw, 1920px\" \/>\t\t\t\t\t\t\n\t\t\t\t\t<\/div>\n\t\t\t\t\t\t\t\t\n<style>\n#image_1944841630 {\n  width: 100%;\n}\n<\/style>\n\t<\/div>\n\t\n\n<p><span style=\"color: #333333;\">UGD Elektronik olarak 1995 y\u0131l\u0131ndan bu yana \u00c7evre ve \u015eehircilik Bakanl\u0131\u011f\u0131 taraf\u0131ndan izinli ve lisansl\u0131 olarak elektronik at\u0131k ve geri d\u00f6n\u00fc\u015f\u00fcm alan\u0131nda hizmet vermekteyiz.<\/span><\/p>\n<p><span style=\"color: #333333;\">G\u00fcn\u00fcm\u00fczde, \u00e7evre konusunda yap\u0131lan \u00e7al\u0131\u015fmalar\u0131n bilim ve teknolojideki geli\u015fmelere paralel olarak gitmesi, eski geleneksel y\u00f6ntemlerle \u00e7evreyi korumak ad\u0131na yap\u0131lan \u00e7al\u0131\u015fmalar\u0131n, \u00e7evreye daha fazla zarar verebilece\u011finin bilinciyle, UGD, tamamen konusunda deneyimli, bu konularda y\u00fcksek \u00f6\u011frenim g\u00f6rm\u00fc\u015f ve kendini geli\u015ftirmeyi hedefleyen personelle \u00e7al\u0131\u015fmay\u0131 ilke edinmi\u015ftir. S\u00fcrekli geli\u015fen kadromuzda, disiplinleraras\u0131 \u00e7al\u0131\u015fmay\u0131 sa\u011flayacak \u015fekilde, \u00c7evre, Kimya, Makina, Elektrik, Elektronik, Ziraat, Jeoloji gibi m\u00fchendislik dallar\u0131nda e\u011fitim g\u00f6rm\u00fc\u015f personeller \u00e7al\u0131\u015fmaktad\u0131r. UGD\u2019n\u0131n fark\u0131n\u0131 yaratan da insan kaynaklar\u0131m\u0131z konusunda iddial\u0131 olu\u015fumuzdur. UGD ekibi, t\u00fcm projeleri etkili ve g\u00fcvenli bir \u015fekilde y\u00fcr\u00fctmek i\u00e7in yeni ve yarat\u0131c\u0131 \u00e7\u00f6z\u00fcmleri ara\u015ft\u0131rmaktad\u0131r. M\u00fc\u015fterilerimizin \u00e7evresel maliyetlerini azaltmak ve sorumluluklar\u0131n\u0131 yerine getirmelerini sa\u011flama taahh\u00fctlerimiz, at\u0131klar\u0131n g\u00f6m\u00fclmesi veya yak\u0131lmas\u0131 \u015feklinde bertaraf\u0131ndan \u00e7ok, at\u0131k minimizasyonu, kayna\u011f\u0131nda geri kazan\u0131m, yeniden kullan\u0131m alanlar\u0131ndaki \u00e7\u00f6z\u00fcmlerimizi daha geni\u015f bir m\u00fc\u015fteri kitlesine ula\u015ft\u0131rmaya odaklanmam\u0131z\u0131 sa\u011flamaktad\u0131r.<\/span><\/p>\n\n\t\t<\/div>\n\t\t\t\t\t<\/div>\n\n\t\n\n<\/div>\n\n","protected":false},"excerpt":{"rendered":"","protected":false},"author":1,"featured_media":0,"parent":0,"menu_order":0,"comment_status":"closed","ping_status":"closed","template":"","meta":{"footnotes":""},"class_list":["post-117","page","type-page","status-publish","hentry"],"yoast_head":"<!-- This site is optimized with the Yoast SEO plugin v26.9 - https:\/\/yoast.com\/product\/yoast-seo-wordpress\/ -->\n<title>Hakk\u0131m\u0131zda - UGD Elektronik At\u0131k<\/title>\n<meta name=\"robots\" content=\"index, follow, max-snippet:-1, max-image-preview:large, max-video-preview:-1\" \/>\n<link rel=\"canonical\" href=\"https:\/\/ugdelektronikatik.com\/index.php\/hakkimizda\/\" \/>\n<meta property=\"og:locale\" content=\"tr_TR\" \/>\n<meta property=\"og:type\" content=\"article\" \/>\n<meta property=\"og:title\" content=\"Hakk\u0131m\u0131zda - UGD Elektronik At\u0131k\" \/>\n<meta property=\"og:url\" content=\"https:\/\/ugdelektronikatik.com\/index.php\/hakkimizda\/\" \/>\n<meta property=\"og:site_name\" content=\"UGD Elektronik At\u0131k\" \/>\n<meta property=\"article:modified_time\" content=\"2020-11-04T14:22:20+00:00\" \/>\n<meta name=\"twitter:card\" content=\"summary_large_image\" \/>\n<meta name=\"twitter:label1\" content=\"Tahmini okuma s\u00fcresi\" \/>\n\t<meta name=\"twitter:data1\" content=\"1 dakika\" \/>\n<script type=\"application\/ld+json\" class=\"yoast-schema-graph\">{\"@context\":\"https:\/\/schema.org\",\"@graph\":[{\"@type\":\"WebPage\",\"@id\":\"https:\/\/ugdelektronikatik.com\/index.php\/hakkimizda\/\",\"url\":\"https:\/\/ugdelektronikatik.com\/index.php\/hakkimizda\/\",\"name\":\"Hakk\u0131m\u0131zda - UGD Elektronik At\u0131k\",\"isPartOf\":{\"@id\":\"https:\/\/ugdelektronikatik.com\/#website\"},\"datePublished\":\"2020-10-21T14:35:11+00:00\",\"dateModified\":\"2020-11-04T14:22:20+00:00\",\"breadcrumb\":{\"@id\":\"https:\/\/ugdelektronikatik.com\/index.php\/hakkimizda\/#breadcrumb\"},\"inLanguage\":\"tr\",\"potentialAction\":[{\"@type\":\"ReadAction\",\"target\":[\"https:\/\/ugdelektronikatik.com\/index.php\/hakkimizda\/\"]}]},{\"@type\":\"BreadcrumbList\",\"@id\":\"https:\/\/ugdelektronikatik.com\/index.php\/hakkimizda\/#breadcrumb\",\"itemListElement\":[{\"@type\":\"ListItem\",\"position\":1,\"name\":\"Ana sayfa\",\"item\":\"https:\/\/ugdelektronikatik.com\/\"},{\"@type\":\"ListItem\",\"position\":2,\"name\":\"Hakk\u0131m\u0131zda\"}]},{\"@type\":\"WebSite\",\"@id\":\"https:\/\/ugdelektronikatik.com\/#website\",\"url\":\"https:\/\/ugdelektronikatik.com\/\",\"name\":\"UGD Elektronik At\u0131k\",\"description\":\"Bir ba\u015fka WordPress sitesi\",\"potentialAction\":[{\"@type\":\"SearchAction\",\"target\":{\"@type\":\"EntryPoint\",\"urlTemplate\":\"https:\/\/ugdelektronikatik.com\/?s={search_term_string}\"},\"query-input\":{\"@type\":\"PropertyValueSpecification\",\"valueRequired\":true,\"valueName\":\"search_term_string\"}}],\"inLanguage\":\"tr\"}]}<\/script>\n<!-- \/ Yoast SEO plugin. -->","yoast_head_json":{"title":"Hakk\u0131m\u0131zda - UGD Elektronik At\u0131k","robots":{"index":"index","follow":"follow","max-snippet":"max-snippet:-1","max-image-preview":"max-image-preview:large","max-video-preview":"max-video-preview:-1"},"canonical":"https:\/\/ugdelektronikatik.com\/index.php\/hakkimizda\/","og_locale":"tr_TR","og_type":"article","og_title":"Hakk\u0131m\u0131zda - UGD Elektronik At\u0131k","og_url":"https:\/\/ugdelektronikatik.com\/index.php\/hakkimizda\/","og_site_name":"UGD Elektronik At\u0131k","article_modified_time":"2020-11-04T14:22:20+00:00","twitter_card":"summary_large_image","twitter_misc":{"Tahmini okuma s\u00fcresi":"1 dakika"},"schema":{"@context":"https:\/\/schema.org","@graph":[{"@type":"WebPage","@id":"https:\/\/ugdelektronikatik.com\/index.php\/hakkimizda\/","url":"https:\/\/ugdelektronikatik.com\/index.php\/hakkimizda\/","name":"Hakk\u0131m\u0131zda - UGD Elektronik At\u0131k","isPartOf":{"@id":"https:\/\/ugdelektronikatik.com\/#website"},"datePublished":"2020-10-21T14:35:11+00:00","dateModified":"2020-11-04T14:22:20+00:00","breadcrumb":{"@id":"https:\/\/ugdelektronikatik.com\/index.php\/hakkimizda\/#breadcrumb"},"inLanguage":"tr","potentialAction":[{"@type":"ReadAction","target":["https:\/\/ugdelektronikatik.com\/index.php\/hakkimizda\/"]}]},{"@type":"BreadcrumbList","@id":"https:\/\/ugdelektronikatik.com\/index.php\/hakkimizda\/#breadcrumb","itemListElement":[{"@type":"ListItem","position":1,"name":"Ana sayfa","item":"https:\/\/ugdelektronikatik.com\/"},{"@type":"ListItem","position":2,"name":"Hakk\u0131m\u0131zda"}]},{"@type":"WebSite","@id":"https:\/\/ugdelektronikatik.com\/#website","url":"https:\/\/ugdelektronikatik.com\/","name":"UGD Elektronik At\u0131k","description":"Bir ba\u015fka WordPress sitesi","potentialAction":[{"@type":"SearchAction","target":{"@type":"EntryPoint","urlTemplate":"https:\/\/ugdelektronikatik.com\/?s={search_term_string}"},"query-input":{"@type":"PropertyValueSpecification","valueRequired":true,"valueName":"search_term_string"}}],"inLanguage":"tr"}]}},"_links":{"self":[{"href":"https:\/\/ugdelektronikatik.com\/index.php\/wp-json\/wp\/v2\/pages\/117","targetHints":{"allow":["GET"]}}],"collection":[{"href":"https:\/\/ugdelektronikatik.com\/index.php\/wp-json\/wp\/v2\/pages"}],"about":[{"href":"https:\/\/ugdelektronikatik.com\/index.php\/wp-json\/wp\/v2\/types\/page"}],"author":[{"embeddable":true,"href":"https:\/\/ugdelektronikatik.com\/index.php\/wp-json\/wp\/v2\/users\/1"}],"replies":[{"embeddable":true,"href":"https:\/\/ugdelektronikatik.com\/index.php\/wp-json\/wp\/v2\/comments?post=117"}],"version-history":[{"count":6,"href":"https:\/\/ugdelektronikatik.com\/index.php\/wp-json\/wp\/v2\/pages\/117\/revisions"}],"predecessor-version":[{"id":250,"href":"https:\/\/ugdelektronikatik.com\/index.php\/wp-json\/wp\/v2\/pages\/117\/revisions\/250"}],"wp:attachment":[{"href":"https:\/\/ugdelektronikatik.com\/index.php\/wp-json\/wp\/v2\/media?parent=117"}],"curies":[{"name":"wp","href":"https:\/\/api.w.org\/{rel}","templated":true}]}}